{"id":31,"date":"2023-04-20T11:47:35","date_gmt":"2023-04-20T11:47:35","guid":{"rendered":"https:\/\/dummy.xtemos.com\/woodmart2\/furniture2-elementor\/?page_id=31"},"modified":"2026-04-07T12:02:14","modified_gmt":"2026-04-07T12:02:14","slug":"o-nas","status":"publish","type":"page","link":"https:\/\/www.jkg-meble.pl\/index.php\/o-nas\/","title":{"rendered":"O nas"},"content":{"rendered":"\t\t<div data-elementor-type=\"wp-page\" data-elementor-id=\"31\" class=\"elementor elementor-31\">\n\t\t\t\t<div class=\"wd-negative-gap elementor-element elementor-element-558899b e-flex e-con-boxed e-con e-parent\" data-id=\"558899b\" data-element_type=\"container\" data-e-type=\"container\">\n\t\t\t\t\t<div class=\"e-con-inner\">\n\t\t<div class=\"elementor-element elementor-element-9aff3ab e-con-full e-flex e-con e-child\" data-id=\"9aff3ab\" data-element_type=\"container\" data-e-type=\"container\">\n\t\t\t\t<div class=\"elementor-element elementor-element-49b9a13 elementor-widget elementor-widget-wd_text_block\" data-id=\"49b9a13\" data-element_type=\"widget\" data-e-type=\"widget\" data-widget_type=\"wd_text_block.default\">\n\t\t\t\t<div class=\"elementor-widget-container\">\n\t\t\t\t\t\t\t<div class=\"wd-text-block reset-last-child text-left\">\n\t\t\t\n\t\t\t<p data-start=\"0\" data-end=\"383\"><span style=\"color: #000000;\">Jeste\u015bmy producentem mebli do jadalni, tworzonych z my\u015bl\u0105 o codziennym komforcie, funkcjonalno\u015bci oraz estetyce. Od pocz\u0105tku naszej dzia\u0142alno\u015bci stawiamy na rozwi\u0105zania, kt\u00f3re nie tylko dobrze si\u0119 prezentuj\u0105, ale s\u0105 tak\u017ce praktyczne i trwa\u0142e w u\u017cytkowaniu. W naszej ofercie znajduj\u0105 si\u0119 meble, kt\u00f3re pomagaj\u0105 stworzy\u0107 przytuln\u0105, wygodn\u0105 i dopasowan\u0105 do potrzeb domownik\u00f3w przestrze\u0144.<\/span><\/p><p data-start=\"385\" data-end=\"747\"><span style=\"color: #000000;\">Nasz\u0105 najwi\u0119ksz\u0105 przewag\u0105 jest mo\u017cliwo\u015b\u0107 wykonywania mebli na wymiar. Dzi\u0119ki temu mo\u017cemy idealnie dopasowa\u0107 ka\u017cdy model do konkretnego wn\u0119trza, jego uk\u0142adu oraz indywidualnych oczekiwa\u0144 klienta. Rozumiemy, \u017ce ka\u017cde mieszkanie i ka\u017cdy dom s\u0105 inne, dlatego oferujemy elastyczne podej\u015bcie do produkcji i realizujemy zam\u00f3wienia zgodnie z potrzebami naszych klient\u00f3w.<\/span><\/p><p data-start=\"749\" data-end=\"1085\"><span style=\"color: #000000;\">Produkcj\u0105 mebli zajmujemy si\u0119 od 2019 roku. Przez ten czas zdobyli\u015bmy do\u015bwiadczenie, kt\u00f3re pozwala nam \u0142\u0105czy\u0107 jako\u015b\u0107 wykonania z dba\u0142o\u015bci\u0105 o detale i estetyczne wyko\u0144czenie. Nasze meble trafiaj\u0105 do klient\u00f3w w Polsce oraz w wielu krajach Europy, co jest dla nas potwierdzeniem zaufania i satysfakcji os\u00f3b, kt\u00f3re wybieraj\u0105 nasze produkty.<\/span><\/p><p data-start=\"1087\" data-end=\"1442\"><span style=\"color: #000000;\">Stawiamy na solidne wykonanie, staranny dob\u00f3r materia\u0142\u00f3w oraz rozwi\u0105zania, kt\u00f3re sprawdzaj\u0105 si\u0119 w codziennym u\u017cytkowaniu. Zale\u017cy nam na tym, aby ka\u017cdy klient otrzyma\u0142 mebel dopasowany nie tylko do swojego wn\u0119trza, ale tak\u017ce do w\u0142asnego stylu \u017cycia. Tworzymy meble, kt\u00f3re maj\u0105 s\u0142u\u017cy\u0107 przez lata, zapewniaj\u0105c wygod\u0119, trwa\u0142o\u015b\u0107 i estetyk\u0119 na wysokim poziomie.<\/span><\/p><p data-start=\"271\" data-end=\"651\"><span style=\"color: #000000;\">Rozumiemy, \u017ce ka\u017cda kuchnia i jadalnia s\u0105 inne, dlatego stawiamy na elastyczno\u015b\u0107 w produkcji. Dzi\u0119ki temu jeste\u015bmy w stanie spe\u0142nia\u0107 oczekiwania naszych klient\u00f3w, oferuj\u0105c meble, kt\u00f3re nie tylko dobrze si\u0119 prezentuj\u0105, ale r\u00f3wnie\u017c pozwalaj\u0105 maksymalnie wykorzysta\u0107 dost\u0119pn\u0105 przestrze\u0144. Tworzymy rozwi\u0105zania dopasowane do stylu \u017cycia, wielko\u015bci pomieszczenia i oczekiwa\u0144 domownik\u00f3w.<\/span><\/p>\n\t\t\t\t\t<\/div>\n\t\t\t\t\t\t<\/div>\n\t\t\t\t<\/div>\n\t\t\t\t<\/div>\n\t\t<div class=\"elementor-element elementor-element-af8043f e-con-full e-flex e-con e-child\" data-id=\"af8043f\" data-element_type=\"container\" data-e-type=\"container\">\n\t\t\t\t<\/div>\n\t\t\t\t\t<\/div>\n\t\t\t\t<\/div>\n\t\t\t\t<\/div>\n\t\t","protected":false},"excerpt":{"rendered":"<p>Jeste\u015bmy producentem mebli do jadalni, tworzonych z my\u015bl\u0105 o codziennym komforcie, funkcjonalno\u015bci oraz estetyce. Od pocz\u0105tku naszej dzia\u0142alno\u015bci stawiamy na<\/p>\n","protected":false},"author":1,"featured_media":0,"parent":0,"menu_order":0,"comment_status":"closed","ping_status":"closed","template":"","meta":{"footnotes":""},"class_list":["post-31","page","type-page","status-publish","hentry"],"jetpack_sharing_enabled":true,"_links":{"self":[{"href":"https:\/\/www.jkg-meble.pl\/index.php\/wp-json\/wp\/v2\/pages\/31","targetHints":{"allow":["GET"]}}],"collection":[{"href":"https:\/\/www.jkg-meble.pl\/index.php\/wp-json\/wp\/v2\/pages"}],"about":[{"href":"https:\/\/www.jkg-meble.pl\/index.php\/wp-json\/wp\/v2\/types\/page"}],"author":[{"embeddable":true,"href":"https:\/\/www.jkg-meble.pl\/index.php\/wp-json\/wp\/v2\/users\/1"}],"replies":[{"embeddable":true,"href":"https:\/\/www.jkg-meble.pl\/index.php\/wp-json\/wp\/v2\/comments?post=31"}],"version-history":[{"count":7,"href":"https:\/\/www.jkg-meble.pl\/index.php\/wp-json\/wp\/v2\/pages\/31\/revisions"}],"predecessor-version":[{"id":30653,"href":"https:\/\/www.jkg-meble.pl\/index.php\/wp-json\/wp\/v2\/pages\/31\/revisions\/30653"}],"wp:attachment":[{"href":"https:\/\/www.jkg-meble.pl\/index.php\/wp-json\/wp\/v2\/media?parent=31"}],"curies":[{"name":"wp","href":"https:\/\/api.w.org\/{rel}","templated":true}]}}