{"id":29034,"date":"2025-05-03T17:43:13","date_gmt":"2025-05-03T17:43:13","guid":{"rendered":"https:\/\/www.jkg-meble.pl\/?post_type=product&#038;p=29034"},"modified":"2026-04-13T06:12:07","modified_gmt":"2026-04-13T06:12:07","slug":"naroznik-kuchenny-barcelona","status":"publish","type":"product","link":"https:\/\/www.jkg-meble.pl\/index.php\/produkt\/naroznik-kuchenny-barcelona\/","title":{"rendered":"Naro\u017cnik kuchenny Barcelona"},"content":{"rendered":"\t\t<div data-elementor-type=\"wp-post\" data-elementor-id=\"29034\" class=\"elementor elementor-29034\">\n\t\t\t\t<div class=\"wd-negative-gap elementor-element elementor-element-7847b9f9 e-flex e-con-boxed e-con e-parent\" data-id=\"7847b9f9\" data-element_type=\"container\" data-e-type=\"container\">\n\t\t\t\t\t<div class=\"e-con-inner\">\n\t\t\t\t<div class=\"elementor-element elementor-element-6aa23336 color-scheme-inherit text-left elementor-widget elementor-widget-text-editor\" data-id=\"6aa23336\" data-element_type=\"widget\" data-e-type=\"widget\" data-widget_type=\"text-editor.default\">\n\t\t\t\t\t\t\t\t\t<p>Naro\u017cnik <strong>Barcelona<\/strong> to stylowy mebel kuchenny, kt\u00f3ry \u0142\u0105czy <strong>prosty design<\/strong> z wysokim komfortem u\u017cytkowania. \u015awietnie odnajduje si\u0119 zar\u00f3wno w nowoczesnych, jak i klasycznych aran\u017cacjach, zapewniaj\u0105c wygod\u0119 i elegancki wygl\u0105d.<\/p><h3>Charakterystyka naro\u017cnika Barcelona<\/h3><section class=\"text-token-text-primary w-full focus:outline-none [--shadow-height:45px] has-data-writing-block:pointer-events-none has-data-writing-block:-mt-(--shadow-height) has-data-writing-block:pt-(--shadow-height) [&amp;:has([data-writing-block])&gt;*]:pointer-events-auto scroll-mt-(--header-height)\" dir=\"auto\" data-turn-id=\"6fe32b61-cb6f-48a8-887f-a4022477ac7d\" data-testid=\"conversation-turn-51\" data-scroll-anchor=\"false\" data-turn=\"user\"><\/section><section class=\"text-token-text-primary w-full focus:outline-none [--shadow-height:45px] has-data-writing-block:pointer-events-none has-data-writing-block:-mt-(--shadow-height) has-data-writing-block:pt-(--shadow-height) [&amp;:has([data-writing-block])&gt;*]:pointer-events-auto scroll-mt-[calc(var(--header-height)+min(200px,max(70px,20svh)))]\" dir=\"auto\" data-turn-id=\"request-69bbf599-3be0-8397-a53c-a55788d17201-0\" data-testid=\"conversation-turn-52\" data-scroll-anchor=\"true\" data-turn=\"assistant\"><div class=\"text-base my-auto mx-auto pb-10 [--thread-content-margin:var(--thread-content-margin-xs,calc(var(--spacing)*4))] @w-sm\/main:[--thread-content-margin:var(--thread-content-margin-sm,calc(var(--spacing)*6))] @w-lg\/main:[--thread-content-margin:var(--thread-content-margin-lg,calc(var(--spacing)*16))] px-(--thread-content-margin)\"><div class=\"[--thread-content-max-width:40rem] @w-lg\/main:[--thread-content-max-width:48rem] mx-auto max-w-(--thread-content-max-width) flex-1 group\/turn-messages focus-visible:outline-hidden relative flex w-full min-w-0 flex-col agent-turn\"><div class=\"flex max-w-full flex-col gap-4 grow\"><div class=\"min-h-8 text-message relative flex w-full flex-col items-end gap-2 text-start break-words whitespace-normal outline-none keyboard-focused:focus-ring [.text-message+&amp;]:mt-1\" dir=\"auto\" tabindex=\"0\" data-message-author-role=\"assistant\" data-message-id=\"4f159bb4-c1a3-4878-8d7a-0a7eb7fdb6d9\" data-message-model-slug=\"gpt-5-4-thinking\" data-turn-start-message=\"true\"><div class=\"flex w-full flex-col gap-1 empty:hidden\"><div class=\"markdown prose dark:prose-invert w-full wrap-break-word light markdown-new-styling\"><ul data-start=\"0\" data-end=\"1088\" data-is-last-node=\"\" data-is-only-node=\"\"><li data-section-id=\"146zbbq\" data-start=\"0\" data-end=\"112\">\ud83d\udccf <strong data-start=\"5\" data-end=\"57\">Naro\u017cnik do kuchni lub jadalni na dowolny wymiar<\/strong> \u2013 idealne dopasowanie mebla do dost\u0119pnej przestrzeni<\/li><li data-section-id=\"14dgy4u\" data-start=\"113\" data-end=\"194\">\u2194\ufe0f <strong data-start=\"118\" data-end=\"142\">Naro\u017cnik uniwersalny<\/strong> \u2013 mo\u017cliwo\u015b\u0107 wyboru wersji prawej lub lewej strony<\/li><li data-section-id=\"mvmcmm\" data-start=\"195\" data-end=\"316\">\ud83d\udce6 <strong data-start=\"200\" data-end=\"245\">Praktyczne i du\u017ce schowki pod siedziskami<\/strong> \u2013 wygodne miejsce do przechowywania tekstyli\u00f3w i domowych akcesori\u00f3w<\/li><li data-section-id=\"kcmueu\" data-start=\"317\" data-end=\"429\">\u2601\ufe0f <strong data-start=\"322\" data-end=\"371\">Wysokiej jako\u015bci wysoko-elastyczna pianka T30<\/strong> \u2013 komfortowe, spr\u0119\u017cyste i wygodne siedzisko na co dzie\u0144<\/li><li data-section-id=\"1br9qmi\" data-start=\"430\" data-end=\"564\">\ud83e\uddf5 <strong data-start=\"435\" data-end=\"457\">Mebel wolnostoj\u0105cy<\/strong> \u2013 ty\u0142 naro\u017cnika obity t\u0105 sam\u0105 tkanin\u0105, dzi\u0119ki czemu \u015bwietnie prezentuje si\u0119 tak\u017ce w otwartej przestrzeni<\/li><li data-section-id=\"olsske\" data-start=\"565\" data-end=\"682\">\u2728 <strong data-start=\"569\" data-end=\"627\">Dekoracyjne dwupoziomowe pikowania guzikowe na oparciu<\/strong> \u2013 elegancki detal podkre\u015blaj\u0105cy wyj\u0105tkowy styl mebla<\/li><li data-section-id=\"1asb5nj\" data-start=\"683\" data-end=\"769\">\ud83d\udecb\ufe0f <strong data-start=\"689\" data-end=\"714\">Mocna tkanina w cenie<\/strong> \u2013 trwa\u0142e i estetyczne obicie bez dodatkowych koszt\u00f3w<\/li><li data-section-id=\"q8akko\" data-start=\"770\" data-end=\"869\">\ud83c\udfa8 <strong data-start=\"775\" data-end=\"805\">Szeroka gama kolorystyczna<\/strong> \u2013 \u0142atwe dopasowanie naro\u017cnika do aran\u017cacji kuchni lub jadalni<\/li><li data-section-id=\"76xxie\" data-start=\"870\" data-end=\"980\">\ud83e\udeb5 <strong data-start=\"875\" data-end=\"911\">Drewniane nogi z drewna bukowego<\/strong> \u2013 mo\u017cliwo\u015b\u0107 wyboru koloru, aby idealnie dopasowa\u0107 mebel do wn\u0119trza<\/li><li data-section-id=\"q5tei1\" data-start=\"981\" data-end=\"1088\" data-is-last-node=\"\">\ud83c\uddf5\ud83c\uddf1 <strong data-start=\"988\" data-end=\"1022\">Polski lokalny producent mebli<\/strong> \u2013 wysoka jako\u015b\u0107 wykonania i bardzo dobry stosunek ceny do jako\u015bci<\/li><\/ul><\/div><\/div><\/div><\/div><\/div><\/div><\/section><p><strong>Zam\u00f3w naro\u017cnik Barcelona i ciesz si\u0119 komfortem, funkcjonalno\u015bci\u0105 i pi\u0119knym designem w swojej kuchni.<\/strong><br \/>Produkujemy naro\u017cniki na wymiar z dba\u0142o\u015bci\u0105 o ka\u017cdy szczeg\u00f3\u0142.<\/p><h2>Wymiary:<\/h2><ul><li><strong>Szeroko\u015b\u0107: mo\u017cemy wykona\u0107 dowolny rozmiar<\/strong><\/li><li><strong>G\u0142\u0119boko\u015b\u0107:\u00a0 mo\u017cemy wykona\u0107 dowolny rozmiar<\/strong><\/li><li><strong>Wysoko\u015b\u0107 mebla: 88cm<\/strong><\/li><li><strong>Wysoko\u015b\u0107 siedziska: 48cm<\/strong><\/li><li><strong>G\u0142\u0119boko\u015b\u0107 siedziska: 42cm<\/strong><\/li><li><strong>G\u0142\u0119boko\u015b\u0107 mebla: 55cm<\/strong><\/li><li><strong>Wysoko\u015b\u0107 n\u00f3\u017cek: 9cm<\/strong><\/li><li><strong>G\u0142\u0119boko\u015b\u0107 schowka: 29cm<\/strong><\/li><\/ul>\t\t\t\t\t\t\t\t<\/div>\n\t\t\t\t\t<\/div>\n\t\t\t\t<\/div>\n\t\t\t\t<\/div>\n\t\t","protected":false},"excerpt":{"rendered":"<p>Naro\u017cnik Barcelona to stylowy mebel kuchenny, kt\u00f3ry \u0142\u0105czy prosty design z wysokim komfortem u\u017cytkowania. \u015awietnie odnajduje si\u0119 zar\u00f3wno w nowoczesnych,<\/p>\n","protected":false},"featured_media":29940,"template":"","meta":[],"product_brand":[],"product_cat":[270],"product_tag":[],"class_list":{"0":"post-29034","1":"product","2":"type-product","3":"status-publish","4":"has-post-thumbnail","6":"product_cat-narozniki-kuchenne","8":"first","9":"instock","10":"featured","11":"taxable","12":"shipping-taxable","13":"purchasable","14":"product-type-simple"},"jetpack_sharing_enabled":true,"_links":{"self":[{"href":"https:\/\/www.jkg-meble.pl\/index.php\/wp-json\/wp\/v2\/product\/29034","targetHints":{"allow":["GET"]}}],"collection":[{"href":"https:\/\/www.jkg-meble.pl\/index.php\/wp-json\/wp\/v2\/product"}],"about":[{"href":"https:\/\/www.jkg-meble.pl\/index.php\/wp-json\/wp\/v2\/types\/product"}],"version-history":[{"count":8,"href":"https:\/\/www.jkg-meble.pl\/index.php\/wp-json\/wp\/v2\/product\/29034\/revisions"}],"predecessor-version":[{"id":30408,"href":"https:\/\/www.jkg-meble.pl\/index.php\/wp-json\/wp\/v2\/product\/29034\/revisions\/30408"}],"wp:featuredmedia":[{"embeddable":true,"href":"https:\/\/www.jkg-meble.pl\/index.php\/wp-json\/wp\/v2\/media\/29940"}],"wp:attachment":[{"href":"https:\/\/www.jkg-meble.pl\/index.php\/wp-json\/wp\/v2\/media?parent=29034"}],"wp:term":[{"taxonomy":"product_brand","embeddable":true,"href":"https:\/\/www.jkg-meble.pl\/index.php\/wp-json\/wp\/v2\/product_brand?post=29034"},{"taxonomy":"product_cat","embeddable":true,"href":"https:\/\/www.jkg-meble.pl\/index.php\/wp-json\/wp\/v2\/product_cat?post=29034"},{"taxonomy":"product_tag","embeddable":true,"href":"https:\/\/www.jkg-meble.pl\/index.php\/wp-json\/wp\/v2\/product_tag?post=29034"}],"curies":[{"name":"wp","href":"https:\/\/api.w.org\/{rel}","templated":true}]}}