{"id":29047,"date":"2025-05-03T17:55:31","date_gmt":"2025-05-03T17:55:31","guid":{"rendered":"https:\/\/www.jkg-meble.pl\/?post_type=product&#038;p=29047"},"modified":"2026-04-07T07:25:59","modified_gmt":"2026-04-07T07:25:59","slug":"lawka-kuchenna-london","status":"publish","type":"product","link":"https:\/\/www.jkg-meble.pl\/index.php\/produkt\/lawka-kuchenna-london\/","title":{"rendered":"\u0141awka kuchenna London"},"content":{"rendered":"\t\t<div data-elementor-type=\"wp-post\" data-elementor-id=\"29047\" class=\"elementor elementor-29047\">\n\t\t\t\t<div class=\"wd-negative-gap elementor-element elementor-element-2ccc6222 e-flex e-con-boxed e-con e-parent\" data-id=\"2ccc6222\" data-element_type=\"container\" data-e-type=\"container\">\n\t\t\t\t\t<div class=\"e-con-inner\">\n\t\t\t\t<div class=\"elementor-element elementor-element-58dfbf01 color-scheme-inherit text-left elementor-widget elementor-widget-text-editor\" data-id=\"58dfbf01\" data-element_type=\"widget\" data-e-type=\"widget\" data-widget_type=\"text-editor.default\">\n\t\t\t\t\t\t\t\t\t<p><strong>London<\/strong> to \u0142awka kuchenna, kt\u00f3ra doskonale \u0142\u0105czy efektowny, <strong>modny design <\/strong>z codzienn\u0105 funkcjonalno\u015bci\u0105. To mebel, kt\u00f3ry odnajdzie si\u0119 zar\u00f3wno w nowoczesnych aran\u017cacjach, jak i bardziej klasycznych wn\u0119trzach kuchennych. Wybierz \u0142awk\u0119 <strong>London<\/strong>, je\u015bli szukasz wygodnego, eleganckiego i praktycznego rozwi\u0105zania do swojej kuchni lub jadalni.<\/p><h3>Charakterystyka \u0142awki London<\/h3><ul><li data-section-id=\"1tab2yl\" data-start=\"0\" data-end=\"136\">\ud83d\udccf <strong data-start=\"5\" data-end=\"36\">Wykonanie na dowolny wymiar<\/strong> \u2013 \u0142awk\u0119 dopasujemy do Twojej kuchni, jadalni lub przedpokoju zgodnie z indywidualnym zam\u00f3wieniem.<\/li><li data-section-id=\"1tab2yl\" data-start=\"0\" data-end=\"136\">\ud83d\udce6 <strong data-start=\"200\" data-end=\"245\">Praktyczny i du\u017cy schowek pod siedziskiem<\/strong>\u00a0\u2013 wygodne miejsce do przechowywania tekstyli\u00f3w i domowych akcesori\u00f3w<\/li><li data-section-id=\"r0zvz\" data-start=\"137\" data-end=\"253\">\u2728 <strong data-start=\"141\" data-end=\"162\">Nowoczesny wygl\u0105d<\/strong> \u2013 stylowa forma sprawia, \u017ce mebel \u015bwietnie wpisuje si\u0119 w nowoczesne i klasyczne wn\u0119trza.<\/li><li data-section-id=\"6hhqjw\" data-start=\"254\" data-end=\"352\">\ud83d\udecb\ufe0f <strong data-start=\"260\" data-end=\"291\">Wysokiej jako\u015bci pianka T30<\/strong> \u2013 zapewnia wygod\u0119 u\u017cytkowania oraz trwa\u0142o\u015b\u0107 na d\u0142ugi czas.<\/li><li data-section-id=\"1md2yeh\" data-start=\"353\" data-end=\"472\">\ud83d\udd04 <strong data-start=\"358\" data-end=\"381\">Mebel wolno stoj\u0105cy<\/strong> \u2013 ty\u0142 \u0142awki jest obity tkanin\u0105, dzi\u0119ki czemu prezentuje si\u0119 estetycznie z ka\u017cdej strony.<\/li><li data-section-id=\"191xn8o\" data-start=\"473\" data-end=\"593\">\ud83c\udf80 <strong data-start=\"478\" data-end=\"503\">Dekoracyjne uci\u0105gi<\/strong> \u2013 oparcie ozdobione w oryginalne uci\u0105gi nadaje \u0142awce elegancki i wyj\u0105tkowy charakter.<\/li><li data-section-id=\"1k9qw1u\" data-start=\"594\" data-end=\"677\">\ud83d\udcaa <strong data-start=\"599\" data-end=\"624\">Mocna tkanina w cenie<\/strong> \u2013 trwa\u0142y materia\u0142 obiciowy bez dodatkowych dop\u0142at.<\/li><li data-section-id=\"n0l19x\" data-start=\"678\" data-end=\"781\">\u26ab <strong data-start=\"812\" data-end=\"836\">Plastikowe nogi 2 cm<\/strong> \u2013 praktyczne i stabilne wyko\u0144czenie mebla<\/li><li data-section-id=\"d1xy07\" data-start=\"782\" data-end=\"895\">\ud83c\udfa8 <strong data-start=\"787\" data-end=\"824\">Szeroka gama kolorystyczna tkanin<\/strong> \u2013 du\u017cy wyb\u00f3r kolor\u00f3w u\u0142atwia idealne dopasowanie mebla do aran\u017cacji.<\/li><li data-section-id=\"wyt6zy\" data-start=\"896\" data-end=\"976\">\ud83c\uddf5\ud83c\uddf1 <strong data-start=\"903\" data-end=\"929\">Polski producent mebli<\/strong> \u2013 solidne wykonanie i dba\u0142o\u015b\u0107 o ka\u017cdy detal.<\/li><li data-section-id=\"1ygflmk\" data-start=\"977\" data-end=\"1095\">\ud83d\udcb0 <strong data-start=\"982\" data-end=\"1019\">Wysoka jako\u015b\u0107 w atrakcyjnej cenie<\/strong> \u2013 trwa\u0142y i estetyczny mebel w bardzo korzystnym stosunku jako\u015bci do ceny.<\/li><\/ul><h3>Wymiary:<\/h3><ul><li><strong>Szeroko\u015b\u0107: mo\u017cemy wykona\u0107 dowolny rozmiar<\/strong><\/li><li><strong>Wysoko\u015b\u0107 mebla: 88cm<\/strong><\/li><li><strong>Wysoko\u015b\u0107 siedziska: 49cm<\/strong><\/li><li><strong>G\u0142\u0119boko\u015b\u0107 siedziska: 42cm<\/strong><\/li><li><strong>G\u0142\u0119boko\u015b\u0107 mebla: 55cm<\/strong><\/li><li><strong>G\u0142\u0119boko\u015b\u0107 schowka: 38cm<\/strong><\/li><\/ul><p><strong>Produkujemy meble na zam\u00f3wienie \u2013 z dba\u0142o\u015bci\u0105 o detale i komfort u\u017cytkowania.<\/strong><\/p>\t\t\t\t\t\t\t\t<\/div>\n\t\t\t\t\t<\/div>\n\t\t\t\t<\/div>\n\t\t\t\t<\/div>\n\t\t","protected":false},"excerpt":{"rendered":"<p>London to \u0142awka kuchenna, kt\u00f3ra doskonale \u0142\u0105czy efektowny, modny design z codzienn\u0105 funkcjonalno\u015bci\u0105. To mebel, kt\u00f3ry odnajdzie si\u0119 zar\u00f3wno w<\/p>\n","protected":false},"featured_media":29949,"template":"","meta":[],"product_brand":[],"product_cat":[262],"product_tag":[],"class_list":{"0":"post-29047","1":"product","2":"type-product","3":"status-publish","4":"has-post-thumbnail","6":"product_cat-lawki-do-jadalni","8":"first","9":"instock","10":"taxable","11":"shipping-taxable","12":"purchasable","13":"product-type-simple"},"jetpack_sharing_enabled":true,"_links":{"self":[{"href":"https:\/\/www.jkg-meble.pl\/index.php\/wp-json\/wp\/v2\/product\/29047","targetHints":{"allow":["GET"]}}],"collection":[{"href":"https:\/\/www.jkg-meble.pl\/index.php\/wp-json\/wp\/v2\/product"}],"about":[{"href":"https:\/\/www.jkg-meble.pl\/index.php\/wp-json\/wp\/v2\/types\/product"}],"version-history":[{"count":13,"href":"https:\/\/www.jkg-meble.pl\/index.php\/wp-json\/wp\/v2\/product\/29047\/revisions"}],"predecessor-version":[{"id":30642,"href":"https:\/\/www.jkg-meble.pl\/index.php\/wp-json\/wp\/v2\/product\/29047\/revisions\/30642"}],"wp:featuredmedia":[{"embeddable":true,"href":"https:\/\/www.jkg-meble.pl\/index.php\/wp-json\/wp\/v2\/media\/29949"}],"wp:attachment":[{"href":"https:\/\/www.jkg-meble.pl\/index.php\/wp-json\/wp\/v2\/media?parent=29047"}],"wp:term":[{"taxonomy":"product_brand","embeddable":true,"href":"https:\/\/www.jkg-meble.pl\/index.php\/wp-json\/wp\/v2\/product_brand?post=29047"},{"taxonomy":"product_cat","embeddable":true,"href":"https:\/\/www.jkg-meble.pl\/index.php\/wp-json\/wp\/v2\/product_cat?post=29047"},{"taxonomy":"product_tag","embeddable":true,"href":"https:\/\/www.jkg-meble.pl\/index.php\/wp-json\/wp\/v2\/product_tag?post=29047"}],"curies":[{"name":"wp","href":"https:\/\/api.w.org\/{rel}","templated":true}]}}