{"id":29158,"date":"2025-05-04T00:53:02","date_gmt":"2025-05-04T00:53:02","guid":{"rendered":"https:\/\/www.jkg-meble.pl\/?post_type=product&#038;p=29158"},"modified":"2026-03-24T14:25:36","modified_gmt":"2026-03-24T14:25:36","slug":"stol-saturn","status":"publish","type":"product","link":"https:\/\/www.jkg-meble.pl\/index.php\/produkt\/stol-saturn\/","title":{"rendered":"St\u00f3\u0142 Saturn"},"content":{"rendered":"\t\t<div data-elementor-type=\"wp-post\" data-elementor-id=\"29158\" class=\"elementor elementor-29158\">\n\t\t\t\t<div class=\"wd-negative-gap elementor-element elementor-element-e6e4cab e-grid e-con-boxed e-con e-parent\" data-id=\"e6e4cab\" data-element_type=\"container\" data-e-type=\"container\">\n\t\t\t\t\t<div class=\"e-con-inner\">\n\t\t\t\t<div class=\"elementor-element elementor-element-9a12d2e elementor-widget elementor-widget-wd_text_block\" data-id=\"9a12d2e\" data-element_type=\"widget\" data-e-type=\"widget\" data-widget_type=\"wd_text_block.default\">\n\t\t\t\t<div class=\"elementor-widget-container\">\n\t\t\t\t\t\t\t<div class=\"wd-text-block reset-last-child text-left\">\n\t\t\t\n\t\t\t<p><strong>Saturn<\/strong> - uniwersalny i kompaktowy st\u00f3\u0142 do kuchni lub jadalni, kt\u00f3ry sprawdzi si\u0119 zar\u00f3wno w mniejszych, jak i wi\u0119kszych wn\u0119trzach. Wyposa\u017cony w pogrubiany blat z p\u0142yty laminowanej, \u0142atwy w utrzymaniu czysto\u015bci i odporny na codzienne u\u017cytkowanie. Korpus oraz nogi wykonane z litego drewna bukowego zapewniaj\u0105 trwa\u0142o\u015b\u0107 i stabilno\u015b\u0107. To po\u0142\u0105czenie wysokiej jako\u015bci wykonania, atrakcyjnej ceny oraz pewno\u015bci zakupu od lokalnego, polskiego producenta.<\/p><h4>Charakterystyka sto\u0142u Saturn<\/h4><ul><li data-section-id=\"1r4m263\" data-start=\"0\" data-end=\"77\">\ud83c\udfe1 <strong data-start=\"5\" data-end=\"26\">Uniwersalny model<\/strong> \u2013 idealny do kuchni, jadalni i mniejszych wn\u0119trz<\/li><li data-section-id=\"yom8wn\" data-start=\"78\" data-end=\"189\">\ud83d\udccf <strong data-start=\"83\" data-end=\"105\">Kompaktowy rozmiar<\/strong> \u2013 \u015bwietnie sprawdza si\u0119 tam, gdzie liczy si\u0119 funkcjonalno\u015b\u0107 i oszcz\u0119dno\u015b\u0107 miejsca<\/li><li data-section-id=\"v4y7rl\" data-start=\"190\" data-end=\"292\">\ud83e\udeb5 <strong data-start=\"195\" data-end=\"234\">Pogrubiany blat z p\u0142yty laminowanej<\/strong> \u2013 trwa\u0142y, estetyczny i odporny na codzienne u\u017cytkowanie<\/li><li data-section-id=\"556wad\" data-start=\"293\" data-end=\"393\">\u2728 <strong data-start=\"297\" data-end=\"329\">\u0141atwy w utrzymaniu czysto\u015bci<\/strong> \u2013 powierzchnia blatu pozwala na szybkie i wygodne czyszczenie<\/li><li data-section-id=\"qeetja\" data-start=\"394\" data-end=\"484\">\ud83c\udf33 <strong data-start=\"399\" data-end=\"441\">Korpus i nogi z litego drewna bukowego<\/strong> \u2013 solidna konstrukcja i naturalny wygl\u0105d<\/li><li data-section-id=\"177ba58\" data-start=\"485\" data-end=\"578\">\ud83d\udcaa <strong data-start=\"490\" data-end=\"521\">Stabilne i trwa\u0142e wykonanie<\/strong> \u2013 st\u00f3\u0142 zaprojektowany z my\u015bl\u0105 o codziennym u\u017cytkowaniu<\/li><li data-section-id=\"g34jqq\" data-start=\"579\" data-end=\"658\">\ud83d\udcb0 <strong data-start=\"584\" data-end=\"616\">Wysoka jako\u015b\u0107 w dobrej cenie<\/strong> \u2013 bardzo dobry stosunek jako\u015bci do ceny<\/li><li data-section-id=\"qjzfhz\" data-start=\"659\" data-end=\"750\">\ud83c\uddf5\ud83c\uddf1 <strong data-start=\"666\" data-end=\"695\">Lokalny, polski producent<\/strong> \u2013 wspierasz rodzim\u0105 produkcj\u0119 i sprawdzone wykonanie<\/li><li data-section-id=\"qkiy77\" data-start=\"751\" data-end=\"831\">\ud83d\ude9a <strong data-start=\"756\" data-end=\"782\">Szybki czas realizacji<\/strong> \u2013 zam\u00f3wienie gotowe w ci\u0105gu <strong data-start=\"811\" data-end=\"831\">21 dni roboczych<\/strong><\/li><\/ul><h4>Wymiary:\u00a0<\/h4><ul><li><strong>Wysoko\u015b\u0107 sto\u0142u:\u00a077 cm<\/strong><\/li><li><strong>Szeroko\u015b\u0107:\u00a070 cm<\/strong><\/li><li><strong>D\u0142ugo\u015b\u0107:\u00a0110<\/strong><\/li><\/ul>\n\t\t\t\t\t<\/div>\n\t\t\t\t\t\t<\/div>\n\t\t\t\t<\/div>\n\t\t\t\t\t<\/div>\n\t\t\t\t<\/div>\n\t\t\t\t<\/div>\n\t\t","protected":false},"excerpt":{"rendered":"<p>Saturn &#8211; uniwersalny i kompaktowy st\u00f3\u0142 do kuchni lub jadalni, kt\u00f3ry sprawdzi si\u0119 zar\u00f3wno w mniejszych, jak i wi\u0119kszych wn\u0119trzach.<\/p>\n","protected":false},"featured_media":30141,"template":"","meta":[],"product_brand":[],"product_cat":[272],"product_tag":[],"class_list":{"0":"post-29158","1":"product","2":"type-product","3":"status-publish","4":"has-post-thumbnail","6":"product_cat-stoly","8":"first","9":"instock","10":"taxable","11":"shipping-taxable","12":"purchasable","13":"product-type-simple"},"jetpack_sharing_enabled":true,"_links":{"self":[{"href":"https:\/\/www.jkg-meble.pl\/index.php\/wp-json\/wp\/v2\/product\/29158","targetHints":{"allow":["GET"]}}],"collection":[{"href":"https:\/\/www.jkg-meble.pl\/index.php\/wp-json\/wp\/v2\/product"}],"about":[{"href":"https:\/\/www.jkg-meble.pl\/index.php\/wp-json\/wp\/v2\/types\/product"}],"version-history":[{"count":4,"href":"https:\/\/www.jkg-meble.pl\/index.php\/wp-json\/wp\/v2\/product\/29158\/revisions"}],"predecessor-version":[{"id":30387,"href":"https:\/\/www.jkg-meble.pl\/index.php\/wp-json\/wp\/v2\/product\/29158\/revisions\/30387"}],"wp:featuredmedia":[{"embeddable":true,"href":"https:\/\/www.jkg-meble.pl\/index.php\/wp-json\/wp\/v2\/media\/30141"}],"wp:attachment":[{"href":"https:\/\/www.jkg-meble.pl\/index.php\/wp-json\/wp\/v2\/media?parent=29158"}],"wp:term":[{"taxonomy":"product_brand","embeddable":true,"href":"https:\/\/www.jkg-meble.pl\/index.php\/wp-json\/wp\/v2\/product_brand?post=29158"},{"taxonomy":"product_cat","embeddable":true,"href":"https:\/\/www.jkg-meble.pl\/index.php\/wp-json\/wp\/v2\/product_cat?post=29158"},{"taxonomy":"product_tag","embeddable":true,"href":"https:\/\/www.jkg-meble.pl\/index.php\/wp-json\/wp\/v2\/product_tag?post=29158"}],"curies":[{"name":"wp","href":"https:\/\/api.w.org\/{rel}","templated":true}]}}