{"id":29225,"date":"2025-05-04T16:22:19","date_gmt":"2025-05-04T16:22:19","guid":{"rendered":"https:\/\/www.jkg-meble.pl\/?post_type=product&#038;p=29225"},"modified":"2026-03-25T13:48:26","modified_gmt":"2026-03-25T13:48:26","slug":"zestaw-do-jadalni-london","status":"publish","type":"product","link":"https:\/\/www.jkg-meble.pl\/index.php\/produkt\/zestaw-do-jadalni-london\/","title":{"rendered":"Zestaw do jadalni London"},"content":{"rendered":"\t\t<div data-elementor-type=\"wp-post\" data-elementor-id=\"29225\" class=\"elementor elementor-29225\">\n\t\t\t\t<div class=\"wd-negative-gap elementor-element elementor-element-f80e516 e-flex e-con-boxed e-con e-parent\" data-id=\"f80e516\" data-element_type=\"container\" data-e-type=\"container\">\n\t\t\t\t\t<div class=\"e-con-inner\">\n\t\t\t\t<div class=\"elementor-element elementor-element-2a1a334 elementor-widget elementor-widget-wd_text_block\" data-id=\"2a1a334\" data-element_type=\"widget\" data-e-type=\"widget\" data-widget_type=\"wd_text_block.default\">\n\t\t\t\t<div class=\"elementor-widget-container\">\n\t\t\t\t\t\t\t<div class=\"wd-text-block reset-last-child text-left\">\n\t\t\t\n\t\t\t<p><strong>Zestaw London<\/strong> - klasyka, komfort i ergonomia w niedu\u017cych przestrzeniach kuchni czy jadalni.<\/p><h2>Charakterystyka zestawu London<\/h2><ul style=\"list-style: none; padding-left: 0;\"><li>\ud83d\udd01 <strong>Strona naro\u017cnika:<\/strong> mebel jest <strong>uniwersalny<\/strong> \u2013 mo\u017cna skr\u0119ci\u0107 go w dowolnym uk\u0142adzie (prawy\/lewy)<\/li><li>\ud83d\udce6 <strong>Schowki naro\u017cnika:<\/strong> praktyczne i g\u0142\u0119bokie pojemniki w bocznych \u0142awkach<\/li><li>\ud83e\uddfd <strong>Pianka T30:<\/strong> wysokoelastyczna, g\u0119sta, odporna na odkszta\u0142cenia \u2013 zapewnia idealn\u0105 twardo\u015b\u0107 i dobr\u0105 spr\u0119\u017cysto\u015b\u0107\u00a0<\/li><li>\ud83d\udecb\ufe0f <strong>Wolnostoj\u0105cy mebel:<\/strong> ty\u0142 wyko\u0144czony t\u0105 sam\u0105 tkanin\u0105 co front \u2013 idealny do otwartych przestrzeni<\/li><li>\ud83c\udfa8 <strong data-start=\"493\" data-end=\"537\">Bogaty wyb\u00f3r kolor\u00f3w tkanin tapicerskich<\/strong> \u2013 \u0142atwe dopasowanie kolorystyczne do stylu kuchni, jadalni lub salonu<\/li><li data-section-id=\"10d27mo\" data-start=\"0\" data-end=\"135\">\ud83e\udeb5 <strong data-start=\"5\" data-end=\"51\">Kompaktowy st\u00f3\u0142 z nogami z drewna bukowego<\/strong> \u2013 solidna i estetyczna podstawa idealna do kuchni, jadalni lub ma\u0142ych przestrzeni<\/li><li data-section-id=\"1nhuhz0\" data-start=\"136\" data-end=\"252\">\ud83e\uddf1 <strong data-start=\"141\" data-end=\"189\">Blat sto\u0142u z p\u0142yty laminowanej 32 mm (pogrubianej)<\/strong> \u2013 trwa\u0142e i praktyczne rozwi\u0105zanie do codziennego u\u017cytkowania<\/li><li>\ud83e\ude91 <strong data-start=\"378\" data-end=\"427\">Estetyczne i klasyczne siedziska oraz krzes\u0142o tapicerowane<\/strong> \u2013 ponadczasowy wygl\u0105d i wygoda u\u017cytkowania ka\u017cdego dnia<\/li><li>\ud83c\uddf5\ud83c\uddf1 <strong data-start=\"843\" data-end=\"861\">Produkt polski<\/strong> \u2013 gwarancja najwy\u017cszej jako\u015bci wykonania i dba\u0142o\u015bci o ka\u017cdy detal<\/li><li>\ud83c\udfe0 <strong data-start=\"601\" data-end=\"639\">Idealny zestaw do kuchni i jadalni<\/strong> \u2013 funkcjonalne po\u0142\u0105czenie naro\u017cnika, sto\u0142u i wygodnych siedzisk do rodzinnych posi\u0142k\u00f3w<\/li><li>\ud83d\udccf <strong>Tolerancja wymiar\u00f3w:<\/strong> +\/- 3 cm (ze wzgl\u0119du na produkcj\u0119 tapicersk\u0105)<\/li><\/ul><h3>Zestaw zawiera:<\/h3><ul><li>\u2705 naro\u017cnik kuchenny <strong>130\u00d7170 cm<\/strong><\/li><li>\u2705 st\u00f3\u0142 <strong>70\u00d7110 cm<\/strong><\/li><li>\u2705 krzes\u0142o<\/li><li>\u2705 2x siedzisko <strong>40\u00d740 cm<\/strong><\/li><\/ul>\n\t\t\t\t\t<\/div>\n\t\t\t\t\t\t<\/div>\n\t\t\t\t<\/div>\n\t\t\t\t\t<\/div>\n\t\t\t\t<\/div>\n\t\t\t\t<\/div>\n\t\t","protected":false},"excerpt":{"rendered":"<p>Zestaw London &#8211; klasyka, komfort i ergonomia w niedu\u017cych przestrzeniach kuchni czy jadalni. Charakterystyka zestawu London \ud83d\udd01 Strona naro\u017cnika: mebel<\/p>\n","protected":false},"featured_media":29957,"template":"","meta":[],"product_brand":[],"product_cat":[263],"product_tag":[],"class_list":{"0":"post-29225","1":"product","2":"type-product","3":"status-publish","4":"has-post-thumbnail","6":"product_cat-zestawy-do-jadalni","8":"first","9":"instock","10":"taxable","11":"shipping-taxable","12":"purchasable","13":"product-type-simple"},"jetpack_sharing_enabled":true,"_links":{"self":[{"href":"https:\/\/www.jkg-meble.pl\/index.php\/wp-json\/wp\/v2\/product\/29225","targetHints":{"allow":["GET"]}}],"collection":[{"href":"https:\/\/www.jkg-meble.pl\/index.php\/wp-json\/wp\/v2\/product"}],"about":[{"href":"https:\/\/www.jkg-meble.pl\/index.php\/wp-json\/wp\/v2\/types\/product"}],"version-history":[{"count":11,"href":"https:\/\/www.jkg-meble.pl\/index.php\/wp-json\/wp\/v2\/product\/29225\/revisions"}],"predecessor-version":[{"id":30481,"href":"https:\/\/www.jkg-meble.pl\/index.php\/wp-json\/wp\/v2\/product\/29225\/revisions\/30481"}],"wp:featuredmedia":[{"embeddable":true,"href":"https:\/\/www.jkg-meble.pl\/index.php\/wp-json\/wp\/v2\/media\/29957"}],"wp:attachment":[{"href":"https:\/\/www.jkg-meble.pl\/index.php\/wp-json\/wp\/v2\/media?parent=29225"}],"wp:term":[{"taxonomy":"product_brand","embeddable":true,"href":"https:\/\/www.jkg-meble.pl\/index.php\/wp-json\/wp\/v2\/product_brand?post=29225"},{"taxonomy":"product_cat","embeddable":true,"href":"https:\/\/www.jkg-meble.pl\/index.php\/wp-json\/wp\/v2\/product_cat?post=29225"},{"taxonomy":"product_tag","embeddable":true,"href":"https:\/\/www.jkg-meble.pl\/index.php\/wp-json\/wp\/v2\/product_tag?post=29225"}],"curies":[{"name":"wp","href":"https:\/\/api.w.org\/{rel}","templated":true}]}}