{"id":29229,"date":"2025-05-04T16:23:57","date_gmt":"2025-05-04T16:23:57","guid":{"rendered":"https:\/\/www.jkg-meble.pl\/?post_type=product&#038;p=29229"},"modified":"2026-03-25T12:58:22","modified_gmt":"2026-03-25T12:58:22","slug":"zestaw-do-jadalni-berlin","status":"publish","type":"product","link":"https:\/\/www.jkg-meble.pl\/index.php\/produkt\/zestaw-do-jadalni-berlin\/","title":{"rendered":"Zestaw do jadalni Berlin"},"content":{"rendered":"\t\t<div data-elementor-type=\"wp-post\" data-elementor-id=\"29229\" class=\"elementor elementor-29229\">\n\t\t\t\t<div class=\"wd-negative-gap elementor-element elementor-element-fdb2850 e-flex e-con-boxed e-con e-parent\" data-id=\"fdb2850\" data-element_type=\"container\" data-e-type=\"container\">\n\t\t\t\t\t<div class=\"e-con-inner\">\n\t\t\t\t<div class=\"elementor-element elementor-element-a2dffcb elementor-widget elementor-widget-wd_text_block\" data-id=\"a2dffcb\" data-element_type=\"widget\" data-e-type=\"widget\" data-widget_type=\"wd_text_block.default\">\n\t\t\t\t<div class=\"elementor-widget-container\">\n\t\t\t\t\t\t\t<div class=\"wd-text-block reset-last-child text-left\">\n\t\t\t\n\t\t\t<p><strong>Zestaw Berlin<\/strong> - oryginalny loftowy styl w klasycznym i komfortowym wydaniu tapicerowanych mebli - dla os\u00f3b ceni\u0105cych praktyczny i niebanalny design.<\/p><h2>Charakterystyka zestawu Berlin<\/h2><ul style=\"list-style: none; padding-left: 0;\"><li>\ud83d\udd01 <strong>Strona naroznika:<\/strong> mebel w wersji <strong>prawej \/ lewej<\/strong> \u2013 podaj stron\u0119 przy zam\u00f3wieniu<\/li><li>\ud83d\udda4 <strong data-start=\"465\" data-end=\"511\">Metalowe nogi malowane proszkowo na czarno<\/strong> \u2013 trwa\u0142e i stylowe wyko\u0144czenie podkre\u015blaj\u0105ce nowoczesny charakter zestawu<\/li><li>\ud83e\uddfd <strong>Pianka T30:<\/strong> wysokoelastyczna, g\u0119sta, odporna na odkszta\u0142cenia \u2013 zapewnia idealn\u0105 twardo\u015b\u0107 i dobr\u0105 spr\u0119\u017cysto\u015b\u0107<\/li><li>\ud83c\udfa8 <strong data-start=\"875\" data-end=\"909\">Bogata oferta tkanin i kolor\u00f3w<\/strong> \u2013 szeroki wyb\u00f3r materia\u0142\u00f3w oraz odcieni daje du\u017c\u0105 swobod\u0119 aran\u017cacji.<\/li><li>\ud83d\udecb\ufe0f <strong>Wolnostoj\u0105cy mebel:<\/strong> ty\u0142 naro\u017cnika wyko\u0144czony t\u0105 sam\u0105 tkanin\u0105 co front \u2013 idealny do otwartych przestrzeni<\/li><li>\ud83e\udeb5 <strong data-start=\"131\" data-end=\"170\">Blat sto\u0142u z p\u0142yty<b> laminowanej 32mm (pogrubianej)<\/b> <\/strong>\u00a0\u2013 estetyczne i funkcjonalne wyko\u0144czenie idealne do codziennego u\u017cytkowania<\/li><li>\u2728 <strong>Styl:<\/strong> nowoczesny design i staranne wykonanie<\/li><li>\ud83e\ude91 <strong data-start=\"5\" data-end=\"49\">Nowoczesna pufa \/ siedzisko tapicerowane<\/strong> \u2013 praktyczny i stylowy dodatek do kuchni, jadalni, salonu lub przedpokoju<\/li><li>\ud83c\uddf5\ud83c\uddf1 <strong data-start=\"872\" data-end=\"906\">Polski lokalny producent mebli<\/strong> \u2013 wysoka jako\u015b\u0107 wykonania i bardzo dobry stosunek ceny do jako\u015bci<\/li><li>\ud83d\udccf <strong>Tolerancja wymiar\u00f3w:<\/strong> +\/- 3 cm (ze wzgl\u0119du na produkcj\u0119 tapicersk\u0105)<\/li><li>\u00a0<\/li><li><strong><span style=\"color: #1b1919; font-size: 22px;\">Zestaw zawiera:<\/span><\/strong><\/li><\/ul><ul><li>\u2705 naro\u017cnik kuchenny: <strong>130\u00d7170 cm<\/strong><\/li><li>\u2705 st\u00f3\u0142: <strong>70\u00d7110 cm<\/strong><\/li><li>\u2705 siedzisko: <strong>80\u00d740 cm<\/strong><\/li><\/ul>\n\t\t\t\t\t<\/div>\n\t\t\t\t\t\t<\/div>\n\t\t\t\t<\/div>\n\t\t\t\t\t<\/div>\n\t\t\t\t<\/div>\n\t\t\t\t<\/div>\n\t\t","protected":false},"excerpt":{"rendered":"<p>Zestaw Berlin &#8211; oryginalny loftowy styl w klasycznym i komfortowym wydaniu tapicerowanych mebli &#8211; dla os\u00f3b ceni\u0105cych praktyczny i niebanalny<\/p>\n","protected":false},"featured_media":29953,"template":"","meta":[],"product_brand":[],"product_cat":[263],"product_tag":[],"class_list":{"0":"post-29229","1":"product","2":"type-product","3":"status-publish","4":"has-post-thumbnail","6":"product_cat-zestawy-do-jadalni","8":"first","9":"instock","10":"taxable","11":"shipping-taxable","12":"purchasable","13":"product-type-simple"},"jetpack_sharing_enabled":true,"_links":{"self":[{"href":"https:\/\/www.jkg-meble.pl\/index.php\/wp-json\/wp\/v2\/product\/29229","targetHints":{"allow":["GET"]}}],"collection":[{"href":"https:\/\/www.jkg-meble.pl\/index.php\/wp-json\/wp\/v2\/product"}],"about":[{"href":"https:\/\/www.jkg-meble.pl\/index.php\/wp-json\/wp\/v2\/types\/product"}],"version-history":[{"count":8,"href":"https:\/\/www.jkg-meble.pl\/index.php\/wp-json\/wp\/v2\/product\/29229\/revisions"}],"predecessor-version":[{"id":30470,"href":"https:\/\/www.jkg-meble.pl\/index.php\/wp-json\/wp\/v2\/product\/29229\/revisions\/30470"}],"wp:featuredmedia":[{"embeddable":true,"href":"https:\/\/www.jkg-meble.pl\/index.php\/wp-json\/wp\/v2\/media\/29953"}],"wp:attachment":[{"href":"https:\/\/www.jkg-meble.pl\/index.php\/wp-json\/wp\/v2\/media?parent=29229"}],"wp:term":[{"taxonomy":"product_brand","embeddable":true,"href":"https:\/\/www.jkg-meble.pl\/index.php\/wp-json\/wp\/v2\/product_brand?post=29229"},{"taxonomy":"product_cat","embeddable":true,"href":"https:\/\/www.jkg-meble.pl\/index.php\/wp-json\/wp\/v2\/product_cat?post=29229"},{"taxonomy":"product_tag","embeddable":true,"href":"https:\/\/www.jkg-meble.pl\/index.php\/wp-json\/wp\/v2\/product_tag?post=29229"}],"curies":[{"name":"wp","href":"https:\/\/api.w.org\/{rel}","templated":true}]}}