{"id":29450,"date":"2025-05-14T18:49:44","date_gmt":"2025-05-14T18:49:44","guid":{"rendered":"https:\/\/www.jkg-meble.pl\/?post_type=product&#038;p=29450"},"modified":"2026-03-25T12:22:59","modified_gmt":"2026-03-25T12:22:59","slug":"krzeslo-k3","status":"publish","type":"product","link":"https:\/\/www.jkg-meble.pl\/index.php\/produkt\/krzeslo-k3\/","title":{"rendered":"Krzes\u0142o K3"},"content":{"rendered":"\t\t<div data-elementor-type=\"wp-post\" data-elementor-id=\"29450\" class=\"elementor elementor-29450\">\n\t\t\t\t<div class=\"wd-negative-gap elementor-element elementor-element-1b18e085 e-flex e-con-boxed e-con e-parent\" data-id=\"1b18e085\" data-element_type=\"container\" data-e-type=\"container\">\n\t\t\t\t\t<div class=\"e-con-inner\">\n\t\t\t\t<div class=\"elementor-element elementor-element-59e13fa color-scheme-inherit text-left elementor-widget elementor-widget-text-editor\" data-id=\"59e13fa\" data-element_type=\"widget\" data-e-type=\"widget\" data-widget_type=\"text-editor.default\">\n\t\t\t\t\t\t\t\t\t<h2>Charakterystyka krzes\u0142a K3<\/h2><ul style=\"list-style: none; padding-left: 0;\"><li data-section-id=\"1bapap8\" data-start=\"0\" data-end=\"108\">\ud83c\udf33 <strong data-start=\"5\" data-end=\"30\">Polskie drewno bukowe<\/strong> \u2013 solidny i naturalny materia\u0142 o doskona\u0142ych parametrach wytrzyma\u0142o\u015bciowych<\/li><li data-section-id=\"u6wldj\" data-start=\"109\" data-end=\"219\">\ud83d\udd29 <strong data-start=\"114\" data-end=\"148\">Najtrwalsze po\u0142\u0105czenia klejowe<\/strong> \u2013 wysoka odporno\u015b\u0107 na intensywne u\u017cytkowanie i trwa\u0142o\u015b\u0107 na wiele lat<\/li><li data-section-id=\"1h9kbtn\" data-start=\"220\" data-end=\"352\">\ud83c\udf3f <strong data-start=\"225\" data-end=\"252\">Ekologiczne wyko\u0144czenie<\/strong> \u2013 powierzchnia krzes\u0142a zabezpieczona bejc\u0105 i lakierem wodnym dla trwa\u0142o\u015bci i estetycznego wygl\u0105du<\/li><li data-section-id=\"d9f81r\" data-start=\"353\" data-end=\"487\">\u2601\ufe0f <strong data-start=\"358\" data-end=\"394\">Tapicerowane siedzisko i oparcie<\/strong> \u2013 wysokoelastyczna pianka T30 oraz wysokogatunkowe materia\u0142y zapewniaj\u0105 wygod\u0119 u\u017cytkowania<\/li><li data-section-id=\"1ic0ll3\" data-start=\"488\" data-end=\"603\">\ud83c\udfa8 <strong data-start=\"493\" data-end=\"537\">Bogaty wyb\u00f3r kolor\u00f3w tkanin tapicerskich<\/strong> \u2013 \u0142atwe dopasowanie krzes\u0142a do stylu kuchni, jadalni lub salonu<\/li><li data-section-id=\"1eqrhsd\" data-start=\"604\" data-end=\"714\">\u2728 <strong data-start=\"608\" data-end=\"653\">Nietuzinkowy, designerski kszta\u0142t oparcia<\/strong> \u2013 nowoczesny detal podkre\u015blaj\u0105cy wyj\u0105tkowy charakter mebla<\/li><li data-section-id=\"1lrpik1\" data-start=\"715\" data-end=\"835\">\ud83e\ude91 <strong data-start=\"720\" data-end=\"758\">Solidna konstrukcja w jednej bryle<\/strong> \u2013 korpus i nogi tworz\u0105 ca\u0142o\u015b\u0107, a krzes\u0142o dostarczane jest w gotowej formie<\/li><li data-section-id=\"1ham15k\" data-start=\"836\" data-end=\"927\" data-is-last-node=\"\">\ud83c\uddf5\ud83c\uddf1 <strong data-start=\"843\" data-end=\"861\">Produkt polski<\/strong> \u2013 gwarancja najwy\u017cszej jako\u015bci wykonania i dba\u0142o\u015bci o ka\u017cdy detal<\/li><\/ul><h3>Wymiary:<\/h3><ul><li>\ud83d\udccf <strong>Wysoko\u015b\u0107 ca\u0142kowita:<\/strong> 100 cm<\/li><li>\u2194\ufe0f <strong>Szeroko\u015b\u0107 siedziska:<\/strong> 45 cm<\/li><li>\u2195\ufe0f <strong>G\u0142\u0119boko\u015b\u0107:<\/strong> 40 cm<\/li><li>\ud83e\ude91 <strong>Wysoko\u015b\u0107 siedziska:<\/strong> 48 cm<\/li><\/ul>\t\t\t\t\t\t\t\t<\/div>\n\t\t\t\t\t<\/div>\n\t\t\t\t<\/div>\n\t\t\t\t<\/div>\n\t\t","protected":false},"excerpt":{"rendered":"<p>Charakterystyka krzes\u0142a K3 \ud83c\udf33 Polskie drewno bukowe \u2013 solidny i naturalny materia\u0142 o doskona\u0142ych parametrach wytrzyma\u0142o\u015bciowych \ud83d\udd29 Najtrwalsze po\u0142\u0105czenia klejowe<\/p>\n","protected":false},"featured_media":30100,"template":"","meta":[],"product_brand":[],"product_cat":[269],"product_tag":[],"class_list":{"0":"post-29450","1":"product","2":"type-product","3":"status-publish","4":"has-post-thumbnail","6":"product_cat-krzesla","8":"first","9":"instock","10":"taxable","11":"shipping-taxable","12":"purchasable","13":"product-type-simple"},"jetpack_sharing_enabled":true,"_links":{"self":[{"href":"https:\/\/www.jkg-meble.pl\/index.php\/wp-json\/wp\/v2\/product\/29450","targetHints":{"allow":["GET"]}}],"collection":[{"href":"https:\/\/www.jkg-meble.pl\/index.php\/wp-json\/wp\/v2\/product"}],"about":[{"href":"https:\/\/www.jkg-meble.pl\/index.php\/wp-json\/wp\/v2\/types\/product"}],"version-history":[{"count":4,"href":"https:\/\/www.jkg-meble.pl\/index.php\/wp-json\/wp\/v2\/product\/29450\/revisions"}],"predecessor-version":[{"id":30463,"href":"https:\/\/www.jkg-meble.pl\/index.php\/wp-json\/wp\/v2\/product\/29450\/revisions\/30463"}],"wp:featuredmedia":[{"embeddable":true,"href":"https:\/\/www.jkg-meble.pl\/index.php\/wp-json\/wp\/v2\/media\/30100"}],"wp:attachment":[{"href":"https:\/\/www.jkg-meble.pl\/index.php\/wp-json\/wp\/v2\/media?parent=29450"}],"wp:term":[{"taxonomy":"product_brand","embeddable":true,"href":"https:\/\/www.jkg-meble.pl\/index.php\/wp-json\/wp\/v2\/product_brand?post=29450"},{"taxonomy":"product_cat","embeddable":true,"href":"https:\/\/www.jkg-meble.pl\/index.php\/wp-json\/wp\/v2\/product_cat?post=29450"},{"taxonomy":"product_tag","embeddable":true,"href":"https:\/\/www.jkg-meble.pl\/index.php\/wp-json\/wp\/v2\/product_tag?post=29450"}],"curies":[{"name":"wp","href":"https:\/\/api.w.org\/{rel}","templated":true}]}}