{"id":29453,"date":"2025-05-14T18:51:43","date_gmt":"2025-05-14T18:51:43","guid":{"rendered":"https:\/\/www.jkg-meble.pl\/?post_type=product&#038;p=29453"},"modified":"2026-03-25T12:11:37","modified_gmt":"2026-03-25T12:11:37","slug":"siedzisko-s1-40x40","status":"publish","type":"product","link":"https:\/\/www.jkg-meble.pl\/index.php\/produkt\/siedzisko-s1-40x40\/","title":{"rendered":"Siedzisko S1 40&#215;40"},"content":{"rendered":"\t\t<div data-elementor-type=\"wp-post\" data-elementor-id=\"29453\" class=\"elementor elementor-29453\">\n\t\t\t\t<div class=\"wd-negative-gap elementor-element elementor-element-49241af9 e-flex e-con-boxed e-con e-parent\" data-id=\"49241af9\" data-element_type=\"container\" data-e-type=\"container\">\n\t\t\t\t\t<div class=\"e-con-inner\">\n\t\t\t\t<div class=\"elementor-element elementor-element-6fb13f6f color-scheme-inherit text-left elementor-widget elementor-widget-text-editor\" data-id=\"6fb13f6f\" data-element_type=\"widget\" data-e-type=\"widget\" data-widget_type=\"text-editor.default\">\n\t\t\t\t\t\t\t\t\t<h2>Charakterystyka siedziska S1 40&#215;40<\/h2><ul style=\"list-style: none; padding-left: 0;\"><li><section class=\"text-token-text-primary w-full focus:outline-none [--shadow-height:45px] has-data-writing-block:pointer-events-none has-data-writing-block:-mt-(--shadow-height) has-data-writing-block:pt-(--shadow-height) [&amp;:has([data-writing-block])&gt;*]:pointer-events-auto scroll-mt-[calc(var(--header-height)+min(200px,max(70px,20svh)))]\" dir=\"auto\" data-turn-id=\"request-69bbf599-3be0-8397-a53c-a55788d17201-2\" data-testid=\"conversation-turn-60\" data-scroll-anchor=\"true\" data-turn=\"assistant\"><div class=\"text-base my-auto mx-auto pb-10 [--thread-content-margin:var(--thread-content-margin-xs,calc(var(--spacing)*4))] @w-sm\/main:[--thread-content-margin:var(--thread-content-margin-sm,calc(var(--spacing)*6))] @w-lg\/main:[--thread-content-margin:var(--thread-content-margin-lg,calc(var(--spacing)*16))] px-(--thread-content-margin)\"><div class=\"[--thread-content-max-width:40rem] @w-lg\/main:[--thread-content-max-width:48rem] mx-auto max-w-(--thread-content-max-width) flex-1 group\/turn-messages focus-visible:outline-hidden relative flex w-full min-w-0 flex-col agent-turn\"><div class=\"flex max-w-full flex-col gap-4 grow\"><div class=\"min-h-8 text-message relative flex w-full flex-col items-end gap-2 text-start break-words whitespace-normal outline-none keyboard-focused:focus-ring [.text-message+&amp;]:mt-1\" dir=\"auto\" tabindex=\"0\" data-message-author-role=\"assistant\" data-message-id=\"228d308f-9973-425a-87fb-bde07613600d\" data-message-model-slug=\"gpt-5-4-thinking\" data-turn-start-message=\"true\"><div class=\"flex w-full flex-col gap-1 empty:hidden\"><div class=\"markdown prose dark:prose-invert w-full wrap-break-word light markdown-new-styling\"><ul data-start=\"0\" data-end=\"897\" data-is-last-node=\"\" data-is-only-node=\"\"><li data-section-id=\"141fkop\" data-start=\"0\" data-end=\"101\">\ud83e\ude91 <strong data-start=\"5\" data-end=\"46\">Stylowa pufa \/ siedzisko tapicerowane<\/strong> \u2013 idealne do kuchni, jadalni, salonu lub przedpokoju<\/li><li data-section-id=\"cw0je4\" data-start=\"102\" data-end=\"211\">\u2601\ufe0f <strong data-start=\"107\" data-end=\"150\">Siedzisko z wysokoelastyczn\u0105 piank\u0105 T30<\/strong> \u2013 wygodne, spr\u0119\u017cyste i komfortowe w codziennym u\u017cytkowaniu<\/li><li data-section-id=\"1o6dvrk\" data-start=\"212\" data-end=\"327\">\ud83c\udfa8 <strong data-start=\"217\" data-end=\"286\">Szeroki wyb\u00f3r kolor\u00f3w i najlepszych gatunkowo tkanin tapicerskich<\/strong> \u2013 \u0142atwe dopasowanie do ka\u017cdego wn\u0119trza<\/li><li data-section-id=\"qgwvsg\" data-start=\"328\" data-end=\"412\">\u2728 <strong data-start=\"332\" data-end=\"365\">Elegancki i nowoczesny wygl\u0105d<\/strong> \u2013 modny design pasuj\u0105cy do r\u00f3\u017cnych aran\u017cacji<\/li><li data-section-id=\"qj00kf\" data-start=\"413\" data-end=\"510\">\ud83d\udccf <strong data-start=\"418\" data-end=\"454\">Funkcjonalne, kompaktowe wymiary<\/strong> \u2013 idealne rozwi\u0105zanie nawet do mniejszych pomieszcze\u0144<\/li><li data-section-id=\"1ujnone\" data-start=\"511\" data-end=\"637\">\ud83e\udeb5 <strong data-start=\"516\" data-end=\"575\">Nogi z drewna bukowego z mo\u017cliwo\u015bci\u0105 wyboru wybarwienia<\/strong> \u2013 estetyczne i trwa\u0142e wyko\u0144czenie dopasowane do stylu mebla<\/li><li data-section-id=\"14zzi0w\" data-start=\"638\" data-end=\"739\">\ud83c\udfd7\ufe0f <strong data-start=\"644\" data-end=\"680\">Solidna i wytrzyma\u0142a konstrukcja<\/strong> \u2013 stabilno\u015b\u0107 oraz wysoki komfort u\u017cytkowania na co dzie\u0144<\/li><li data-section-id=\"163glmg\" data-start=\"740\" data-end=\"814\">\ud83c\uddf5\ud83c\uddf1 <strong data-start=\"747\" data-end=\"767\">Polski producent<\/strong> \u2013 wysoka jako\u015b\u0107 wykonania i dba\u0142o\u015b\u0107 o detale<\/li><li data-section-id=\"nog138\" data-start=\"815\" data-end=\"897\" data-is-last-node=\"\">\u23f1\ufe0f <strong data-start=\"820\" data-end=\"846\">Kr\u00f3tki czas realizacji<\/strong> \u2013 szybka produkcja i sprawna realizacja zam\u00f3wienia<\/li><\/ul><\/div><\/div><\/div><\/div><\/div><\/div><\/section><\/li><\/ul><h3>Wymiary:<\/h3><ul><li>\u2194\ufe0f <strong>Szeroko\u015b\u0107 siedziska:<\/strong> 40 cm<\/li><li>\u2195\ufe0f <strong>G\u0142\u0119boko\u015b\u0107:<\/strong> 40 cm<\/li><li>\ud83e\ude91 <strong>Wysoko\u015b\u0107 siedziska:<\/strong> 48 cm<\/li><\/ul>\t\t\t\t\t\t\t\t<\/div>\n\t\t\t\t\t<\/div>\n\t\t\t\t<\/div>\n\t\t\t\t<\/div>\n\t\t","protected":false},"excerpt":{"rendered":"<p>Charakterystyka siedziska S1 40&#215;40 \ud83e\ude91 Stylowa pufa \/ siedzisko tapicerowane \u2013 idealne do kuchni, jadalni, salonu lub przedpokoju \u2601\ufe0f Siedzisko<\/p>\n","protected":false},"featured_media":30090,"template":"","meta":[],"product_brand":[],"product_cat":[269],"product_tag":[],"class_list":{"0":"post-29453","1":"product","2":"type-product","3":"status-publish","4":"has-post-thumbnail","6":"product_cat-krzesla","8":"first","9":"instock","10":"taxable","11":"shipping-taxable","12":"purchasable","13":"product-type-simple"},"jetpack_sharing_enabled":true,"_links":{"self":[{"href":"https:\/\/www.jkg-meble.pl\/index.php\/wp-json\/wp\/v2\/product\/29453","targetHints":{"allow":["GET"]}}],"collection":[{"href":"https:\/\/www.jkg-meble.pl\/index.php\/wp-json\/wp\/v2\/product"}],"about":[{"href":"https:\/\/www.jkg-meble.pl\/index.php\/wp-json\/wp\/v2\/types\/product"}],"version-history":[{"count":5,"href":"https:\/\/www.jkg-meble.pl\/index.php\/wp-json\/wp\/v2\/product\/29453\/revisions"}],"predecessor-version":[{"id":30459,"href":"https:\/\/www.jkg-meble.pl\/index.php\/wp-json\/wp\/v2\/product\/29453\/revisions\/30459"}],"wp:featuredmedia":[{"embeddable":true,"href":"https:\/\/www.jkg-meble.pl\/index.php\/wp-json\/wp\/v2\/media\/30090"}],"wp:attachment":[{"href":"https:\/\/www.jkg-meble.pl\/index.php\/wp-json\/wp\/v2\/media?parent=29453"}],"wp:term":[{"taxonomy":"product_brand","embeddable":true,"href":"https:\/\/www.jkg-meble.pl\/index.php\/wp-json\/wp\/v2\/product_brand?post=29453"},{"taxonomy":"product_cat","embeddable":true,"href":"https:\/\/www.jkg-meble.pl\/index.php\/wp-json\/wp\/v2\/product_cat?post=29453"},{"taxonomy":"product_tag","embeddable":true,"href":"https:\/\/www.jkg-meble.pl\/index.php\/wp-json\/wp\/v2\/product_tag?post=29453"}],"curies":[{"name":"wp","href":"https:\/\/api.w.org\/{rel}","templated":true}]}}