{"id":29490,"date":"2025-05-31T19:22:01","date_gmt":"2025-05-31T19:22:01","guid":{"rendered":"https:\/\/www.jkg-meble.pl\/?post_type=product&#038;p=29490"},"modified":"2026-04-13T14:10:50","modified_gmt":"2026-04-13T14:10:50","slug":"naroznik-kuchenny-milano","status":"publish","type":"product","link":"https:\/\/www.jkg-meble.pl\/index.php\/produkt\/naroznik-kuchenny-milano\/","title":{"rendered":"Naro\u017cnik kuchenny Milano"},"content":{"rendered":"\t\t<div data-elementor-type=\"wp-post\" data-elementor-id=\"29490\" class=\"elementor elementor-29490\">\n\t\t\t\t<div class=\"wd-negative-gap elementor-element elementor-element-c786e6c e-grid e-con-boxed e-con e-parent\" data-id=\"c786e6c\" data-element_type=\"container\" data-e-type=\"container\">\n\t\t\t\t\t<div class=\"e-con-inner\">\n\t\t\t\t<div class=\"elementor-element elementor-element-b1654a2 elementor-widget elementor-widget-wd_text_block\" data-id=\"b1654a2\" data-element_type=\"widget\" data-e-type=\"widget\" data-widget_type=\"wd_text_block.default\">\n\t\t\t\t<div class=\"elementor-widget-container\">\n\t\t\t\t\t\t\t<div class=\"wd-text-block reset-last-child text-left\">\n\t\t\t\n\t\t\t<p><strong>Milano - nowoczesny naro\u017cnik<\/strong> <strong>tapicerowany<\/strong> do kuchni i jadalni wyr\u00f3\u017cnia si\u0119 prost\u0105, dopracowan\u0105 form\u0105 oraz oryginalnymi drewnianymi nogami w kszta\u0142cie trapezu.<\/p><p>To mebel stworzony z my\u015bl\u0105 o osobach ceni\u0105cych elegancj\u0119, wygod\u0119 i niebanalne detale.<\/p><p>Tapicerowane siedzisko oraz staranne wyko\u0144czenie sprawiaj\u0105, \u017ce naro\u017cnik nadaje wn\u0119trzu przytulny, a jednocze\u015bnie stylowy wygl\u0105d.<\/p><p>Naro\u017cnik zapewnia ergonomiczne wykorzystanie niewielkich przestrzeni w kuchni b\u0105d\u017a jadalni dzi\u0119ki mo\u017cliwo\u015bci wyboru lewej lub prawej strony pod indywidualne preferencje.<\/p><h5>Produkujemy meble na wymiar z dba\u0142o\u015bci\u0105 o ka\u017cdy szczeg\u00f3\u0142.<\/h5>\n\t\t\t\t\t<\/div>\n\t\t\t\t\t\t<\/div>\n\t\t\t\t<\/div>\n\t\t\t\t<div class=\"elementor-element elementor-element-a1b9cb8 elementor-widget elementor-widget-wd_text_block\" data-id=\"a1b9cb8\" data-element_type=\"widget\" data-e-type=\"widget\" data-widget_type=\"wd_text_block.default\">\n\t\t\t\t<div class=\"elementor-widget-container\">\n\t\t\t\t\t\t\t<div class=\"wd-text-block reset-last-child text-left\">\n\t\t\t\n\t\t\t<ul><li data-section-id=\"aev4nm\" data-start=\"0\" data-end=\"103\"><p data-start=\"2\" data-end=\"103\">\u2728 <strong data-start=\"4\" data-end=\"101\">Ekskluzywna \u0142awka naro\u017cna do kuchni lub jadalni, kt\u00f3ra \u0142\u0105czy elegancj\u0119 z codziennym komfortem<\/strong><\/p><\/li><li data-section-id=\"9u3re\" data-start=\"104\" data-end=\"211\"><p data-start=\"106\" data-end=\"211\">\ud83e\uddf5 <strong data-start=\"109\" data-end=\"209\">Mo\u017cliwo\u015b\u0107 wyboru wysokiej jako\u015bci tkanin obiciowych, kt\u00f3re podkre\u015blaj\u0105 wyj\u0105tkowy charakter mebla<\/strong><\/p><\/li><li data-section-id=\"15vvrql\" data-start=\"212\" data-end=\"316\"><p data-start=\"214\" data-end=\"316\">\ud83e\udeb5 <strong data-start=\"217\" data-end=\"314\">Stylowe nogi z drewna bukowego w nietypowym kszta\u0142cie trapezu z opcj\u0105 wyboru koloru wybarwienia<\/strong><\/p><\/li><li data-section-id=\"1x57qs7\" data-start=\"317\" data-end=\"417\"><p data-start=\"319\" data-end=\"417\">\ud83c\udfd7\ufe0f <strong data-start=\"323\" data-end=\"415\">Solidna i trwa\u0142a konstrukcja z p\u0142yty wi\u00f3rowej, zapewniaj\u0105ca stabilno\u015b\u0107 i d\u0142ug\u0105 \u017cywotno\u015b\u0107<\/strong><\/p><\/li><li data-section-id=\"1jyqg0r\" data-start=\"418\" data-end=\"518\"><p data-start=\"420\" data-end=\"518\">\u2601\ufe0f <strong data-start=\"423\" data-end=\"516\">Komfortowe siedzisko wykonane z wytrzyma\u0142ej pianki T-30, gwarantuj\u0105cej wygod\u0119 u\u017cytkowania<\/strong><\/p><\/li><li data-section-id=\"jfwdwo\" data-start=\"519\" data-end=\"578\"><p data-start=\"521\" data-end=\"578\">\u23f1\ufe0f <strong data-start=\"524\" data-end=\"576\">Sprawny czas realizacji \u2013 tylko 21 dni roboczych<\/strong><\/p><\/li><li data-section-id=\"1cje4sp\" data-start=\"579\" data-end=\"680\"><p data-start=\"581\" data-end=\"680\">\ud83c\uddf5\ud83c\uddf1 <strong data-start=\"586\" data-end=\"678\">Polski producent mebli, stawiaj\u0105cy na jako\u015b\u0107 wykonania, estetyk\u0119 i dba\u0142o\u015b\u0107 o ka\u017cdy detal<\/strong><\/p><\/li><\/ul><h3>Wymiary:<\/h3><ul><li><strong>Szeroko\u015b\u0107: mo\u017cemy wykona\u0107 dowolny rozmiar<\/strong><\/li><li><strong>G\u0142\u0119boko\u015b\u0107:\u00a0 mo\u017cemy wykona\u0107 dowolny rozmiar<\/strong><\/li><li><strong>G\u0142\u0119boko\u015b\u0107 mebla: 55cm<\/strong><\/li><li><strong>Wysoko\u015b\u0107 mebla: 95cm<\/strong><\/li><li><strong>Wysoko\u015b\u0107 siedziska: 50cm<\/strong><\/li><li><strong>G\u0142\u0119boko\u015b\u0107 siedziska: 42cm<\/strong><\/li><li><strong>Wysoko\u015b\u0107 n\u00f3\u017cek: 35cm<\/strong><\/li><\/ul>\n\t\t\t\t\t<\/div>\n\t\t\t\t\t\t<\/div>\n\t\t\t\t<\/div>\n\t\t\t\t\t<\/div>\n\t\t\t\t<\/div>\n\t\t\t\t<\/div>\n\t\t","protected":false},"excerpt":{"rendered":"<p>Milano &#8211; nowoczesny naro\u017cnik tapicerowany do kuchni i jadalni wyr\u00f3\u017cnia si\u0119 prost\u0105, dopracowan\u0105 form\u0105 oraz oryginalnymi drewnianymi nogami w kszta\u0142cie<\/p>\n","protected":false},"featured_media":29926,"template":"","meta":[],"product_brand":[],"product_cat":[270],"product_tag":[],"class_list":{"0":"post-29490","1":"product","2":"type-product","3":"status-publish","4":"has-post-thumbnail","6":"product_cat-narozniki-kuchenne","8":"first","9":"instock","10":"taxable","11":"shipping-taxable","12":"purchasable","13":"product-type-simple"},"jetpack_sharing_enabled":true,"_links":{"self":[{"href":"https:\/\/www.jkg-meble.pl\/index.php\/wp-json\/wp\/v2\/product\/29490","targetHints":{"allow":["GET"]}}],"collection":[{"href":"https:\/\/www.jkg-meble.pl\/index.php\/wp-json\/wp\/v2\/product"}],"about":[{"href":"https:\/\/www.jkg-meble.pl\/index.php\/wp-json\/wp\/v2\/types\/product"}],"version-history":[{"count":20,"href":"https:\/\/www.jkg-meble.pl\/index.php\/wp-json\/wp\/v2\/product\/29490\/revisions"}],"predecessor-version":[{"id":30729,"href":"https:\/\/www.jkg-meble.pl\/index.php\/wp-json\/wp\/v2\/product\/29490\/revisions\/30729"}],"wp:featuredmedia":[{"embeddable":true,"href":"https:\/\/www.jkg-meble.pl\/index.php\/wp-json\/wp\/v2\/media\/29926"}],"wp:attachment":[{"href":"https:\/\/www.jkg-meble.pl\/index.php\/wp-json\/wp\/v2\/media?parent=29490"}],"wp:term":[{"taxonomy":"product_brand","embeddable":true,"href":"https:\/\/www.jkg-meble.pl\/index.php\/wp-json\/wp\/v2\/product_brand?post=29490"},{"taxonomy":"product_cat","embeddable":true,"href":"https:\/\/www.jkg-meble.pl\/index.php\/wp-json\/wp\/v2\/product_cat?post=29490"},{"taxonomy":"product_tag","embeddable":true,"href":"https:\/\/www.jkg-meble.pl\/index.php\/wp-json\/wp\/v2\/product_tag?post=29490"}],"curies":[{"name":"wp","href":"https:\/\/api.w.org\/{rel}","templated":true}]}}