{"id":29498,"date":"2025-05-31T19:26:04","date_gmt":"2025-05-31T19:26:04","guid":{"rendered":"https:\/\/www.jkg-meble.pl\/?post_type=product&#038;p=29498"},"modified":"2026-04-13T06:12:25","modified_gmt":"2026-04-13T06:12:25","slug":"naroznik-kuchenny-noto","status":"publish","type":"product","link":"https:\/\/www.jkg-meble.pl\/index.php\/produkt\/naroznik-kuchenny-noto\/","title":{"rendered":"Naro\u017cnik kuchenny Noto"},"content":{"rendered":"\t\t<div data-elementor-type=\"wp-post\" data-elementor-id=\"29498\" class=\"elementor elementor-29498\">\n\t\t\t\t<div class=\"wd-negative-gap elementor-element elementor-element-5ceb599 e-grid e-con-boxed e-con e-parent\" data-id=\"5ceb599\" data-element_type=\"container\" data-e-type=\"container\">\n\t\t\t\t\t<div class=\"e-con-inner\">\n\t\t\t\t<div class=\"elementor-element elementor-element-1505cc4 elementor-widget elementor-widget-wd_text_block\" data-id=\"1505cc4\" data-element_type=\"widget\" data-e-type=\"widget\" data-widget_type=\"wd_text_block.default\">\n\t\t\t\t<div class=\"elementor-widget-container\">\n\t\t\t\t\t\t\t<div class=\"wd-text-block reset-last-child text-left\">\n\t\t\t\n\t\t\t<p><strong>Noto - naro\u017cnik tapicerowany<\/strong> kuchenny to idealne po\u0142\u0105czenie wygody, estetyki i funkcjonalno\u015bci.<\/p><p>Doskonale sprawdza si\u0119 w kuchni oraz jadalni, tworz\u0105c komfortowe miejsce do codziennych posi\u0142k\u00f3w i spotka\u0144 z rodzin\u0105.<\/p><p>Mi\u0119kkie siedziska, nowoczesny wygl\u0105d i solidne wykonanie sprawiaj\u0105, \u017ce naro\u017cnik do kuchni jest praktycznym i stylowym wyborem do ka\u017cdego wn\u0119trza.<\/p><p>Mo\u017cliwo\u015b\u0107 <strong>wyboru stron<\/strong> naro\u017cnika w preferowanym u\u0142o\u017ceniu <strong>prawo<\/strong> lub <strong>lewostronnym<\/strong> zapewnia doskona\u0142e ergonomiczne zagospodarowanie wolnej przestrzeni w kuchni b\u0105d\u017a w jadalni.<\/p><h5>Produkujemy meble na wymiar z dba\u0142o\u015bci\u0105 o ka\u017cdy szczeg\u00f3\u0142.<\/h5>\n\t\t\t\t\t<\/div>\n\t\t\t\t\t\t<\/div>\n\t\t\t\t<\/div>\n\t\t\t\t<div class=\"elementor-element elementor-element-1d8c810 elementor-widget elementor-widget-wd_text_block\" data-id=\"1d8c810\" data-element_type=\"widget\" data-e-type=\"widget\" data-widget_type=\"wd_text_block.default\">\n\t\t\t\t<div class=\"elementor-widget-container\">\n\t\t\t\t\t\t\t<div class=\"wd-text-block reset-last-child text-left\">\n\t\t\t\n\t\t\t<div class=\"flex flex-col text-sm pb-25\"><section class=\"text-token-text-primary w-full focus:outline-none [--shadow-height:45px] has-data-writing-block:pointer-events-none has-data-writing-block:-mt-(--shadow-height) has-data-writing-block:pt-(--shadow-height) [&amp;:has([data-writing-block])&gt;*]:pointer-events-auto scroll-mt-(--header-height)\" dir=\"auto\" data-turn-id=\"a6eb4655-51d8-4854-b678-fdc60d3304ce\" data-testid=\"conversation-turn-9\" data-scroll-anchor=\"false\" data-turn=\"user\"><\/section><section class=\"text-token-text-primary w-full focus:outline-none [--shadow-height:45px] has-data-writing-block:pointer-events-none has-data-writing-block:-mt-(--shadow-height) has-data-writing-block:pt-(--shadow-height) [&amp;:has([data-writing-block])&gt;*]:pointer-events-auto scroll-mt-[calc(var(--header-height)+min(200px,max(70px,20svh)))]\" dir=\"auto\" data-turn-id=\"request-WEB:0fb5803b-54ac-47d3-be60-21c62ec83157-4\" data-testid=\"conversation-turn-10\" data-scroll-anchor=\"true\" data-turn=\"assistant\"><div class=\"text-base my-auto mx-auto pb-10 [--thread-content-margin:var(--thread-content-margin-xs,calc(var(--spacing)*4))] @w-sm\/main:[--thread-content-margin:var(--thread-content-margin-sm,calc(var(--spacing)*6))] @w-lg\/main:[--thread-content-margin:var(--thread-content-margin-lg,calc(var(--spacing)*16))] px-(--thread-content-margin)\"><div class=\"[--thread-content-max-width:40rem] @w-lg\/main:[--thread-content-max-width:48rem] mx-auto max-w-(--thread-content-max-width) flex-1 group\/turn-messages focus-visible:outline-hidden relative flex w-full min-w-0 flex-col agent-turn\"><div class=\"flex max-w-full flex-col gap-4 grow\"><div class=\"min-h-8 text-message relative flex w-full flex-col items-end gap-2 text-start break-words whitespace-normal outline-none keyboard-focused:focus-ring [.text-message+&amp;]:mt-1\" dir=\"auto\" tabindex=\"0\" data-message-author-role=\"assistant\" data-message-id=\"cea6d002-30b5-465a-8ebb-62eb258382aa\" data-message-model-slug=\"gpt-5-4-thinking\" data-turn-start-message=\"true\"><div class=\"flex w-full flex-col gap-1 empty:hidden\"><div class=\"markdown prose dark:prose-invert w-full wrap-break-word light markdown-new-styling\"><div class=\"flex flex-col text-sm pb-25\"><section class=\"text-token-text-primary w-full focus:outline-none [--shadow-height:45px] has-data-writing-block:pointer-events-none has-data-writing-block:-mt-(--shadow-height) has-data-writing-block:pt-(--shadow-height) [&amp;:has([data-writing-block])&gt;*]:pointer-events-auto scroll-mt-(--header-height)\" dir=\"auto\" data-turn-id=\"a4f5415b-f626-421d-a8d9-f7859c627651\" data-testid=\"conversation-turn-11\" data-scroll-anchor=\"false\" data-turn=\"user\"><\/section><section class=\"text-token-text-primary w-full focus:outline-none [--shadow-height:45px] has-data-writing-block:pointer-events-none has-data-writing-block:-mt-(--shadow-height) has-data-writing-block:pt-(--shadow-height) [&amp;:has([data-writing-block])&gt;*]:pointer-events-auto scroll-mt-[calc(var(--header-height)+min(200px,max(70px,20svh)))]\" dir=\"auto\" data-turn-id=\"request-WEB:0fb5803b-54ac-47d3-be60-21c62ec83157-5\" data-testid=\"conversation-turn-12\" data-scroll-anchor=\"true\" data-turn=\"assistant\"><div class=\"text-base my-auto mx-auto pb-10 [--thread-content-margin:var(--thread-content-margin-xs,calc(var(--spacing)*4))] @w-sm\/main:[--thread-content-margin:var(--thread-content-margin-sm,calc(var(--spacing)*6))] @w-lg\/main:[--thread-content-margin:var(--thread-content-margin-lg,calc(var(--spacing)*16))] px-(--thread-content-margin)\"><div class=\"[--thread-content-max-width:40rem] @w-lg\/main:[--thread-content-max-width:48rem] mx-auto max-w-(--thread-content-max-width) flex-1 group\/turn-messages focus-visible:outline-hidden relative flex w-full min-w-0 flex-col agent-turn\"><div class=\"flex max-w-full flex-col gap-4 grow\"><div class=\"min-h-8 text-message relative flex w-full flex-col items-end gap-2 text-start break-words whitespace-normal outline-none keyboard-focused:focus-ring [.text-message+&amp;]:mt-1\" dir=\"auto\" tabindex=\"0\" data-message-author-role=\"assistant\" data-message-id=\"91dcf706-c806-4f4c-87be-8ea395922401\" data-message-model-slug=\"gpt-5-4-thinking\" data-turn-start-message=\"true\"><h3>Charakterystyka naro\u017cnika Noto<\/h3><div class=\"flex w-full flex-col gap-1 empty:hidden\"><div class=\"markdown prose dark:prose-invert w-full wrap-break-word light markdown-new-styling\"><ul data-start=\"0\" data-end=\"561\" data-is-last-node=\"\" data-is-only-node=\"\"><li data-section-id=\"17gb69e\" data-start=\"0\" data-end=\"93\"><p data-start=\"2\" data-end=\"93\">\ud83d\udecb\ufe0f <strong data-start=\"6\" data-end=\"91\">Stylowa \u0142awka naro\u017cna do kuchni lub jadalni, \u0142\u0105cz\u0105ca wygod\u0119 z eleganckim wygl\u0105dem<\/strong><\/p><\/li><li data-section-id=\"1cl31kc\" data-start=\"94\" data-end=\"183\"><p data-start=\"96\" data-end=\"183\">\ud83c\udfa8 <strong data-start=\"99\" data-end=\"181\">Mo\u017cliwo\u015b\u0107 dopasowania mebla dzi\u0119ki wyborowi wysokiej jako\u015bci tkanin obiciowych<\/strong><\/p><\/li><li data-section-id=\"mgc81w\" data-start=\"184\" data-end=\"261\"><p data-start=\"186\" data-end=\"261\">\ud83e\udeb5 <strong data-start=\"189\" data-end=\"259\">Drewniane nogi z bukowego drewna z opcj\u0105 wyboru koloru wyko\u0144czenia<\/strong><\/p><\/li><li data-section-id=\"1iuodko\" data-start=\"262\" data-end=\"334\"><p data-start=\"264\" data-end=\"334\">\ud83e\uddf1 <strong data-start=\"267\" data-end=\"332\">Mocna i trwa\u0142a konstrukcja wykonana z solidnej p\u0142yty wi\u00f3rowej<\/strong><\/p><\/li><li data-section-id=\"t1l233\" data-start=\"335\" data-end=\"409\"><p data-start=\"337\" data-end=\"409\">\u2601\ufe0f <strong data-start=\"340\" data-end=\"407\">Komfort u\u017cytkowania zapewnia spr\u0119\u017cysta i wytrzyma\u0142a pianka T-30<\/strong><\/p><\/li><li data-section-id=\"hkbg3v\" data-start=\"410\" data-end=\"497\"><p data-start=\"412\" data-end=\"497\">\ud83c\uddf5\ud83c\uddf1 <strong data-start=\"417\" data-end=\"495\">Polski producent mebli \u2013 gwarancja solidnego wykonania i dba\u0142o\u015bci o detale<\/strong><\/p><\/li><li data-section-id=\"1yl6wrv\" data-start=\"498\" data-end=\"561\" data-is-last-node=\"\"><p data-start=\"500\" data-end=\"561\" data-is-last-node=\"\">\u23f1\ufe0f <strong data-start=\"503\" data-end=\"561\" data-is-last-node=\"\">Sprawna realizacja zam\u00f3wienia \u2013 tylko 21 dni roboczych<\/strong><\/p><\/li><li data-section-id=\"1yl6wrv\" data-start=\"498\" data-end=\"561\" data-is-last-node=\"\">\ud83d\udcb0 <strong data-start=\"982\" data-end=\"1019\">Wysoka jako\u015b\u0107 w atrakcyjnej cenie<\/strong> <strong>\u2013 trwa\u0142y i estetyczny mebel w bardzo korzystnym stosunku jako\u015bci do ceny.<\/strong><\/li><\/ul><\/div><\/div><\/div><\/div><div class=\"z-0 flex min-h-[46px] justify-start\"><h3>Wymiary:<\/h3><ul><li><strong>Szeroko\u015b\u0107: mo\u017cemy wykona\u0107 dowolny rozmiar<\/strong><\/li><li><strong>G\u0142\u0119boko\u015b\u0107:\u00a0 mo\u017cemy wykona\u0107 dowolny rozmiar<\/strong><\/li><li><strong>G\u0142\u0119boko\u015b\u0107 mebla: 51cm<\/strong><\/li><li><strong>Wysoko\u015b\u0107 mebla: 83cm<\/strong><\/li><li><strong>Wysoko\u015b\u0107 siedziska: 50cm<\/strong><\/li><li><strong>G\u0142\u0119boko\u015b\u0107 siedziska: 44cm<\/strong><\/li><li><strong>Wysoko\u015b\u0107 n\u00f3\u017cek: 20cm<\/strong><\/li><\/ul><\/div><div class=\"mt-3 w-full empty:hidden\"><div class=\"text-center\">\u00a0<\/div><\/div><\/div><\/div><\/section><\/div><div class=\"pointer-events-none h-px w-px absolute bottom-0\" aria-hidden=\"true\" data-edge=\"true\">\u00a0<\/div><\/div><\/div><\/div><\/div><div class=\"z-0 flex min-h-[46px] justify-start\">\u00a0<\/div><div class=\"mt-3 w-full empty:hidden\"><div class=\"text-center\">\u00a0<\/div><\/div><\/div><\/div><\/section><\/div><div class=\"pointer-events-none h-px w-px absolute bottom-0\" aria-hidden=\"true\" data-edge=\"true\">\u00a0<\/div>\n\t\t\t\t\t<\/div>\n\t\t\t\t\t\t<\/div>\n\t\t\t\t<\/div>\n\t\t\t\t\t<\/div>\n\t\t\t\t<\/div>\n\t\t<div class=\"wd-negative-gap elementor-element elementor-element-a01c1d4 e-flex e-con-boxed e-con e-parent\" data-id=\"a01c1d4\" data-element_type=\"container\" data-e-type=\"container\">\n\t\t\t\t\t<div class=\"e-con-inner\">\n\t\t\t\t\t<\/div>\n\t\t\t\t<\/div>\n\t\t\t\t<\/div>\n\t\t","protected":false},"excerpt":{"rendered":"<p>Noto &#8211; naro\u017cnik tapicerowany kuchenny to idealne po\u0142\u0105czenie wygody, estetyki i funkcjonalno\u015bci. Doskonale sprawdza si\u0119 w kuchni oraz jadalni, tworz\u0105c<\/p>\n","protected":false},"featured_media":29946,"template":"","meta":[],"product_brand":[],"product_cat":[270],"product_tag":[],"class_list":{"0":"post-29498","1":"product","2":"type-product","3":"status-publish","4":"has-post-thumbnail","6":"product_cat-narozniki-kuchenne","8":"first","9":"instock","10":"taxable","11":"shipping-taxable","12":"purchasable","13":"product-type-simple"},"jetpack_sharing_enabled":true,"_links":{"self":[{"href":"https:\/\/www.jkg-meble.pl\/index.php\/wp-json\/wp\/v2\/product\/29498","targetHints":{"allow":["GET"]}}],"collection":[{"href":"https:\/\/www.jkg-meble.pl\/index.php\/wp-json\/wp\/v2\/product"}],"about":[{"href":"https:\/\/www.jkg-meble.pl\/index.php\/wp-json\/wp\/v2\/types\/product"}],"version-history":[{"count":26,"href":"https:\/\/www.jkg-meble.pl\/index.php\/wp-json\/wp\/v2\/product\/29498\/revisions"}],"predecessor-version":[{"id":30628,"href":"https:\/\/www.jkg-meble.pl\/index.php\/wp-json\/wp\/v2\/product\/29498\/revisions\/30628"}],"wp:featuredmedia":[{"embeddable":true,"href":"https:\/\/www.jkg-meble.pl\/index.php\/wp-json\/wp\/v2\/media\/29946"}],"wp:attachment":[{"href":"https:\/\/www.jkg-meble.pl\/index.php\/wp-json\/wp\/v2\/media?parent=29498"}],"wp:term":[{"taxonomy":"product_brand","embeddable":true,"href":"https:\/\/www.jkg-meble.pl\/index.php\/wp-json\/wp\/v2\/product_brand?post=29498"},{"taxonomy":"product_cat","embeddable":true,"href":"https:\/\/www.jkg-meble.pl\/index.php\/wp-json\/wp\/v2\/product_cat?post=29498"},{"taxonomy":"product_tag","embeddable":true,"href":"https:\/\/www.jkg-meble.pl\/index.php\/wp-json\/wp\/v2\/product_tag?post=29498"}],"curies":[{"name":"wp","href":"https:\/\/api.w.org\/{rel}","templated":true}]}}