{"id":29530,"date":"2025-09-11T08:54:38","date_gmt":"2025-09-11T08:54:38","guid":{"rendered":"https:\/\/www.jkg-meble.pl\/?post_type=product&#038;p=29530"},"modified":"2026-04-13T06:11:00","modified_gmt":"2026-04-13T06:11:00","slug":"naroznik-kuchenny-palermo","status":"publish","type":"product","link":"https:\/\/www.jkg-meble.pl\/index.php\/produkt\/naroznik-kuchenny-palermo\/","title":{"rendered":"Naro\u017cnik kuchenny Palermo"},"content":{"rendered":"\t\t<div data-elementor-type=\"wp-post\" data-elementor-id=\"29530\" class=\"elementor elementor-29530\">\n\t\t\t\t<div class=\"wd-negative-gap elementor-element elementor-element-1bf17790 e-flex e-con-boxed e-con e-parent\" data-id=\"1bf17790\" data-element_type=\"container\" data-e-type=\"container\">\n\t\t\t\t\t<div class=\"e-con-inner\">\n\t\t\t\t<div class=\"elementor-element elementor-element-27a7b061 color-scheme-inherit text-left elementor-widget elementor-widget-text-editor\" data-id=\"27a7b061\" data-element_type=\"widget\" data-e-type=\"widget\" data-widget_type=\"text-editor.default\">\n\t\t\t\t\t\t\t\t\t<p>Naro\u017cnik <strong>Palermo<\/strong> to po\u0142\u0105czenie klasycznego wzornictwa z praktycznymi rozwi\u0105zaniami, kt\u00f3re \u015bwietnie sprawdz\u0105 si\u0119 zar\u00f3wno w nowoczesnych, jak i tradycyjnych wn\u0119trzach. To doskona\u0142a propozycja dla os\u00f3b ceni\u0105cych <strong>wygod\u0119, trwa\u0142o\u015b\u0107 i estetyk\u0119<\/strong> w codziennym u\u017cytkowaniu.<\/p><ul><li data-section-id=\"146zbbq\" data-start=\"0\" data-end=\"112\">\ud83d\udccf <strong data-start=\"5\" data-end=\"57\">Naro\u017cnik do kuchni lub jadalni na dowolny wymiar<\/strong> \u2013 idealne dopasowanie mebla do dost\u0119pnej przestrzeni<\/li><li data-section-id=\"14dgy4u\" data-start=\"113\" data-end=\"194\">\u2194\ufe0f <strong data-start=\"118\" data-end=\"142\">Naro\u017cnik uniwersalny<\/strong> \u2013 mo\u017cliwo\u015b\u0107 wyboru wersji prawej lub lewej strony<\/li><li data-section-id=\"1nftj2j\" data-start=\"195\" data-end=\"322\">\u2601\ufe0f <strong data-start=\"200\" data-end=\"249\">Wysokiej jako\u015bci wysoko-elastyczna pianka T30<\/strong> \u2013 wygodne, spr\u0119\u017cyste i komfortowe siedzisko do codziennego u\u017cytkowania<\/li><li data-section-id=\"1i1g74e\" data-start=\"323\" data-end=\"451\">\ud83e\uddf5 <strong data-start=\"328\" data-end=\"350\">Mebel wolnostoj\u0105cy<\/strong> \u2013 ty\u0142 naro\u017cnika obity tkanin\u0105, dzi\u0119ki czemu \u015bwietnie prezentuje si\u0119 r\u00f3wnie\u017c w otwartej przestrzeni<\/li><li data-section-id=\"1payq1c\" data-start=\"452\" data-end=\"566\">\u2728 <strong data-start=\"456\" data-end=\"507\">Eleganckie i nietuzinkowe przeszycia na oparciu<\/strong> \u2013 stylowy detal podkre\u015blaj\u0105cy nowoczesny charakter mebla<\/li><li data-section-id=\"1asb5nj\" data-start=\"567\" data-end=\"653\">\ud83d\udecb\ufe0f <strong data-start=\"573\" data-end=\"598\">Mocna tkanina w cenie<\/strong> \u2013 trwa\u0142e i estetyczne obicie bez dodatkowych koszt\u00f3w<\/li><li data-section-id=\"q8akko\" data-start=\"654\" data-end=\"753\">\ud83c\udfa8 <strong data-start=\"659\" data-end=\"689\">Szeroka gama kolorystyczna<\/strong> \u2013 \u0142atwe dopasowanie naro\u017cnika do aran\u017cacji kuchni lub jadalni<\/li><li data-section-id=\"1lvrp5g\" data-start=\"754\" data-end=\"864\">\ud83d\udda4 <strong data-start=\"759\" data-end=\"805\">Metalowe nogi malowane proszkowo na czarno<\/strong> \u2013 nowoczesne wyko\u0144czenie nadaj\u0105ce meblowi wyrazisty styl<\/li><li data-section-id=\"q5tei1\" data-start=\"865\" data-end=\"972\" data-is-last-node=\"\">\ud83c\uddf5\ud83c\uddf1 <strong data-start=\"872\" data-end=\"906\">Polski lokalny producent mebli<\/strong> \u2013 wysoka jako\u015b\u0107 wykonania i bardzo dobry stosunek ceny do jako\u015bci<\/li><\/ul><p><strong>Palermo<\/strong> jest doskona\u0142ym wyborem dla os\u00f3b ceni\u0105cych nietuzinkowe po\u0142\u0105czenia oryginalnego kszta\u0142tu z wygod\u0105 i ergonomicznym zagospodarowaniem przestrzeni w kuchni lub jadalni.<\/p><h2>Wymiary:<\/h2><ul><li><strong>Szeroko\u015b\u0107: mo\u017cemy wykona\u0107 dowolny rozmiar<\/strong><\/li><li><strong>G\u0142\u0119boko\u015b\u0107: mo\u017cemy wykona\u0107 dowolny rozmiar<\/strong><\/li><li><strong>Wysoko\u015b\u0107 mebla: 100cm<\/strong><\/li><li><strong>Wysoko\u015b\u0107 siedziska: 50cm<\/strong><\/li><li><strong>G\u0142\u0119boko\u015b\u0107 siedziska: 45cm<\/strong><\/li><li><strong>G\u0142\u0119boko\u015b\u0107 ca\u0142kowita siedziska: 65cm<\/strong><\/li><li><strong>Wysoko\u015b\u0107 n\u00f3\u017cek: 15cm<\/strong><\/li><\/ul>\t\t\t\t\t\t\t\t<\/div>\n\t\t\t\t\t<\/div>\n\t\t\t\t<\/div>\n\t\t\t\t<\/div>\n\t\t","protected":false},"excerpt":{"rendered":"<p>Naro\u017cnik Palermo to po\u0142\u0105czenie klasycznego wzornictwa z praktycznymi rozwi\u0105zaniami, kt\u00f3re \u015bwietnie sprawdz\u0105 si\u0119 zar\u00f3wno w nowoczesnych, jak i tradycyjnych wn\u0119trzach.<\/p>\n","protected":false},"featured_media":29928,"template":"","meta":[],"product_brand":[],"product_cat":[270],"product_tag":[],"class_list":{"0":"post-29530","1":"product","2":"type-product","3":"status-publish","4":"has-post-thumbnail","6":"product_cat-narozniki-kuchenne","8":"first","9":"instock","10":"taxable","11":"shipping-taxable","12":"purchasable","13":"product-type-simple"},"jetpack_sharing_enabled":true,"_links":{"self":[{"href":"https:\/\/www.jkg-meble.pl\/index.php\/wp-json\/wp\/v2\/product\/29530","targetHints":{"allow":["GET"]}}],"collection":[{"href":"https:\/\/www.jkg-meble.pl\/index.php\/wp-json\/wp\/v2\/product"}],"about":[{"href":"https:\/\/www.jkg-meble.pl\/index.php\/wp-json\/wp\/v2\/types\/product"}],"version-history":[{"count":4,"href":"https:\/\/www.jkg-meble.pl\/index.php\/wp-json\/wp\/v2\/product\/29530\/revisions"}],"predecessor-version":[{"id":30412,"href":"https:\/\/www.jkg-meble.pl\/index.php\/wp-json\/wp\/v2\/product\/29530\/revisions\/30412"}],"wp:featuredmedia":[{"embeddable":true,"href":"https:\/\/www.jkg-meble.pl\/index.php\/wp-json\/wp\/v2\/media\/29928"}],"wp:attachment":[{"href":"https:\/\/www.jkg-meble.pl\/index.php\/wp-json\/wp\/v2\/media?parent=29530"}],"wp:term":[{"taxonomy":"product_brand","embeddable":true,"href":"https:\/\/www.jkg-meble.pl\/index.php\/wp-json\/wp\/v2\/product_brand?post=29530"},{"taxonomy":"product_cat","embeddable":true,"href":"https:\/\/www.jkg-meble.pl\/index.php\/wp-json\/wp\/v2\/product_cat?post=29530"},{"taxonomy":"product_tag","embeddable":true,"href":"https:\/\/www.jkg-meble.pl\/index.php\/wp-json\/wp\/v2\/product_tag?post=29530"}],"curies":[{"name":"wp","href":"https:\/\/api.w.org\/{rel}","templated":true}]}}