{"id":30113,"date":"2026-03-19T19:15:26","date_gmt":"2026-03-19T19:15:26","guid":{"rendered":"https:\/\/www.jkg-meble.pl\/?post_type=product&#038;p=30113"},"modified":"2026-03-25T11:31:07","modified_gmt":"2026-03-25T11:31:07","slug":"krzeslo-k11","status":"publish","type":"product","link":"https:\/\/www.jkg-meble.pl\/index.php\/produkt\/krzeslo-k11\/","title":{"rendered":"Krzes\u0142o K11"},"content":{"rendered":"\t\t<div data-elementor-type=\"wp-post\" data-elementor-id=\"30113\" class=\"elementor elementor-30113\">\n\t\t\t\t<div class=\"wd-negative-gap elementor-element elementor-element-328a59c e-flex e-con-boxed e-con e-parent\" data-id=\"328a59c\" data-element_type=\"container\" data-e-type=\"container\">\n\t\t\t\t\t<div class=\"e-con-inner\">\n\t\t\t\t<div class=\"elementor-element elementor-element-8ebf223 color-scheme-inherit text-left elementor-widget elementor-widget-text-editor\" data-id=\"8ebf223\" data-element_type=\"widget\" data-e-type=\"widget\" data-widget_type=\"text-editor.default\">\n\t\t\t\t\t\t\t\t\t<h2>Charakterystyka krzes\u0142a K11<\/h2><ul style=\"list-style: none; padding-left: 0;\"><li><section class=\"text-token-text-primary w-full focus:outline-none [--shadow-height:45px] has-data-writing-block:pointer-events-none has-data-writing-block:-mt-(--shadow-height) has-data-writing-block:pt-(--shadow-height) [&amp;:has([data-writing-block])&gt;*]:pointer-events-auto scroll-mt-[calc(var(--header-height)+min(200px,max(70px,20svh)))]\" dir=\"auto\" data-turn-id=\"request-69bbf599-3be0-8397-a53c-a55788d17201-0\" data-testid=\"conversation-turn-24\" data-scroll-anchor=\"true\" data-turn=\"assistant\"><div class=\"text-base my-auto mx-auto pb-10 [--thread-content-margin:var(--thread-content-margin-xs,calc(var(--spacing)*4))] @w-sm\/main:[--thread-content-margin:var(--thread-content-margin-sm,calc(var(--spacing)*6))] @w-lg\/main:[--thread-content-margin:var(--thread-content-margin-lg,calc(var(--spacing)*16))] px-(--thread-content-margin)\"><div class=\"[--thread-content-max-width:40rem] @w-lg\/main:[--thread-content-max-width:48rem] mx-auto max-w-(--thread-content-max-width) flex-1 group\/turn-messages focus-visible:outline-hidden relative flex w-full min-w-0 flex-col agent-turn\"><div class=\"flex max-w-full flex-col gap-4 grow\"><div class=\"min-h-8 text-message relative flex w-full flex-col items-end gap-2 text-start break-words whitespace-normal outline-none keyboard-focused:focus-ring [.text-message+&amp;]:mt-1\" dir=\"auto\" tabindex=\"0\" data-message-author-role=\"assistant\" data-message-id=\"40e9db19-60c0-43e8-94bc-f605e40694b7\" data-message-model-slug=\"gpt-5-4-thinking\" data-turn-start-message=\"true\"><div class=\"flex w-full flex-col gap-1 empty:hidden\"><div class=\"markdown prose dark:prose-invert w-full wrap-break-word light markdown-new-styling\"><ul data-start=\"0\" data-end=\"832\" data-is-last-node=\"\" data-is-only-node=\"\"><li data-section-id=\"1ilmyry\" data-start=\"0\" data-end=\"120\"><p data-start=\"2\" data-end=\"120\">\ud83c\udf33 <strong data-start=\"5\" data-end=\"30\">Polskie drewno bukowe<\/strong> \u2013 naturalny materia\u0142 ceniony za doskona\u0142e parametry wytrzyma\u0142o\u015bciowe i trwa\u0142o\u015b\u0107 na lata<\/p><\/li><li data-section-id=\"1tbi2c8\" data-start=\"121\" data-end=\"229\"><p data-start=\"123\" data-end=\"229\">\ud83d\udd29 <strong data-start=\"126\" data-end=\"144\">Mocne klejenie<\/strong> \u2013 najtrwalsze po\u0142\u0105czenia stolarskie, odporne na intensywne i codzienne u\u017cytkowanie<\/p><\/li><li data-section-id=\"1t8777y\" data-start=\"230\" data-end=\"357\"><p data-start=\"232\" data-end=\"357\">\ud83c\udf3f <strong data-start=\"235\" data-end=\"262\">Ekologiczne wyko\u0144czenie<\/strong> \u2013 bejca i lakier wodny zapewniaj\u0105 bezpieczne, trwa\u0142e i estetyczne zabezpieczenie powierzchni<\/p><\/li><li data-section-id=\"52roxl\" data-start=\"358\" data-end=\"482\"><p data-start=\"360\" data-end=\"482\">\ud83e\uddf5 <strong data-start=\"363\" data-end=\"403\">Wysokiej jako\u015bci tkaniny tapicerskie<\/strong> \u2013 starannie dobrane materia\u0142y, kt\u00f3re \u0142\u0105cz\u0105 elegancki wygl\u0105d z praktyczno\u015bci\u0105<\/p><\/li><li data-section-id=\"i6oute\" data-start=\"483\" data-end=\"612\"><p data-start=\"485\" data-end=\"612\">\u2601\ufe0f <strong data-start=\"488\" data-end=\"509\">Wygodne siedzisko<\/strong> \u2013 wysoko elastyczna pianka oraz wysokogatunkowe materia\u0142y tapicerskie gwarantuj\u0105 komfort u\u017cytkowania<\/p><\/li><li data-section-id=\"105m40k\" data-start=\"613\" data-end=\"741\"><p data-start=\"615\" data-end=\"741\">\ud83e\ude91 <strong data-start=\"618\" data-end=\"642\">Stabilna konstrukcja<\/strong> \u2013 korpus i nogi stanowi\u0105 jedn\u0105 ca\u0142o\u015b\u0107, dzi\u0119ki czemu krzes\u0142o jest solidne i dostarczane w ca\u0142o\u015bci<\/p><\/li><li data-section-id=\"158lv1x\" data-start=\"742\" data-end=\"832\" data-is-last-node=\"\"><p data-start=\"744\" data-end=\"832\" data-is-last-node=\"\">\ud83c\uddf5\ud83c\uddf1 <strong data-start=\"749\" data-end=\"767\">Produkt polski<\/strong> \u2013 lokalna produkcja, solidne wykonanie i dba\u0142o\u015b\u0107 o ka\u017cdy detal<\/p><\/li><\/ul><\/div><\/div><\/div><\/div><\/div><\/div><\/section><\/li><\/ul><h3>Wymiary:<\/h3><ul><li>\ud83d\udccf <strong>Wysoko\u015b\u0107 ca\u0142kowita: 90 cm<\/strong><\/li><li>\u2194\ufe0f <strong>Szeroko\u015b\u0107 siedziska: 43 cm<\/strong><\/li><li>\u2195\ufe0f <strong>G\u0142\u0119boko\u015b\u0107: 41 cm<\/strong><\/li><li>\ud83e\ude91 <strong>Wysoko\u015b\u0107 siedziska: 47 cm<\/strong><\/li><\/ul>\t\t\t\t\t\t\t\t<\/div>\n\t\t\t\t\t<\/div>\n\t\t\t\t<\/div>\n\t\t<div class=\"wd-negative-gap elementor-element elementor-element-2441a5c e-flex e-con-boxed e-con e-parent\" data-id=\"2441a5c\" data-element_type=\"container\" data-e-type=\"container\">\n\t\t\t\t\t<div class=\"e-con-inner\">\n\t\t\t\t<div class=\"elementor-element elementor-element-b6afc88 elementor-widget elementor-widget-wd_text_block\" data-id=\"b6afc88\" data-element_type=\"widget\" data-e-type=\"widget\" data-widget_type=\"wd_text_block.default\">\n\t\t\t\t<div class=\"elementor-widget-container\">\n\t\t\t\t\t\t\t<div class=\"wd-text-block reset-last-child text-left\">\n\t\t\t\n\t\t\t\n\t\t\t\t\t<\/div>\n\t\t\t\t\t\t<\/div>\n\t\t\t\t<\/div>\n\t\t\t\t\t<\/div>\n\t\t\t\t<\/div>\n\t\t<div class=\"wd-negative-gap elementor-element elementor-element-d2afc49 e-flex e-con-boxed e-con e-parent\" data-id=\"d2afc49\" data-element_type=\"container\" data-e-type=\"container\">\n\t\t\t\t\t<div class=\"e-con-inner\">\n\t\t\t\t<div class=\"elementor-element elementor-element-d5440bc elementor-widget elementor-widget-wd_text_block\" data-id=\"d5440bc\" data-element_type=\"widget\" data-e-type=\"widget\" data-widget_type=\"wd_text_block.default\">\n\t\t\t\t<div class=\"elementor-widget-container\">\n\t\t\t\t\t\t\t<div class=\"wd-text-block reset-last-child text-left\">\n\t\t\t\n\t\t\t\n\t\t\t\t\t<\/div>\n\t\t\t\t\t\t<\/div>\n\t\t\t\t<\/div>\n\t\t\t\t\t<\/div>\n\t\t\t\t<\/div>\n\t\t\t\t<\/div>\n\t\t","protected":false},"excerpt":{"rendered":"<p>Charakterystyka krzes\u0142a K11 \ud83c\udf33 Polskie drewno bukowe \u2013 naturalny materia\u0142 ceniony za doskona\u0142e parametry wytrzyma\u0142o\u015bciowe i trwa\u0142o\u015b\u0107 na lata \ud83d\udd29<\/p>\n","protected":false},"featured_media":30114,"template":"","meta":[],"product_brand":[],"product_cat":[269],"product_tag":[],"class_list":{"0":"post-30113","1":"product","2":"type-product","3":"status-publish","4":"has-post-thumbnail","6":"product_cat-krzesla","8":"first","9":"instock","10":"taxable","11":"shipping-taxable","12":"purchasable","13":"product-type-simple"},"jetpack_sharing_enabled":true,"_links":{"self":[{"href":"https:\/\/www.jkg-meble.pl\/index.php\/wp-json\/wp\/v2\/product\/30113","targetHints":{"allow":["GET"]}}],"collection":[{"href":"https:\/\/www.jkg-meble.pl\/index.php\/wp-json\/wp\/v2\/product"}],"about":[{"href":"https:\/\/www.jkg-meble.pl\/index.php\/wp-json\/wp\/v2\/types\/product"}],"version-history":[{"count":10,"href":"https:\/\/www.jkg-meble.pl\/index.php\/wp-json\/wp\/v2\/product\/30113\/revisions"}],"predecessor-version":[{"id":30436,"href":"https:\/\/www.jkg-meble.pl\/index.php\/wp-json\/wp\/v2\/product\/30113\/revisions\/30436"}],"wp:featuredmedia":[{"embeddable":true,"href":"https:\/\/www.jkg-meble.pl\/index.php\/wp-json\/wp\/v2\/media\/30114"}],"wp:attachment":[{"href":"https:\/\/www.jkg-meble.pl\/index.php\/wp-json\/wp\/v2\/media?parent=30113"}],"wp:term":[{"taxonomy":"product_brand","embeddable":true,"href":"https:\/\/www.jkg-meble.pl\/index.php\/wp-json\/wp\/v2\/product_brand?post=30113"},{"taxonomy":"product_cat","embeddable":true,"href":"https:\/\/www.jkg-meble.pl\/index.php\/wp-json\/wp\/v2\/product_cat?post=30113"},{"taxonomy":"product_tag","embeddable":true,"href":"https:\/\/www.jkg-meble.pl\/index.php\/wp-json\/wp\/v2\/product_tag?post=30113"}],"curies":[{"name":"wp","href":"https:\/\/api.w.org\/{rel}","templated":true}]}}