{"id":30120,"date":"2026-03-19T19:17:29","date_gmt":"2026-03-19T19:17:29","guid":{"rendered":"https:\/\/www.jkg-meble.pl\/?post_type=product&#038;p=30120"},"modified":"2026-03-25T11:29:36","modified_gmt":"2026-03-25T11:29:36","slug":"krzeslo-k13","status":"publish","type":"product","link":"https:\/\/www.jkg-meble.pl\/index.php\/produkt\/krzeslo-k13\/","title":{"rendered":"Krzes\u0142o K13"},"content":{"rendered":"\t\t<div data-elementor-type=\"wp-post\" data-elementor-id=\"30120\" class=\"elementor elementor-30120\">\n\t\t\t\t<div class=\"wd-negative-gap elementor-element elementor-element-2dfa1e26 e-flex e-con-boxed e-con e-parent\" data-id=\"2dfa1e26\" data-element_type=\"container\" data-e-type=\"container\">\n\t\t\t\t\t<div class=\"e-con-inner\">\n\t\t\t\t<div class=\"elementor-element elementor-element-5db51eb6 color-scheme-inherit text-left elementor-widget elementor-widget-text-editor\" data-id=\"5db51eb6\" data-element_type=\"widget\" data-e-type=\"widget\" data-widget_type=\"text-editor.default\">\n\t\t\t\t\t\t\t\t\t<h2>Charakterystyka krzes\u0142a K13<\/h2><ul style=\"list-style: none; padding-left: 0;\"><li>\ud83e\udeb5 <strong>Polskie drewno bukowe:<\/strong> naturalny materia\u0142 o najlepszych parametrach wytrzyma\u0142o\u015bciowych<\/li><li>\ud83e\uddf1 <strong>Mocne klejenie:<\/strong> najtrwalsze po\u0142\u0105czenia stolarskie \u2013 odporne na intensywne u\u017cytkowanie<\/li><li>\ud83c\udf3f <strong>Ekologiczne wyko\u0144czenie:<\/strong> bejca i lakier wodny \u2013 bezpieczne i trwa\u0142e zabezpieczenie powierzchni<\/li><li>\ud83e\uddfd <strong>Wygodne siedzisko:<\/strong> pianka wysokoelastyczna i materia\u0142y tapicerskie wysokiej jako\u015bci<\/li><li>\ud83e\ude91 <strong>Stabilna konstrukcja:<\/strong> korpus i nogi jako jedna ca\u0142o\u015b\u0107 \u2013 krzes\u0142o dostarczane w ca\u0142o\u015bci<\/li><li>\ud83c\uddf5\ud83c\uddf1 <strong>Produkt polski:<\/strong> lokalna produkcja, solidne wykonanie<\/li><\/ul><h3>Wymiary:<\/h3><ul><li>\ud83d\udccf <strong>Wysoko\u015b\u0107 ca\u0142kowita: 83 cm<\/strong><\/li><li>\u2194\ufe0f <strong>Szeroko\u015b\u0107 siedziska: 48 cm<\/strong><\/li><li>\u2195\ufe0f <strong>G\u0142\u0119boko\u015b\u0107: 46 cm<\/strong><\/li><li>\ud83e\ude91 <strong>Wysoko\u015b\u0107 siedziska: 47 cm<\/strong><\/li><\/ul>\t\t\t\t\t\t\t\t<\/div>\n\t\t\t\t\t<\/div>\n\t\t\t\t<\/div>\n\t\t\t\t<\/div>\n\t\t","protected":false},"excerpt":{"rendered":"<p>Charakterystyka krzes\u0142a K13 \ud83e\udeb5 Polskie drewno bukowe: naturalny materia\u0142 o najlepszych parametrach wytrzyma\u0142o\u015bciowych \ud83e\uddf1 Mocne klejenie: najtrwalsze po\u0142\u0105czenia stolarskie \u2013<\/p>\n","protected":false},"featured_media":30121,"template":"","meta":[],"product_brand":[],"product_cat":[269],"product_tag":[],"class_list":{"0":"post-30120","1":"product","2":"type-product","3":"status-publish","4":"has-post-thumbnail","6":"product_cat-krzesla","8":"first","9":"instock","10":"taxable","11":"shipping-taxable","12":"purchasable","13":"product-type-simple"},"jetpack_sharing_enabled":true,"_links":{"self":[{"href":"https:\/\/www.jkg-meble.pl\/index.php\/wp-json\/wp\/v2\/product\/30120","targetHints":{"allow":["GET"]}}],"collection":[{"href":"https:\/\/www.jkg-meble.pl\/index.php\/wp-json\/wp\/v2\/product"}],"about":[{"href":"https:\/\/www.jkg-meble.pl\/index.php\/wp-json\/wp\/v2\/types\/product"}],"version-history":[{"count":7,"href":"https:\/\/www.jkg-meble.pl\/index.php\/wp-json\/wp\/v2\/product\/30120\/revisions"}],"predecessor-version":[{"id":30430,"href":"https:\/\/www.jkg-meble.pl\/index.php\/wp-json\/wp\/v2\/product\/30120\/revisions\/30430"}],"wp:featuredmedia":[{"embeddable":true,"href":"https:\/\/www.jkg-meble.pl\/index.php\/wp-json\/wp\/v2\/media\/30121"}],"wp:attachment":[{"href":"https:\/\/www.jkg-meble.pl\/index.php\/wp-json\/wp\/v2\/media?parent=30120"}],"wp:term":[{"taxonomy":"product_brand","embeddable":true,"href":"https:\/\/www.jkg-meble.pl\/index.php\/wp-json\/wp\/v2\/product_brand?post=30120"},{"taxonomy":"product_cat","embeddable":true,"href":"https:\/\/www.jkg-meble.pl\/index.php\/wp-json\/wp\/v2\/product_cat?post=30120"},{"taxonomy":"product_tag","embeddable":true,"href":"https:\/\/www.jkg-meble.pl\/index.php\/wp-json\/wp\/v2\/product_tag?post=30120"}],"curies":[{"name":"wp","href":"https:\/\/api.w.org\/{rel}","templated":true}]}}