{"id":30132,"date":"2026-03-19T19:19:49","date_gmt":"2026-03-19T19:19:49","guid":{"rendered":"https:\/\/www.jkg-meble.pl\/?post_type=product&#038;p=30132"},"modified":"2026-03-25T11:26:43","modified_gmt":"2026-03-25T11:26:43","slug":"krzeslo-k17","status":"publish","type":"product","link":"https:\/\/www.jkg-meble.pl\/index.php\/produkt\/krzeslo-k17\/","title":{"rendered":"Krzes\u0142o K17"},"content":{"rendered":"\t\t<div data-elementor-type=\"wp-post\" data-elementor-id=\"30132\" class=\"elementor elementor-30132\">\n\t\t\t\t<div class=\"wd-negative-gap elementor-element elementor-element-4543e36c e-flex e-con-boxed e-con e-parent\" data-id=\"4543e36c\" data-element_type=\"container\" data-e-type=\"container\">\n\t\t\t\t\t<div class=\"e-con-inner\">\n\t\t\t\t<div class=\"elementor-element elementor-element-743fd05a color-scheme-inherit text-left elementor-widget elementor-widget-text-editor\" data-id=\"743fd05a\" data-element_type=\"widget\" data-e-type=\"widget\" data-widget_type=\"text-editor.default\">\n\t\t\t\t\t\t\t\t\t<h2>Charakterystyka krzes\u0142a K17<\/h2><ul style=\"list-style: none; padding-left: 0;\"><li><div class=\"flex flex-col text-sm pb-25\"><section class=\"text-token-text-primary w-full focus:outline-none [--shadow-height:45px] has-data-writing-block:pointer-events-none has-data-writing-block:-mt-(--shadow-height) has-data-writing-block:pt-(--shadow-height) [&amp;:has([data-writing-block])&gt;*]:pointer-events-auto scroll-mt-[calc(var(--header-height)+min(200px,max(70px,20svh)))]\" dir=\"auto\" data-turn-id=\"request-69bbf599-3be0-8397-a53c-a55788d17201-1\" data-testid=\"conversation-turn-26\" data-scroll-anchor=\"true\" data-turn=\"assistant\"><div class=\"text-base my-auto mx-auto pb-10 [--thread-content-margin:var(--thread-content-margin-xs,calc(var(--spacing)*4))] @w-sm\/main:[--thread-content-margin:var(--thread-content-margin-sm,calc(var(--spacing)*6))] @w-lg\/main:[--thread-content-margin:var(--thread-content-margin-lg,calc(var(--spacing)*16))] px-(--thread-content-margin)\"><div class=\"[--thread-content-max-width:40rem] @w-lg\/main:[--thread-content-max-width:48rem] mx-auto max-w-(--thread-content-max-width) flex-1 group\/turn-messages focus-visible:outline-hidden relative flex w-full min-w-0 flex-col agent-turn\"><div class=\"flex max-w-full flex-col gap-4 grow\"><div class=\"min-h-8 text-message relative flex w-full flex-col items-end gap-2 text-start break-words whitespace-normal outline-none keyboard-focused:focus-ring [.text-message+&amp;]:mt-1\" dir=\"auto\" tabindex=\"0\" data-message-author-role=\"assistant\" data-message-id=\"63fd2b10-7fa3-4173-bb1d-a986668f9256\" data-message-model-slug=\"gpt-5-4-thinking\" data-turn-start-message=\"true\"><div class=\"flex w-full flex-col gap-1 empty:hidden\"><div class=\"markdown prose dark:prose-invert w-full wrap-break-word light markdown-new-styling\"><ul data-start=\"0\" data-end=\"714\" data-is-last-node=\"\" data-is-only-node=\"\"><li data-section-id=\"1fhb77t\" data-start=\"0\" data-end=\"131\"><p data-start=\"2\" data-end=\"131\">\ud83c\udf33 <strong data-start=\"5\" data-end=\"30\">Polskie drewno bukowe<\/strong> \u2013 naturalny materia\u0142 o doskona\u0142ych parametrach wytrzyma\u0142o\u015bciowych, ceniony za trwa\u0142o\u015b\u0107 i solidno\u015b\u0107<\/p><\/li><li data-section-id=\"1tbi2c8\" data-start=\"132\" data-end=\"240\"><p data-start=\"134\" data-end=\"240\">\ud83d\udd29 <strong data-start=\"137\" data-end=\"155\">Mocne klejenie<\/strong> \u2013 najtrwalsze po\u0142\u0105czenia stolarskie, odporne na intensywne i codzienne u\u017cytkowanie<\/p><\/li><li data-section-id=\"1t8777y\" data-start=\"241\" data-end=\"368\"><p data-start=\"243\" data-end=\"368\">\ud83c\udf3f <strong data-start=\"246\" data-end=\"273\">Ekologiczne wyko\u0144czenie<\/strong> \u2013 bejca i lakier wodny zapewniaj\u0105 bezpieczne, trwa\u0142e i estetyczne zabezpieczenie powierzchni<\/p><\/li><li data-section-id=\"1lti8k7\" data-start=\"369\" data-end=\"484\"><p data-start=\"371\" data-end=\"484\">\ud83e\ude91 <strong data-start=\"374\" data-end=\"407\">Klasyczne drewniane siedzisko<\/strong> \u2013 ponadczasowy wygl\u0105d, wygoda u\u017cytkowania i \u0142atwo\u015b\u0107 utrzymania w czysto\u015bci<\/p><\/li><li data-section-id=\"15lybfv\" data-start=\"485\" data-end=\"622\"><p data-start=\"487\" data-end=\"622\">\ud83c\udfd7\ufe0f <strong data-start=\"491\" data-end=\"515\">Stabilna konstrukcja<\/strong> \u2013 korpus i nogi tworz\u0105 jedn\u0105 ca\u0142o\u015b\u0107, dzi\u0119ki czemu krzes\u0142o jest wyj\u0105tkowo solidne i dostarczane w ca\u0142o\u015bci<\/p><\/li><li data-section-id=\"h1oclv\" data-start=\"623\" data-end=\"714\" data-is-last-node=\"\"><p data-start=\"625\" data-end=\"714\" data-is-last-node=\"\">\ud83c\uddf5\ud83c\uddf1 <strong data-start=\"630\" data-end=\"648\">Produkt polski<\/strong> \u2013 lokalna produkcja, staranne wykonanie i dba\u0142o\u015b\u0107 o ka\u017cdy detal<\/p><\/li><\/ul><\/div><\/div><\/div><\/div><\/div><\/div><\/section><\/div><div class=\"pointer-events-none h-px w-px absolute bottom-0\" aria-hidden=\"true\" data-edge=\"true\"><strong><span style=\"color: #1b1919; font-size: 22px;\">Wymiary:<\/span><\/strong><\/div><\/li><\/ul><ul><li>\ud83d\udccf <strong>Wysoko\u015b\u0107 ca\u0142kowita: 94 cm<\/strong><\/li><li>\u2194\ufe0f <strong>Szeroko\u015b\u0107 siedziska: 43 cm<\/strong><\/li><li>\u2195\ufe0f <strong>G\u0142\u0119boko\u015b\u0107: 40 cm<\/strong><\/li><li>\ud83e\ude91 <strong>Wysoko\u015b\u0107 siedziska: 44 cm<\/strong><\/li><\/ul>\t\t\t\t\t\t\t\t<\/div>\n\t\t\t\t\t<\/div>\n\t\t\t\t<\/div>\n\t\t<div class=\"wd-negative-gap elementor-element elementor-element-cea18e1 e-flex e-con-boxed e-con e-parent\" data-id=\"cea18e1\" data-element_type=\"container\" data-e-type=\"container\">\n\t\t\t\t\t<div class=\"e-con-inner\">\n\t\t\t\t<div class=\"elementor-element elementor-element-2643d88 elementor-widget elementor-widget-wd_text_block\" data-id=\"2643d88\" data-element_type=\"widget\" data-e-type=\"widget\" data-widget_type=\"wd_text_block.default\">\n\t\t\t\t<div class=\"elementor-widget-container\">\n\t\t\t\t\t\t\t<div class=\"wd-text-block reset-last-child text-left\">\n\t\t\t\n\t\t\t\n\t\t\t\t\t<\/div>\n\t\t\t\t\t\t<\/div>\n\t\t\t\t<\/div>\n\t\t\t\t\t<\/div>\n\t\t\t\t<\/div>\n\t\t\t\t<\/div>\n\t\t","protected":false},"excerpt":{"rendered":"<p>Charakterystyka krzes\u0142a K17 \ud83c\udf33 Polskie drewno bukowe \u2013 naturalny materia\u0142 o doskona\u0142ych parametrach wytrzyma\u0142o\u015bciowych, ceniony za trwa\u0142o\u015b\u0107 i solidno\u015b\u0107 \ud83d\udd29<\/p>\n","protected":false},"featured_media":30134,"template":"","meta":[],"product_brand":[],"product_cat":[269],"product_tag":[],"class_list":{"0":"post-30132","1":"product","2":"type-product","3":"status-publish","4":"has-post-thumbnail","6":"product_cat-krzesla","8":"first","9":"instock","10":"taxable","11":"shipping-taxable","12":"purchasable","13":"product-type-simple"},"jetpack_sharing_enabled":true,"_links":{"self":[{"href":"https:\/\/www.jkg-meble.pl\/index.php\/wp-json\/wp\/v2\/product\/30132","targetHints":{"allow":["GET"]}}],"collection":[{"href":"https:\/\/www.jkg-meble.pl\/index.php\/wp-json\/wp\/v2\/product"}],"about":[{"href":"https:\/\/www.jkg-meble.pl\/index.php\/wp-json\/wp\/v2\/types\/product"}],"version-history":[{"count":7,"href":"https:\/\/www.jkg-meble.pl\/index.php\/wp-json\/wp\/v2\/product\/30132\/revisions"}],"predecessor-version":[{"id":30418,"href":"https:\/\/www.jkg-meble.pl\/index.php\/wp-json\/wp\/v2\/product\/30132\/revisions\/30418"}],"wp:featuredmedia":[{"embeddable":true,"href":"https:\/\/www.jkg-meble.pl\/index.php\/wp-json\/wp\/v2\/media\/30134"}],"wp:attachment":[{"href":"https:\/\/www.jkg-meble.pl\/index.php\/wp-json\/wp\/v2\/media?parent=30132"}],"wp:term":[{"taxonomy":"product_brand","embeddable":true,"href":"https:\/\/www.jkg-meble.pl\/index.php\/wp-json\/wp\/v2\/product_brand?post=30132"},{"taxonomy":"product_cat","embeddable":true,"href":"https:\/\/www.jkg-meble.pl\/index.php\/wp-json\/wp\/v2\/product_cat?post=30132"},{"taxonomy":"product_tag","embeddable":true,"href":"https:\/\/www.jkg-meble.pl\/index.php\/wp-json\/wp\/v2\/product_tag?post=30132"}],"curies":[{"name":"wp","href":"https:\/\/api.w.org\/{rel}","templated":true}]}}