{"id":30158,"date":"2026-03-19T19:26:38","date_gmt":"2026-03-19T19:26:38","guid":{"rendered":"https:\/\/www.jkg-meble.pl\/?post_type=product&#038;p=30158"},"modified":"2026-03-20T12:32:42","modified_gmt":"2026-03-20T12:32:42","slug":"stol-onega-2","status":"publish","type":"product","link":"https:\/\/www.jkg-meble.pl\/index.php\/produkt\/stol-onega-2\/","title":{"rendered":"St\u00f3\u0142 Onega 2"},"content":{"rendered":"\t\t<div data-elementor-type=\"wp-post\" data-elementor-id=\"30158\" class=\"elementor elementor-30158\">\n\t\t\t\t<div class=\"wd-negative-gap elementor-element elementor-element-cd930eb e-grid e-con-boxed e-con e-parent\" data-id=\"cd930eb\" data-element_type=\"container\" data-e-type=\"container\">\n\t\t\t\t\t<div class=\"e-con-inner\">\n\t\t\t\t<div class=\"elementor-element elementor-element-f8e215d elementor-widget elementor-widget-wd_text_block\" data-id=\"f8e215d\" data-element_type=\"widget\" data-e-type=\"widget\" data-widget_type=\"wd_text_block.default\">\n\t\t\t\t<div class=\"elementor-widget-container\">\n\t\t\t\t\t\t\t<div class=\"wd-text-block reset-last-child text-left\">\n\t\t\t\n\t\t\t<h3>Charakterystyka sto\u0142u Onega 2<\/h3><ul><li data-section-id=\"1fhb77t\" data-start=\"0\" data-end=\"131\"><p data-start=\"2\" data-end=\"131\">\ud83c\udf33 <strong data-start=\"5\" data-end=\"30\">Polskie drewno bukowe<\/strong> \u2013 naturalny materia\u0142 o doskona\u0142ych parametrach wytrzyma\u0142o\u015bciowych, ceniony za trwa\u0142o\u015b\u0107 i solidno\u015b\u0107<\/p><\/li><li data-section-id=\"1tbi2c8\" data-start=\"132\" data-end=\"240\"><p data-start=\"134\" data-end=\"240\">\ud83d\udd29 <strong data-start=\"137\" data-end=\"155\">Mocne klejenie<\/strong> \u2013 najtrwalsze po\u0142\u0105czenia stolarskie, odporne na intensywne i codzienne u\u017cytkowanie<\/p><\/li><li data-section-id=\"1mhaijw\" data-start=\"241\" data-end=\"367\"><p data-start=\"243\" data-end=\"367\">\ud83c\udf3f <strong data-start=\"246\" data-end=\"273\">Ekologiczne wyko\u0144czenie<\/strong> \u2013 bejca i lakier wodny zapewniaj\u0105 bezpieczne i trwa\u0142e zabezpieczenie n\u00f3g oraz korpusu sto\u0142u<\/p><\/li><li data-section-id=\"2z9sj1\" data-start=\"368\" data-end=\"479\"><p data-start=\"370\" data-end=\"479\">\ud83e\udeb5 <strong data-start=\"373\" data-end=\"412\">Blat z p\u0142yty MDF pokrytej laminatem<\/strong> \u2013 praktyczne i estetyczne rozwi\u0105zanie do codziennego u\u017cytkowania<\/p><\/li><li data-section-id=\"vwlijp\" data-start=\"480\" data-end=\"618\"><p data-start=\"482\" data-end=\"618\">\u2728 <strong data-start=\"484\" data-end=\"531\">Laminat o mi\u0119kkiej i przyjemnej powierzchni<\/strong> \u2013 trwa\u0142y materia\u0142, kt\u00f3ry \u015bwietnie sprawdza si\u0119 w cz\u0119sto u\u017cytkowanych pomieszczeniach<\/p><\/li><li data-section-id=\"18vtvvs\" data-start=\"619\" data-end=\"730\"><p data-start=\"621\" data-end=\"730\">\ud83c\udfd7\ufe0f <strong data-start=\"625\" data-end=\"649\">Stabilna konstrukcja<\/strong> \u2013 solidny korpus i mocne nogi zapewniaj\u0105 wytrzyma\u0142o\u015b\u0107 oraz komfort u\u017cytkowania<\/p><\/li><li data-section-id=\"w3uclv\" data-start=\"731\" data-end=\"820\" data-is-last-node=\"\"><p data-start=\"733\" data-end=\"820\" data-is-last-node=\"\">\ud83c\uddf5\ud83c\uddf1 <strong data-start=\"738\" data-end=\"756\">Produkt polski<\/strong> \u2013 lokalna produkcja, staranne wykonanie i dba\u0142o\u015b\u0107 o ka\u017cdy detal<\/p><\/li><\/ul>\n\t\t\t\t\t<\/div>\n\t\t\t\t\t\t<\/div>\n\t\t\t\t<\/div>\n\t\t\t\t<div class=\"elementor-element elementor-element-6568eb7 elementor-widget elementor-widget-wd_text_block\" data-id=\"6568eb7\" data-element_type=\"widget\" data-e-type=\"widget\" data-widget_type=\"wd_text_block.default\">\n\t\t\t\t<div class=\"elementor-widget-container\">\n\t\t\t\t\t\t\t<div class=\"wd-text-block reset-last-child text-left\">\n\t\t\t\n\t\t\t<h3>Wymiary:<\/h3><ul><li><strong>Wysoko\u015b\u0107:\u00a076 cm<\/strong><\/li><li><strong>Szeroko\u015b\u0107:<\/strong> <strong>60 cm<\/strong><\/li><li><strong>D\u0142ugo\u015b\u0107:<\/strong> <strong>110 cm<\/strong><\/li><\/ul><h4>Do samodzielnego monta\u017cu.<\/h4>\n\t\t\t\t\t<\/div>\n\t\t\t\t\t\t<\/div>\n\t\t\t\t<\/div>\n\t\t\t\t\t<\/div>\n\t\t\t\t<\/div>\n\t\t\t\t<\/div>\n\t\t","protected":false},"excerpt":{"rendered":"<p>Charakterystyka sto\u0142u Onega 2 \ud83c\udf33 Polskie drewno bukowe \u2013 naturalny materia\u0142 o doskona\u0142ych parametrach wytrzyma\u0142o\u015bciowych, ceniony za trwa\u0142o\u015b\u0107 i solidno\u015b\u0107<\/p>\n","protected":false},"featured_media":30138,"template":"","meta":[],"product_brand":[],"product_cat":[272],"product_tag":[],"class_list":{"0":"post-30158","1":"product","2":"type-product","3":"status-publish","4":"has-post-thumbnail","6":"product_cat-stoly","8":"first","9":"instock","10":"taxable","11":"shipping-taxable","12":"purchasable","13":"product-type-simple"},"jetpack_sharing_enabled":true,"_links":{"self":[{"href":"https:\/\/www.jkg-meble.pl\/index.php\/wp-json\/wp\/v2\/product\/30158","targetHints":{"allow":["GET"]}}],"collection":[{"href":"https:\/\/www.jkg-meble.pl\/index.php\/wp-json\/wp\/v2\/product"}],"about":[{"href":"https:\/\/www.jkg-meble.pl\/index.php\/wp-json\/wp\/v2\/types\/product"}],"version-history":[{"count":7,"href":"https:\/\/www.jkg-meble.pl\/index.php\/wp-json\/wp\/v2\/product\/30158\/revisions"}],"predecessor-version":[{"id":30266,"href":"https:\/\/www.jkg-meble.pl\/index.php\/wp-json\/wp\/v2\/product\/30158\/revisions\/30266"}],"wp:featuredmedia":[{"embeddable":true,"href":"https:\/\/www.jkg-meble.pl\/index.php\/wp-json\/wp\/v2\/media\/30138"}],"wp:attachment":[{"href":"https:\/\/www.jkg-meble.pl\/index.php\/wp-json\/wp\/v2\/media?parent=30158"}],"wp:term":[{"taxonomy":"product_brand","embeddable":true,"href":"https:\/\/www.jkg-meble.pl\/index.php\/wp-json\/wp\/v2\/product_brand?post=30158"},{"taxonomy":"product_cat","embeddable":true,"href":"https:\/\/www.jkg-meble.pl\/index.php\/wp-json\/wp\/v2\/product_cat?post=30158"},{"taxonomy":"product_tag","embeddable":true,"href":"https:\/\/www.jkg-meble.pl\/index.php\/wp-json\/wp\/v2\/product_tag?post=30158"}],"curies":[{"name":"wp","href":"https:\/\/api.w.org\/{rel}","templated":true}]}}