{"id":30160,"date":"2026-03-19T19:26:41","date_gmt":"2026-03-19T19:26:41","guid":{"rendered":"https:\/\/www.jkg-meble.pl\/?post_type=product&#038;p=30160"},"modified":"2026-03-20T13:24:36","modified_gmt":"2026-03-20T13:24:36","slug":"stol-como-1","status":"publish","type":"product","link":"https:\/\/www.jkg-meble.pl\/index.php\/produkt\/stol-como-1\/","title":{"rendered":"St\u00f3\u0142 Como 1"},"content":{"rendered":"\t\t<div data-elementor-type=\"wp-post\" data-elementor-id=\"30160\" class=\"elementor elementor-30160\">\n\t\t\t\t<div class=\"wd-negative-gap elementor-element elementor-element-0f4d0be e-grid e-con-boxed e-con e-parent\" data-id=\"0f4d0be\" data-element_type=\"container\" data-e-type=\"container\">\n\t\t\t\t\t<div class=\"e-con-inner\">\n\t\t\t\t<div class=\"elementor-element elementor-element-5e7e764 elementor-widget elementor-widget-wd_text_block\" data-id=\"5e7e764\" data-element_type=\"widget\" data-e-type=\"widget\" data-widget_type=\"wd_text_block.default\">\n\t\t\t\t<div class=\"elementor-widget-container\">\n\t\t\t\t\t\t\t<div class=\"wd-text-block reset-last-child text-left\">\n\t\t\t\n\t\t\t<h3>Charakterystyka sto\u0142u Como 1<\/h3><ul><li data-section-id=\"1ioxdqp\" data-start=\"0\" data-end=\"118\"><p data-start=\"2\" data-end=\"118\">\u2795 <strong data-start=\"4\" data-end=\"23\">St\u00f3\u0142 rozk\u0142adany<\/strong> \u2013 praktyczne rozwi\u0105zanie, kt\u00f3re pozwala szybko zwi\u0119kszy\u0107 powierzchni\u0119 blatu w razie potrzeby<\/p><\/li><li data-section-id=\"40sb15\" data-start=\"119\" data-end=\"240\"><p data-start=\"121\" data-end=\"240\">\ud83e\udeb5 <strong data-start=\"124\" data-end=\"163\">Blat z p\u0142yty MDF pokrytej laminatem<\/strong> \u2013 estetyczne i funkcjonalne wyko\u0144czenie idealne do codziennego u\u017cytkowania<\/p><\/li><li data-section-id=\"vwlijp\" data-start=\"241\" data-end=\"379\"><p data-start=\"243\" data-end=\"379\">\u2728 <strong data-start=\"245\" data-end=\"292\">Laminat o mi\u0119kkiej i przyjemnej powierzchni<\/strong> \u2013 trwa\u0142y materia\u0142, kt\u00f3ry \u015bwietnie sprawdza si\u0119 w cz\u0119sto u\u017cytkowanych pomieszczeniach<\/p><\/li><li data-section-id=\"10962cv\" data-start=\"380\" data-end=\"503\"><p data-start=\"382\" data-end=\"503\">\ud83c\udf3f <strong data-start=\"385\" data-end=\"412\">Ekologiczne wyko\u0144czenie<\/strong> \u2013 bejca i lakier wodny zapewniaj\u0105 bezpieczne i trwa\u0142e zabezpieczenie powierzchni korpusu<\/p><\/li><li data-section-id=\"fqnbfq\" data-start=\"504\" data-end=\"641\"><p data-start=\"506\" data-end=\"641\">\ud83d\udda4 <strong data-start=\"509\" data-end=\"528\">Nowoczesny styl<\/strong> \u2013 charakterystyczne skrzy\u017cowanie metalowych n\u00f3g malowanych proszkowo na czarno nadaje sto\u0142owi wyj\u0105tkowy wygl\u0105d<\/p><\/li><li data-section-id=\"kbu32k\" data-start=\"642\" data-end=\"731\"><p data-start=\"644\" data-end=\"731\">\ud83c\udfe0 <strong data-start=\"647\" data-end=\"675\">Uniwersalne zastosowanie<\/strong> \u2013 idealnie wpasuje si\u0119 do salonu, jadalni oraz kuchni<\/p><\/li><li data-section-id=\"1tltddh\" data-start=\"732\" data-end=\"831\"><p data-start=\"734\" data-end=\"831\">\ud83c\udfd7\ufe0f <strong data-start=\"738\" data-end=\"761\">Solidna konstrukcja<\/strong> \u2013 gwarantuje wyj\u0105tkow\u0105 stabilno\u015b\u0107 i komfort codziennego u\u017cytkowania<\/p><\/li><li data-section-id=\"7ep9md\" data-start=\"832\" data-end=\"920\" data-is-last-node=\"\"><p data-start=\"834\" data-end=\"920\" data-is-last-node=\"\">\ud83c\uddf5\ud83c\uddf1 <strong data-start=\"839\" data-end=\"857\">Produkt polski<\/strong> \u2013 lokalna produkcja, solidne wykonanie i dba\u0142o\u015b\u0107 o ka\u017cdy detal<\/p><\/li><\/ul>\n\t\t\t\t\t<\/div>\n\t\t\t\t\t\t<\/div>\n\t\t\t\t<\/div>\n\t\t\t\t<div class=\"elementor-element elementor-element-9ae9668 elementor-widget elementor-widget-wd_text_block\" data-id=\"9ae9668\" data-element_type=\"widget\" data-e-type=\"widget\" data-widget_type=\"wd_text_block.default\">\n\t\t\t\t<div class=\"elementor-widget-container\">\n\t\t\t\t\t\t\t<div class=\"wd-text-block reset-last-child text-left\">\n\t\t\t\n\t\t\t<h3>Wymiary:<\/h3><ul><li><strong>Wysoko\u015b\u0107:\u00a077 cm<\/strong><\/li><li><strong>Szeroko\u015b\u0107:<\/strong>\u00a0<strong>80 cm<\/strong><\/li><li><strong>D\u0142ugo\u015b\u0107 przed roz\u0142o\u017ceniem:<\/strong> <strong>140 cm<\/strong><\/li><li><strong>D\u0142ugo\u015b\u0107 po roz\u0142o\u017ceniu:<\/strong> <strong>180 cm<\/strong><\/li><\/ul><h4>Mebel pakowany w karton do samodzielnego monta\u017cu.<\/h4>\n\t\t\t\t\t<\/div>\n\t\t\t\t\t\t<\/div>\n\t\t\t\t<\/div>\n\t\t\t\t\t<\/div>\n\t\t\t\t<\/div>\n\t\t\t\t<\/div>\n\t\t","protected":false},"excerpt":{"rendered":"<p>Charakterystyka sto\u0142u Como 1 \u2795 St\u00f3\u0142 rozk\u0142adany \u2013 praktyczne rozwi\u0105zanie, kt\u00f3re pozwala szybko zwi\u0119kszy\u0107 powierzchni\u0119 blatu w razie potrzeby \ud83e\udeb5<\/p>\n","protected":false},"featured_media":30147,"template":"","meta":[],"product_brand":[],"product_cat":[272],"product_tag":[],"class_list":{"0":"post-30160","1":"product","2":"type-product","3":"status-publish","4":"has-post-thumbnail","6":"product_cat-stoly","8":"first","9":"instock","10":"taxable","11":"shipping-taxable","12":"purchasable","13":"product-type-simple"},"jetpack_sharing_enabled":true,"_links":{"self":[{"href":"https:\/\/www.jkg-meble.pl\/index.php\/wp-json\/wp\/v2\/product\/30160","targetHints":{"allow":["GET"]}}],"collection":[{"href":"https:\/\/www.jkg-meble.pl\/index.php\/wp-json\/wp\/v2\/product"}],"about":[{"href":"https:\/\/www.jkg-meble.pl\/index.php\/wp-json\/wp\/v2\/types\/product"}],"version-history":[{"count":10,"href":"https:\/\/www.jkg-meble.pl\/index.php\/wp-json\/wp\/v2\/product\/30160\/revisions"}],"predecessor-version":[{"id":30297,"href":"https:\/\/www.jkg-meble.pl\/index.php\/wp-json\/wp\/v2\/product\/30160\/revisions\/30297"}],"wp:featuredmedia":[{"embeddable":true,"href":"https:\/\/www.jkg-meble.pl\/index.php\/wp-json\/wp\/v2\/media\/30147"}],"wp:attachment":[{"href":"https:\/\/www.jkg-meble.pl\/index.php\/wp-json\/wp\/v2\/media?parent=30160"}],"wp:term":[{"taxonomy":"product_brand","embeddable":true,"href":"https:\/\/www.jkg-meble.pl\/index.php\/wp-json\/wp\/v2\/product_brand?post=30160"},{"taxonomy":"product_cat","embeddable":true,"href":"https:\/\/www.jkg-meble.pl\/index.php\/wp-json\/wp\/v2\/product_cat?post=30160"},{"taxonomy":"product_tag","embeddable":true,"href":"https:\/\/www.jkg-meble.pl\/index.php\/wp-json\/wp\/v2\/product_tag?post=30160"}],"curies":[{"name":"wp","href":"https:\/\/api.w.org\/{rel}","templated":true}]}}