{"id":30161,"date":"2026-03-19T19:26:48","date_gmt":"2026-03-19T19:26:48","guid":{"rendered":"https:\/\/www.jkg-meble.pl\/?post_type=product&#038;p=30161"},"modified":"2026-04-13T14:08:42","modified_gmt":"2026-04-13T14:08:42","slug":"stol-como-2","status":"publish","type":"product","link":"https:\/\/www.jkg-meble.pl\/index.php\/produkt\/stol-como-2\/","title":{"rendered":"St\u00f3\u0142 Como 2"},"content":{"rendered":"\t\t<div data-elementor-type=\"wp-post\" data-elementor-id=\"30161\" class=\"elementor elementor-30161\">\n\t\t\t\t<div class=\"wd-negative-gap elementor-element elementor-element-a4dd761 e-grid e-con-boxed e-con e-parent\" data-id=\"a4dd761\" data-element_type=\"container\" data-e-type=\"container\">\n\t\t\t\t\t<div class=\"e-con-inner\">\n\t\t\t\t<div class=\"elementor-element elementor-element-59f93c7 elementor-widget elementor-widget-wd_text_block\" data-id=\"59f93c7\" data-element_type=\"widget\" data-e-type=\"widget\" data-widget_type=\"wd_text_block.default\">\n\t\t\t\t<div class=\"elementor-widget-container\">\n\t\t\t\t\t\t\t<div class=\"wd-text-block reset-last-child text-left\">\n\t\t\t\n\t\t\t<h3>Charakterystyka sto\u0142u Como 2<\/h3><ul><li data-section-id=\"fk3fqw\" data-start=\"0\" data-end=\"125\"><p data-start=\"2\" data-end=\"125\">\u2795 <strong data-start=\"4\" data-end=\"23\">St\u00f3\u0142 rozk\u0142adany<\/strong> \u2013 praktyczne rozwi\u0105zanie, kt\u00f3re pozwala szybko zwi\u0119kszy\u0107 powierzchni\u0119 blatu w zale\u017cno\u015bci od potrzeb<\/p><\/li><li data-section-id=\"40sb15\" data-start=\"126\" data-end=\"247\"><p data-start=\"128\" data-end=\"247\">\ud83e\udeb5 <strong data-start=\"131\" data-end=\"170\">Blat z p\u0142yty MDF pokrytej laminatem<\/strong> \u2013 estetyczne i funkcjonalne wyko\u0144czenie idealne do codziennego u\u017cytkowania<\/p><\/li><li data-section-id=\"1t003vt\" data-start=\"248\" data-end=\"387\"><p data-start=\"250\" data-end=\"387\">\u2728 <strong data-start=\"252\" data-end=\"299\">Laminat o mi\u0119kkiej i przyjemnej powierzchni<\/strong> \u2013 trwa\u0142y materia\u0142, kt\u00f3ry doskonale sprawdza si\u0119 w cz\u0119sto u\u017cytkowanych pomieszczeniach<\/p><\/li><li data-section-id=\"10962cv\" data-start=\"388\" data-end=\"511\"><p data-start=\"390\" data-end=\"511\">\ud83c\udf3f <strong data-start=\"393\" data-end=\"420\">Ekologiczne wyko\u0144czenie<\/strong> \u2013 bejca i lakier wodny zapewniaj\u0105 bezpieczne i trwa\u0142e zabezpieczenie powierzchni korpusu<\/p><\/li><li data-section-id=\"1lurzaz\" data-start=\"512\" data-end=\"666\"><p data-start=\"514\" data-end=\"666\">\ud83d\udda4 <strong data-start=\"517\" data-end=\"536\">Nowoczesny styl<\/strong> \u2013 metalowe nogi malowane proszkowo na czarno w charakterystycznym kszta\u0142cie trapezu nadaj\u0105 sto\u0142owi wyj\u0105tkowy i designerski wygl\u0105d<\/p><\/li><li data-section-id=\"kbu32k\" data-start=\"667\" data-end=\"756\"><p data-start=\"669\" data-end=\"756\">\ud83c\udfe0 <strong data-start=\"672\" data-end=\"700\">Uniwersalne zastosowanie<\/strong> \u2013 idealnie wpasuje si\u0119 do salonu, jadalni oraz kuchni<\/p><\/li><li data-section-id=\"1tltddh\" data-start=\"757\" data-end=\"856\"><p data-start=\"759\" data-end=\"856\">\ud83c\udfd7\ufe0f <strong data-start=\"763\" data-end=\"786\">Solidna konstrukcja<\/strong> \u2013 gwarantuje wyj\u0105tkow\u0105 stabilno\u015b\u0107 i komfort codziennego u\u017cytkowania<\/p><\/li><li data-section-id=\"7ep9md\" data-start=\"857\" data-end=\"945\" data-is-last-node=\"\"><p data-start=\"859\" data-end=\"945\" data-is-last-node=\"\">\ud83c\uddf5\ud83c\uddf1 <strong data-start=\"864\" data-end=\"882\">Produkt polski<\/strong> \u2013 lokalna produkcja, solidne wykonanie i dba\u0142o\u015b\u0107 o ka\u017cdy detal<\/p><\/li><\/ul>\n\t\t\t\t\t<\/div>\n\t\t\t\t\t\t<\/div>\n\t\t\t\t<\/div>\n\t\t\t\t<div class=\"elementor-element elementor-element-443e9ac elementor-widget elementor-widget-wd_text_block\" data-id=\"443e9ac\" data-element_type=\"widget\" data-e-type=\"widget\" data-widget_type=\"wd_text_block.default\">\n\t\t\t\t<div class=\"elementor-widget-container\">\n\t\t\t\t\t\t\t<div class=\"wd-text-block reset-last-child text-left\">\n\t\t\t\n\t\t\t<h3>Wymiary:<\/h3><ul><li><strong>Wysoko\u015b\u0107:\u00a077 cm<\/strong><\/li><li><strong>Szeroko\u015b\u0107:<\/strong>\u00a0<strong>80 cm<\/strong><\/li><li><strong>D\u0142ugo\u015b\u0107 przed roz\u0142o\u017ceniem:<\/strong> <strong>140 cm<\/strong><\/li><li><strong>D\u0142ugo\u015b\u0107 po roz\u0142o\u017ceniu:<\/strong> <strong>180 cm<\/strong><\/li><\/ul><h4>Mebel pakowany w karton do samodzielnego monta\u017cu.<\/h4>\n\t\t\t\t\t<\/div>\n\t\t\t\t\t\t<\/div>\n\t\t\t\t<\/div>\n\t\t\t\t\t<\/div>\n\t\t\t\t<\/div>\n\t\t<div class=\"wd-negative-gap elementor-element elementor-element-0b098a7 e-flex e-con-boxed e-con e-parent\" data-id=\"0b098a7\" data-element_type=\"container\" data-e-type=\"container\">\n\t\t\t\t\t<div class=\"e-con-inner\">\n\t\t\t\t<div class=\"elementor-element elementor-element-2e2e86e elementor-widget elementor-widget-wd_text_block\" data-id=\"2e2e86e\" data-element_type=\"widget\" data-e-type=\"widget\" data-widget_type=\"wd_text_block.default\">\n\t\t\t\t<div class=\"elementor-widget-container\">\n\t\t\t\t\t\t\t<div class=\"wd-text-block reset-last-child text-left\">\n\t\t\t\n\t\t\t\n\t\t\t\t\t<\/div>\n\t\t\t\t\t\t<\/div>\n\t\t\t\t<\/div>\n\t\t\t\t\t<\/div>\n\t\t\t\t<\/div>\n\t\t\t\t<\/div>\n\t\t","protected":false},"excerpt":{"rendered":"<p>Charakterystyka sto\u0142u Como 2 \u2795 St\u00f3\u0142 rozk\u0142adany \u2013 praktyczne rozwi\u0105zanie, kt\u00f3re pozwala szybko zwi\u0119kszy\u0107 powierzchni\u0119 blatu w zale\u017cno\u015bci od potrzeb<\/p>\n","protected":false},"featured_media":30148,"template":"","meta":[],"product_brand":[],"product_cat":[272],"product_tag":[],"class_list":{"0":"post-30161","1":"product","2":"type-product","3":"status-publish","4":"has-post-thumbnail","6":"product_cat-stoly","8":"first","9":"instock","10":"taxable","11":"shipping-taxable","12":"purchasable","13":"product-type-simple"},"jetpack_sharing_enabled":true,"_links":{"self":[{"href":"https:\/\/www.jkg-meble.pl\/index.php\/wp-json\/wp\/v2\/product\/30161","targetHints":{"allow":["GET"]}}],"collection":[{"href":"https:\/\/www.jkg-meble.pl\/index.php\/wp-json\/wp\/v2\/product"}],"about":[{"href":"https:\/\/www.jkg-meble.pl\/index.php\/wp-json\/wp\/v2\/types\/product"}],"version-history":[{"count":13,"href":"https:\/\/www.jkg-meble.pl\/index.php\/wp-json\/wp\/v2\/product\/30161\/revisions"}],"predecessor-version":[{"id":30723,"href":"https:\/\/www.jkg-meble.pl\/index.php\/wp-json\/wp\/v2\/product\/30161\/revisions\/30723"}],"wp:featuredmedia":[{"embeddable":true,"href":"https:\/\/www.jkg-meble.pl\/index.php\/wp-json\/wp\/v2\/media\/30148"}],"wp:attachment":[{"href":"https:\/\/www.jkg-meble.pl\/index.php\/wp-json\/wp\/v2\/media?parent=30161"}],"wp:term":[{"taxonomy":"product_brand","embeddable":true,"href":"https:\/\/www.jkg-meble.pl\/index.php\/wp-json\/wp\/v2\/product_brand?post=30161"},{"taxonomy":"product_cat","embeddable":true,"href":"https:\/\/www.jkg-meble.pl\/index.php\/wp-json\/wp\/v2\/product_cat?post=30161"},{"taxonomy":"product_tag","embeddable":true,"href":"https:\/\/www.jkg-meble.pl\/index.php\/wp-json\/wp\/v2\/product_tag?post=30161"}],"curies":[{"name":"wp","href":"https:\/\/api.w.org\/{rel}","templated":true}]}}