{"id":30164,"date":"2026-03-19T19:27:03","date_gmt":"2026-03-19T19:27:03","guid":{"rendered":"https:\/\/www.jkg-meble.pl\/?post_type=product&#038;p=30164"},"modified":"2026-03-23T13:26:35","modified_gmt":"2026-03-23T13:26:35","slug":"stol-loft","status":"publish","type":"product","link":"https:\/\/www.jkg-meble.pl\/index.php\/produkt\/stol-loft\/","title":{"rendered":"St\u00f3\u0142 Loft"},"content":{"rendered":"\t\t<div data-elementor-type=\"wp-post\" data-elementor-id=\"30164\" class=\"elementor elementor-30164\">\n\t\t\t\t<div class=\"wd-negative-gap elementor-element elementor-element-1f1593a e-grid e-con-boxed e-con e-parent\" data-id=\"1f1593a\" data-element_type=\"container\" data-e-type=\"container\">\n\t\t\t\t\t<div class=\"e-con-inner\">\n\t\t\t\t<div class=\"elementor-element elementor-element-40c5a86 elementor-widget elementor-widget-wd_text_block\" data-id=\"40c5a86\" data-element_type=\"widget\" data-e-type=\"widget\" data-widget_type=\"wd_text_block.default\">\n\t\t\t\t<div class=\"elementor-widget-container\">\n\t\t\t\t\t\t\t<div class=\"wd-text-block reset-last-child text-left\">\n\t\t\t\n\t\t\t<h3>Charakterystyka sto\u0142u Loft<\/h3><section class=\"text-token-text-primary w-full focus:outline-none [--shadow-height:45px] has-data-writing-block:pointer-events-none has-data-writing-block:-mt-(--shadow-height) has-data-writing-block:pt-(--shadow-height) [&amp;:has([data-writing-block])&gt;*]:pointer-events-auto scroll-mt-(--header-height)\" dir=\"auto\" data-turn-id=\"3f45b8ee-b868-4f10-bcd4-ff94f551b67c\" data-testid=\"conversation-turn-3\" data-scroll-anchor=\"false\" data-turn=\"user\"><\/section><section class=\"text-token-text-primary w-full focus:outline-none [--shadow-height:45px] has-data-writing-block:pointer-events-none has-data-writing-block:-mt-(--shadow-height) has-data-writing-block:pt-(--shadow-height) [&amp;:has([data-writing-block])&gt;*]:pointer-events-auto scroll-mt-[calc(var(--header-height)+min(200px,max(70px,20svh)))]\" dir=\"auto\" data-turn-id=\"request-WEB:34041367-606e-4bc1-b5ed-889c30eb5c7e-1\" data-testid=\"conversation-turn-4\" data-scroll-anchor=\"false\" data-turn=\"assistant\"><div class=\"text-base my-auto mx-auto [--thread-content-margin:var(--thread-content-margin-xs,calc(var(--spacing)*4))] @w-sm\/main:[--thread-content-margin:var(--thread-content-margin-sm,calc(var(--spacing)*6))] @w-lg\/main:[--thread-content-margin:var(--thread-content-margin-lg,calc(var(--spacing)*16))] px-(--thread-content-margin)\"><div class=\"[--thread-content-max-width:40rem] @w-lg\/main:[--thread-content-max-width:48rem] mx-auto max-w-(--thread-content-max-width) flex-1 group\/turn-messages focus-visible:outline-hidden relative flex w-full min-w-0 flex-col agent-turn\"><div class=\"flex max-w-full flex-col gap-4 grow\"><div class=\"min-h-8 text-message relative flex w-full flex-col items-end gap-2 text-start break-words whitespace-normal outline-none keyboard-focused:focus-ring [.text-message+&amp;]:mt-1\" dir=\"auto\" data-message-author-role=\"assistant\" data-message-id=\"9c5d5d2a-6fd0-41f7-92a9-f621d9d62b9a\" data-message-model-slug=\"gpt-5-4-thinking\"><div class=\"flex w-full flex-col gap-1 empty:hidden\"><div class=\"markdown prose dark:prose-invert w-full wrap-break-word light markdown-new-styling\"><ul data-start=\"0\" data-end=\"622\"><li data-section-id=\"s4nei0\" data-start=\"0\" data-end=\"77\">\ud83c\udf7d\ufe0f <strong data-start=\"6\" data-end=\"36\">St\u00f3\u0142 do kuchni lub jadalni<\/strong> \u2013 uniwersalny i praktyczny na co dzie\u0144<\/li><li data-section-id=\"j9mtam\" data-start=\"78\" data-end=\"151\">\ud83d\udccf <strong data-start=\"83\" data-end=\"112\">Kompaktowy i ergonomiczny<\/strong> \u2013 idealny tak\u017ce do mniejszych wn\u0119trz<\/li><li data-section-id=\"8ahrg0\" data-start=\"152\" data-end=\"218\">\u25fc\ufe0f <strong data-start=\"157\" data-end=\"177\">Prostok\u0105tny blat<\/strong> \u2013 wygodny i funkcjonalny w u\u017cytkowaniu<\/li><li data-section-id=\"q017lv\" data-start=\"219\" data-end=\"292\">\ud83e\udeb5 <strong data-start=\"224\" data-end=\"258\">Blat z p\u0142yty laminowanej 32 mm<\/strong> \u2013 solidny i \u0142atwy w czyszczeniu<\/li><li data-section-id=\"1lfrkkn\" data-start=\"293\" data-end=\"345\">\ud83d\udd12 <strong data-start=\"298\" data-end=\"312\">St\u00f3\u0142 sta\u0142y<\/strong> \u2013 stabilna, trwa\u0142a konstrukcja<\/li><li data-section-id=\"1ct3okd\" data-start=\"346\" data-end=\"407\">\ud83c\udf33 <strong data-start=\"351\" data-end=\"379\">Korpus z drewna bukowego<\/strong> \u2013 wytrzyma\u0142y i estetyczny<\/li><li data-section-id=\"tlbodz\" data-start=\"408\" data-end=\"499\">\u26ab <strong data-start=\"412\" data-end=\"458\">Metalowe nogi malowane proszkowo na czarno<\/strong> \u2013 nowoczesny wygl\u0105d i dobra stabilno\u015b\u0107<\/li><li data-section-id=\"65oijw\" data-start=\"500\" data-end=\"562\">\u2728 <strong data-start=\"504\" data-end=\"525\">Nowoczesny design<\/strong> \u2013 pasuje do wielu aran\u017cacji wn\u0119trz<\/li><li data-section-id=\"7tv0fo\" data-start=\"563\" data-end=\"622\">\ud83c\uddf5\ud83c\uddf1 <strong data-start=\"570\" data-end=\"588\">Produkt polski<\/strong> \u2013 wykonany z dba\u0142o\u015bci\u0105 o jako\u015b\u0107<\/li><\/ul><\/div><\/div><\/div><\/div><\/div><\/div><\/section>\n\t\t\t\t\t<\/div>\n\t\t\t\t\t\t<\/div>\n\t\t\t\t<\/div>\n\t\t\t\t<div class=\"elementor-element elementor-element-b1aa93c elementor-widget elementor-widget-wd_text_block\" data-id=\"b1aa93c\" data-element_type=\"widget\" data-e-type=\"widget\" data-widget_type=\"wd_text_block.default\">\n\t\t\t\t<div class=\"elementor-widget-container\">\n\t\t\t\t\t\t\t<div class=\"wd-text-block reset-last-child text-left\">\n\t\t\t\n\t\t\t<h3>Wymiary:\u00a0<\/h3><ul><li><strong>Wysoko\u015b\u0107:\u00a077 cm<\/strong><\/li><li><strong>Szeroko\u015b\u0107: 70 cm<\/strong><\/li><li><strong>D\u0142ugo\u015b\u0107: 110<\/strong><\/li><\/ul>\n\t\t\t\t\t<\/div>\n\t\t\t\t\t\t<\/div>\n\t\t\t\t<\/div>\n\t\t\t\t\t<\/div>\n\t\t\t\t<\/div>\n\t\t\t\t<\/div>\n\t\t","protected":false},"excerpt":{"rendered":"<p>Charakterystyka sto\u0142u Loft \ud83c\udf7d\ufe0f St\u00f3\u0142 do kuchni lub jadalni \u2013 uniwersalny i praktyczny na co dzie\u0144 \ud83d\udccf Kompaktowy i ergonomiczny<\/p>\n","protected":false},"featured_media":30152,"template":"","meta":[],"product_brand":[],"product_cat":[272],"product_tag":[],"class_list":{"0":"post-30164","1":"product","2":"type-product","3":"status-publish","4":"has-post-thumbnail","6":"product_cat-stoly","8":"first","9":"instock","10":"taxable","11":"shipping-taxable","12":"purchasable","13":"product-type-simple"},"jetpack_sharing_enabled":true,"_links":{"self":[{"href":"https:\/\/www.jkg-meble.pl\/index.php\/wp-json\/wp\/v2\/product\/30164","targetHints":{"allow":["GET"]}}],"collection":[{"href":"https:\/\/www.jkg-meble.pl\/index.php\/wp-json\/wp\/v2\/product"}],"about":[{"href":"https:\/\/www.jkg-meble.pl\/index.php\/wp-json\/wp\/v2\/types\/product"}],"version-history":[{"count":7,"href":"https:\/\/www.jkg-meble.pl\/index.php\/wp-json\/wp\/v2\/product\/30164\/revisions"}],"predecessor-version":[{"id":30318,"href":"https:\/\/www.jkg-meble.pl\/index.php\/wp-json\/wp\/v2\/product\/30164\/revisions\/30318"}],"wp:featuredmedia":[{"embeddable":true,"href":"https:\/\/www.jkg-meble.pl\/index.php\/wp-json\/wp\/v2\/media\/30152"}],"wp:attachment":[{"href":"https:\/\/www.jkg-meble.pl\/index.php\/wp-json\/wp\/v2\/media?parent=30164"}],"wp:term":[{"taxonomy":"product_brand","embeddable":true,"href":"https:\/\/www.jkg-meble.pl\/index.php\/wp-json\/wp\/v2\/product_brand?post=30164"},{"taxonomy":"product_cat","embeddable":true,"href":"https:\/\/www.jkg-meble.pl\/index.php\/wp-json\/wp\/v2\/product_cat?post=30164"},{"taxonomy":"product_tag","embeddable":true,"href":"https:\/\/www.jkg-meble.pl\/index.php\/wp-json\/wp\/v2\/product_tag?post=30164"}],"curies":[{"name":"wp","href":"https:\/\/api.w.org\/{rel}","templated":true}]}}