{"id":30173,"date":"2026-03-19T19:32:13","date_gmt":"2026-03-19T19:32:13","guid":{"rendered":"https:\/\/www.jkg-meble.pl\/?post_type=product&#038;p=30173"},"modified":"2026-03-20T12:37:55","modified_gmt":"2026-03-20T12:37:55","slug":"stol-milton-2-xl","status":"publish","type":"product","link":"https:\/\/www.jkg-meble.pl\/index.php\/produkt\/stol-milton-2-xl\/","title":{"rendered":"St\u00f3\u0142 Milton 2 XL"},"content":{"rendered":"\t\t<div data-elementor-type=\"wp-post\" data-elementor-id=\"30173\" class=\"elementor elementor-30173\">\n\t\t\t\t<div class=\"wd-negative-gap elementor-element elementor-element-cc61074 e-grid e-con-boxed e-con e-parent\" data-id=\"cc61074\" data-element_type=\"container\" data-e-type=\"container\">\n\t\t\t\t\t<div class=\"e-con-inner\">\n\t\t\t\t<div class=\"elementor-element elementor-element-390c292 elementor-widget elementor-widget-wd_text_block\" data-id=\"390c292\" data-element_type=\"widget\" data-e-type=\"widget\" data-widget_type=\"wd_text_block.default\">\n\t\t\t\t<div class=\"elementor-widget-container\">\n\t\t\t\t\t\t\t<div class=\"wd-text-block reset-last-child text-left\">\n\t\t\t\n\t\t\t<h3>Charakterystyka sto\u0142u Milton 2 XL<\/h3><div class=\"flex flex-col text-sm pb-25\"><section class=\"text-token-text-primary w-full focus:outline-none [--shadow-height:45px] has-data-writing-block:pointer-events-none has-data-writing-block:-mt-(--shadow-height) has-data-writing-block:pt-(--shadow-height) [&amp;:has([data-writing-block])&gt;*]:pointer-events-auto scroll-mt-[calc(var(--header-height)+min(200px,max(70px,20svh)))]\" dir=\"auto\" data-turn-id=\"request-69bbf599-3be0-8397-a53c-a55788d17201-3\" data-testid=\"conversation-turn-30\" data-scroll-anchor=\"true\" data-turn=\"assistant\"><div class=\"text-base my-auto mx-auto pb-10 [--thread-content-margin:var(--thread-content-margin-xs,calc(var(--spacing)*4))] @w-sm\/main:[--thread-content-margin:var(--thread-content-margin-sm,calc(var(--spacing)*6))] @w-lg\/main:[--thread-content-margin:var(--thread-content-margin-lg,calc(var(--spacing)*16))] px-(--thread-content-margin)\"><div class=\"[--thread-content-max-width:40rem] @w-lg\/main:[--thread-content-max-width:48rem] mx-auto max-w-(--thread-content-max-width) flex-1 group\/turn-messages focus-visible:outline-hidden relative flex w-full min-w-0 flex-col agent-turn\"><div class=\"flex max-w-full flex-col gap-4 grow\"><div class=\"min-h-8 text-message relative flex w-full flex-col items-end gap-2 text-start break-words whitespace-normal outline-none keyboard-focused:focus-ring [.text-message+&amp;]:mt-1\" dir=\"auto\" tabindex=\"0\" data-message-author-role=\"assistant\" data-message-id=\"95e280ce-1651-4dd4-ba48-231f07b518cc\" data-message-model-slug=\"gpt-5-4-thinking\" data-turn-start-message=\"true\"><div class=\"flex w-full flex-col gap-1 empty:hidden\"><div class=\"markdown prose dark:prose-invert w-full wrap-break-word light markdown-new-styling\"><ul data-start=\"0\" data-end=\"953\" data-is-last-node=\"\" data-is-only-node=\"\"><li data-section-id=\"1fhb77t\" data-start=\"0\" data-end=\"131\"><p data-start=\"2\" data-end=\"131\">\ud83c\udf33 <strong data-start=\"5\" data-end=\"30\">Polskie drewno bukowe<\/strong> \u2013 naturalny materia\u0142 o doskona\u0142ych parametrach wytrzyma\u0142o\u015bciowych, ceniony za trwa\u0142o\u015b\u0107 i solidno\u015b\u0107<\/p><\/li><li data-section-id=\"1tbi2c8\" data-start=\"132\" data-end=\"240\"><p data-start=\"134\" data-end=\"240\">\ud83d\udd29 <strong data-start=\"137\" data-end=\"155\">Mocne klejenie<\/strong> \u2013 najtrwalsze po\u0142\u0105czenia stolarskie, odporne na intensywne i codzienne u\u017cytkowanie<\/p><\/li><li data-section-id=\"w0otzg\" data-start=\"241\" data-end=\"379\"><p data-start=\"243\" data-end=\"379\">\ud83c\udf3f <strong data-start=\"246\" data-end=\"273\">Ekologiczne wyko\u0144czenie<\/strong> \u2013 bejca i lakier wodny zapewniaj\u0105 bezpieczne i trwa\u0142e zabezpieczenie powierzchni n\u00f3g oraz korpusu sto\u0142u<\/p><\/li><li data-section-id=\"1ioxdqp\" data-start=\"380\" data-end=\"498\"><p data-start=\"382\" data-end=\"498\">\u2795 <strong data-start=\"384\" data-end=\"403\">St\u00f3\u0142 rozk\u0142adany<\/strong> \u2013 praktyczne rozwi\u0105zanie, kt\u00f3re pozwala szybko zwi\u0119kszy\u0107 powierzchni\u0119 blatu w razie potrzeby<\/p><\/li><li data-section-id=\"qxyy7r\" data-start=\"499\" data-end=\"612\"><p data-start=\"501\" data-end=\"612\">\ud83e\udeb5 <strong data-start=\"504\" data-end=\"543\">Blat z p\u0142yty MDF pokrytej laminatem<\/strong> \u2013 estetyczne i funkcjonalne wyko\u0144czenie do codziennego u\u017cytkowania<\/p><\/li><li data-section-id=\"vwlijp\" data-start=\"613\" data-end=\"751\"><p data-start=\"615\" data-end=\"751\">\u2728 <strong data-start=\"617\" data-end=\"664\">Laminat o mi\u0119kkiej i przyjemnej powierzchni<\/strong> \u2013 trwa\u0142y materia\u0142, kt\u00f3ry \u015bwietnie sprawdza si\u0119 w cz\u0119sto u\u017cytkowanych pomieszczeniach<\/p><\/li><li data-section-id=\"18vtvvs\" data-start=\"752\" data-end=\"863\"><p data-start=\"754\" data-end=\"863\">\ud83c\udfd7\ufe0f <strong data-start=\"758\" data-end=\"782\">Stabilna konstrukcja<\/strong> \u2013 solidny korpus i mocne nogi zapewniaj\u0105 wytrzyma\u0142o\u015b\u0107 oraz komfort u\u017cytkowania<\/p><\/li><li data-section-id=\"w3uclv\" data-start=\"864\" data-end=\"953\" data-is-last-node=\"\"><p data-start=\"866\" data-end=\"953\" data-is-last-node=\"\">\ud83c\uddf5\ud83c\uddf1 <strong data-start=\"871\" data-end=\"889\">Produkt polski<\/strong> \u2013 lokalna produkcja, staranne wykonanie i dba\u0142o\u015b\u0107 o ka\u017cdy detal<\/p><\/li><\/ul><\/div><\/div><\/div><\/div><div class=\"z-0 flex min-h-[46px] justify-start\">\u00a0<\/div><div class=\"mt-3 w-full empty:hidden\"><div class=\"text-center\">\u00a0<\/div><\/div><\/div><\/div><\/section><\/div><div class=\"pointer-events-none h-px w-px absolute bottom-0\" aria-hidden=\"true\" data-edge=\"true\">\u00a0<\/div>\n\t\t\t\t\t<\/div>\n\t\t\t\t\t\t<\/div>\n\t\t\t\t<\/div>\n\t\t\t\t<div class=\"elementor-element elementor-element-1f36126 elementor-widget elementor-widget-wd_text_block\" data-id=\"1f36126\" data-element_type=\"widget\" data-e-type=\"widget\" data-widget_type=\"wd_text_block.default\">\n\t\t\t\t<div class=\"elementor-widget-container\">\n\t\t\t\t\t\t\t<div class=\"wd-text-block reset-last-child text-left\">\n\t\t\t\n\t\t\t<h3>Wymiary sto\u0142u:<\/h3><ul><li><strong>D\u0142ugo\u015b\u0107 przed roz\u0142o\u017ceniem:<\/strong>\u00a0<strong>160 cm<\/strong><\/li><li><strong>D\u0142ugo\u015b\u0107 po roz\u0142o\u017ceniu:<\/strong> <strong>240 cm<\/strong><\/li><li><strong>Wysoko\u015b\u0107 ca\u0142kowita:<\/strong>\u00a0<strong>76 cm<\/strong><\/li><li><strong>Szeroko\u015b\u0107 ca\u0142kowita:<\/strong>\u00a0<strong>92 cm<\/strong><\/li><\/ul><h4>Mebel pakowany w karton do samodzielnego monta\u017cu.<\/h4>\n\t\t\t\t\t<\/div>\n\t\t\t\t\t\t<\/div>\n\t\t\t\t<\/div>\n\t\t\t\t\t<\/div>\n\t\t\t\t<\/div>\n\t\t\t\t<\/div>\n\t\t","protected":false},"excerpt":{"rendered":"<p>Charakterystyka sto\u0142u Milton 2 XL \ud83c\udf33 Polskie drewno bukowe \u2013 naturalny materia\u0142 o doskona\u0142ych parametrach wytrzyma\u0142o\u015bciowych, ceniony za trwa\u0142o\u015b\u0107 i<\/p>\n","protected":false},"featured_media":30154,"template":"","meta":[],"product_brand":[],"product_cat":[272],"product_tag":[],"class_list":{"0":"post-30173","1":"product","2":"type-product","3":"status-publish","4":"has-post-thumbnail","6":"product_cat-stoly","8":"first","9":"instock","10":"taxable","11":"shipping-taxable","12":"purchasable","13":"product-type-simple"},"jetpack_sharing_enabled":true,"_links":{"self":[{"href":"https:\/\/www.jkg-meble.pl\/index.php\/wp-json\/wp\/v2\/product\/30173","targetHints":{"allow":["GET"]}}],"collection":[{"href":"https:\/\/www.jkg-meble.pl\/index.php\/wp-json\/wp\/v2\/product"}],"about":[{"href":"https:\/\/www.jkg-meble.pl\/index.php\/wp-json\/wp\/v2\/types\/product"}],"version-history":[{"count":10,"href":"https:\/\/www.jkg-meble.pl\/index.php\/wp-json\/wp\/v2\/product\/30173\/revisions"}],"predecessor-version":[{"id":30272,"href":"https:\/\/www.jkg-meble.pl\/index.php\/wp-json\/wp\/v2\/product\/30173\/revisions\/30272"}],"wp:featuredmedia":[{"embeddable":true,"href":"https:\/\/www.jkg-meble.pl\/index.php\/wp-json\/wp\/v2\/media\/30154"}],"wp:attachment":[{"href":"https:\/\/www.jkg-meble.pl\/index.php\/wp-json\/wp\/v2\/media?parent=30173"}],"wp:term":[{"taxonomy":"product_brand","embeddable":true,"href":"https:\/\/www.jkg-meble.pl\/index.php\/wp-json\/wp\/v2\/product_brand?post=30173"},{"taxonomy":"product_cat","embeddable":true,"href":"https:\/\/www.jkg-meble.pl\/index.php\/wp-json\/wp\/v2\/product_cat?post=30173"},{"taxonomy":"product_tag","embeddable":true,"href":"https:\/\/www.jkg-meble.pl\/index.php\/wp-json\/wp\/v2\/product_tag?post=30173"}],"curies":[{"name":"wp","href":"https:\/\/api.w.org\/{rel}","templated":true}]}}