{"id":30572,"date":"2026-03-27T18:19:07","date_gmt":"2026-03-27T18:19:07","guid":{"rendered":"https:\/\/www.jkg-meble.pl\/?post_type=product&#038;p=30572"},"modified":"2026-03-30T11:55:27","modified_gmt":"2026-03-30T11:55:27","slug":"lawka-kuchenna-royal","status":"publish","type":"product","link":"https:\/\/www.jkg-meble.pl\/index.php\/produkt\/lawka-kuchenna-royal\/","title":{"rendered":"\u0141awka kuchenna Royal"},"content":{"rendered":"\t\t<div data-elementor-type=\"wp-post\" data-elementor-id=\"30572\" class=\"elementor elementor-30572\">\n\t\t\t\t<div class=\"wd-negative-gap elementor-element elementor-element-a3e32dd e-flex e-con-boxed e-con e-parent\" data-id=\"a3e32dd\" data-element_type=\"container\" data-e-type=\"container\">\n\t\t\t\t\t<div class=\"e-con-inner\">\n\t\t\t\t<div class=\"elementor-element elementor-element-05f98ba elementor-widget elementor-widget-wd_text_block\" data-id=\"05f98ba\" data-element_type=\"widget\" data-e-type=\"widget\" data-widget_type=\"wd_text_block.default\">\n\t\t\t\t<div class=\"elementor-widget-container\">\n\t\t\t\t\t\t\t<div class=\"wd-text-block reset-last-child text-left\">\n\t\t\t\n\t\t\t\n\t\t\t\t\t<\/div>\n\t\t\t\t\t\t<\/div>\n\t\t\t\t<\/div>\n\t\t\t\t\t<\/div>\n\t\t\t\t<\/div>\n\t\t<div class=\"wd-negative-gap elementor-element elementor-element-4929ee8 e-flex e-con-boxed e-con e-parent\" data-id=\"4929ee8\" data-element_type=\"container\" data-e-type=\"container\">\n\t\t\t\t\t<div class=\"e-con-inner\">\n\t\t\t\t<div class=\"elementor-element elementor-element-a51e1ad elementor-widget elementor-widget-wd_text_block\" data-id=\"a51e1ad\" data-element_type=\"widget\" data-e-type=\"widget\" data-widget_type=\"wd_text_block.default\">\n\t\t\t\t<div class=\"elementor-widget-container\">\n\t\t\t\t\t\t\t<div class=\"wd-text-block reset-last-child text-left\">\n\t\t\t\n\t\t\t<p><strong>Royal<\/strong> - nowoczesna i elegancka \u0142awka do kuchni lub jadalni, wykonywana na dowolny wymiar, dzi\u0119ki czemu idealnie dopasowuje si\u0119 do wn\u0119trza. Wyposa\u017cona w wysokiej jako\u015bci piank\u0119 T30, zapewnia wygod\u0119 i trwa\u0142o\u015b\u0107 na co dzie\u0144. Jako mebel wolno stoj\u0105cy, posiada ty\u0142 obity tkanin\u0105, dlatego \u015bwietnie prezentuje si\u0119 z ka\u017cdej strony. Dekoracyjne pionowe przeszycia na oparciu i siedziskach podkre\u015blaj\u0105 jego stylowy charakter, a metalowe nogi malowane proszkowo dodaj\u0105 nowoczesno\u015bci i lekko\u015bci.\u00a0<\/p><h3>Charakterystyka \u0142awki Royal\u00a0<\/h3><ul><li data-section-id=\"1yhfq81\" data-start=\"0\" data-end=\"162\">\u2728\u00a0<strong data-start=\"4\" data-end=\"41\">Elegancja i nowoczesno\u015b\u0107 w jednym<\/strong> \u2013 \u0142awka stworzona z my\u015bl\u0105 o stylowych kuchniach i jadalniach, \u0142\u0105czy estetyczny wygl\u0105d z codzienn\u0105 funkcjonalno\u015bci\u0105.<\/li><li data-section-id=\"146p27z\" data-start=\"163\" data-end=\"310\">\ud83d\udccf\u00a0<strong data-start=\"168\" data-end=\"199\">Wykonanie na dowolny wymiar<\/strong> \u2013 ka\u017cda \u0142awka powstaje na zam\u00f3wienie, dzi\u0119ki czemu idealnie dopasowuje si\u0119 do uk\u0142adu i wielko\u015bci wn\u0119trza.<\/li><li data-section-id=\"lu0jl2\" data-start=\"311\" data-end=\"455\">\ud83d\udecb\ufe0f\u00a0<strong data-start=\"317\" data-end=\"352\">Komfort u\u017cytkowania na co dzie\u0144<\/strong>\u00a0\u2013 zastosowanie wysokiej jako\u015bci pianki T30 zapewnia wygod\u0119 siedzenia oraz trwa\u0142o\u015b\u0107 przez d\u0142ugi czas.<\/li><li data-section-id=\"1w2s6qz\" data-start=\"456\" data-end=\"617\">\ud83d\udd04\u00a0<strong data-start=\"461\" data-end=\"484\">Mebel wolno stoj\u0105cy<\/strong> \u2013 ty\u0142 \u0142awki jest obity tkanin\u0105, dlatego mebel prezentuje si\u0119 estetycznie z ka\u017cdej strony i mo\u017ce stan\u0105\u0107 nie tylko przy \u015bcianie.<\/li><li data-section-id=\"3cr8eq\" data-start=\"618\" data-end=\"771\">\ud83e\uddf5\u00a0<strong data-start=\"623\" data-end=\"657\">Dekoracyjne pionowe przeszycia<\/strong>\u00a0\u2013 eleganckie detale na oparciu i siedziskach podkre\u015blaj\u0105 nowoczesny charakter mebla i nadaj\u0105 mu wyj\u0105tkowy styl.<\/li><li data-section-id=\"1h96slz\" data-start=\"772\" data-end=\"906\">\ud83c\udfa8\u00a0<strong data-start=\"777\" data-end=\"810\">Bogaty wyb\u00f3r tkanin i kolor\u00f3w<\/strong> \u2013 szeroka gama materia\u0142\u00f3w pozwala stworzy\u0107 \u0142awk\u0119 idealnie dopasowan\u0105 do aran\u017cacji wn\u0119trza.<\/li><li data-section-id=\"782vlw\" data-start=\"907\" data-end=\"1044\">\ud83d\udcaa\u00a0<strong data-start=\"912\" data-end=\"937\">Mocna tkanina w cenie<\/strong>\u00a0\u2013 trwa\u0142e i estetyczne obicie zapewnia atrakcyjny wygl\u0105d oraz wygodne u\u017cytkowanie bez dodatkowych dop\u0142at.<\/li><li data-section-id=\"1281dl1\" data-start=\"1185\" data-end=\"1313\">\ud83d\udda4\u00a0<strong data-start=\"1190\" data-end=\"1226\">Metalowe nogi malowane proszkowo<\/strong>\u00a0\u2013 stabilne, trwa\u0142e i efektowne, nadaj\u0105 ca\u0142o\u015bci nowoczesny, lekki i elegancki wygl\u0105d.<\/li><li data-section-id=\"q7fuer\" data-start=\"1314\" data-end=\"1435\">\ud83c\uddf5\ud83c\uddf1\u00a0<strong data-start=\"1321\" data-end=\"1347\">Polski producent mebli<\/strong>\u00a0\u2013 lokalna produkcja, staranne wykonanie i elastyczne podej\u015bcie do ka\u017cdego zam\u00f3wienia.<\/li><li data-section-id=\"q7fuer\" data-start=\"1314\" data-end=\"1435\">\ud83d\udcb0 <strong data-start=\"982\" data-end=\"1019\">Wysoka jako\u015b\u0107 w atrakcyjnej cenie<\/strong> \u2013 trwa\u0142y i estetyczny mebel w bardzo korzystnym stosunku jako\u015bci do ceny.<\/li><\/ul><h2>Wymiary:<\/h2><ul><li><strong>Szeroko\u015b\u0107: mo\u017cemy wykona\u0107 dowolny rozmiar<\/strong><\/li><li><strong>Wysoko\u015b\u0107 mebla: 100cm<\/strong><\/li><li><strong>Wysoko\u015b\u0107 siedziska: 50cm<\/strong><\/li><li><strong>G\u0142\u0119boko\u015b\u0107 siedziska: 45cm<\/strong><\/li><li><strong>G\u0142\u0119boko\u015b\u0107 ca\u0142kowita siedziska: 65cm<\/strong><\/li><li><strong>Wysoko\u015b\u0107 n\u00f3\u017cek: 15cm<\/strong><\/li><\/ul><h4><strong>Produkujemy meble na wymiar z dba\u0142o\u015bci\u0105 o ka\u017cdy szczeg\u00f3\u0142.<\/strong><\/h4>\n\t\t\t\t\t<\/div>\n\t\t\t\t\t\t<\/div>\n\t\t\t\t<\/div>\n\t\t\t\t\t<\/div>\n\t\t\t\t<\/div>\n\t\t\t\t<\/div>\n\t\t","protected":false},"excerpt":{"rendered":"<p>Royal &#8211; nowoczesna i elegancka \u0142awka do kuchni lub jadalni, wykonywana na dowolny wymiar, dzi\u0119ki czemu idealnie dopasowuje si\u0119 do<\/p>\n","protected":false},"featured_media":30574,"template":"","meta":[],"product_brand":[],"product_cat":[262],"product_tag":[],"class_list":{"0":"post-30572","1":"product","2":"type-product","3":"status-publish","4":"has-post-thumbnail","6":"product_cat-lawki-do-jadalni","8":"first","9":"instock","10":"taxable","11":"shipping-taxable","12":"purchasable","13":"product-type-simple"},"jetpack_sharing_enabled":true,"_links":{"self":[{"href":"https:\/\/www.jkg-meble.pl\/index.php\/wp-json\/wp\/v2\/product\/30572","targetHints":{"allow":["GET"]}}],"collection":[{"href":"https:\/\/www.jkg-meble.pl\/index.php\/wp-json\/wp\/v2\/product"}],"about":[{"href":"https:\/\/www.jkg-meble.pl\/index.php\/wp-json\/wp\/v2\/types\/product"}],"version-history":[{"count":4,"href":"https:\/\/www.jkg-meble.pl\/index.php\/wp-json\/wp\/v2\/product\/30572\/revisions"}],"predecessor-version":[{"id":30617,"href":"https:\/\/www.jkg-meble.pl\/index.php\/wp-json\/wp\/v2\/product\/30572\/revisions\/30617"}],"wp:featuredmedia":[{"embeddable":true,"href":"https:\/\/www.jkg-meble.pl\/index.php\/wp-json\/wp\/v2\/media\/30574"}],"wp:attachment":[{"href":"https:\/\/www.jkg-meble.pl\/index.php\/wp-json\/wp\/v2\/media?parent=30572"}],"wp:term":[{"taxonomy":"product_brand","embeddable":true,"href":"https:\/\/www.jkg-meble.pl\/index.php\/wp-json\/wp\/v2\/product_brand?post=30572"},{"taxonomy":"product_cat","embeddable":true,"href":"https:\/\/www.jkg-meble.pl\/index.php\/wp-json\/wp\/v2\/product_cat?post=30572"},{"taxonomy":"product_tag","embeddable":true,"href":"https:\/\/www.jkg-meble.pl\/index.php\/wp-json\/wp\/v2\/product_tag?post=30572"}],"curies":[{"name":"wp","href":"https:\/\/api.w.org\/{rel}","templated":true}]}}