{"id":30586,"date":"2026-03-27T18:25:03","date_gmt":"2026-03-27T18:25:03","guid":{"rendered":"https:\/\/www.jkg-meble.pl\/?post_type=product&#038;p=30586"},"modified":"2026-03-30T11:55:46","modified_gmt":"2026-03-30T11:55:46","slug":"lawka-kuchenna-palermo","status":"publish","type":"product","link":"https:\/\/www.jkg-meble.pl\/index.php\/produkt\/lawka-kuchenna-palermo\/","title":{"rendered":"\u0141awka kuchenna Palermo"},"content":{"rendered":"\t\t<div data-elementor-type=\"wp-post\" data-elementor-id=\"30586\" class=\"elementor elementor-30586\">\n\t\t\t\t<div class=\"wd-negative-gap elementor-element elementor-element-a3e32dd e-flex e-con-boxed e-con e-parent\" data-id=\"a3e32dd\" data-element_type=\"container\" data-e-type=\"container\">\n\t\t\t\t\t<div class=\"e-con-inner\">\n\t\t\t\t<div class=\"elementor-element elementor-element-05f98ba elementor-widget elementor-widget-wd_text_block\" data-id=\"05f98ba\" data-element_type=\"widget\" data-e-type=\"widget\" data-widget_type=\"wd_text_block.default\">\n\t\t\t\t<div class=\"elementor-widget-container\">\n\t\t\t\t\t\t\t<div class=\"wd-text-block reset-last-child text-left\">\n\t\t\t\n\t\t\t\n\t\t\t\t\t<\/div>\n\t\t\t\t\t\t<\/div>\n\t\t\t\t<\/div>\n\t\t\t\t\t<\/div>\n\t\t\t\t<\/div>\n\t\t<div class=\"wd-negative-gap elementor-element elementor-element-4929ee8 e-flex e-con-boxed e-con e-parent\" data-id=\"4929ee8\" data-element_type=\"container\" data-e-type=\"container\">\n\t\t\t\t\t<div class=\"e-con-inner\">\n\t\t\t\t<div class=\"elementor-element elementor-element-a51e1ad elementor-widget elementor-widget-wd_text_block\" data-id=\"a51e1ad\" data-element_type=\"widget\" data-e-type=\"widget\" data-widget_type=\"wd_text_block.default\">\n\t\t\t\t<div class=\"elementor-widget-container\">\n\t\t\t\t\t\t\t<div class=\"wd-text-block reset-last-child text-left\">\n\t\t\t\n\t\t\t<p><strong>\u0141awka Palermo<\/strong>\u00a0to po\u0142\u0105czenie klasycznego wzornictwa z praktycznymi rozwi\u0105zaniami, kt\u00f3re \u015bwietnie sprawdz\u0105 si\u0119 zar\u00f3wno w nowoczesnych, jak i tradycyjnych wn\u0119trzach. To doskona\u0142a propozycja dla os\u00f3b ceni\u0105cych\u00a0<strong>wygod\u0119, trwa\u0142o\u015b\u0107 i estetyk\u0119<\/strong>\u00a0w codziennym u\u017cytkowaniu.<\/p><ul><li data-section-id=\"146zbbq\" data-start=\"0\" data-end=\"112\">\ud83d\udccf <strong>\u0141awka do kuchni, jadalni lub przedpokoju na dowolny wymiar<\/strong> \u2013 idealne dopasowanie mebla do dost\u0119pnej przestrzeni.<\/li><li data-section-id=\"r0zvz\" data-start=\"137\" data-end=\"253\">\ud83d\udecb\ufe0f\u00a0<strong data-start=\"6\" data-end=\"33\">Wygodne siedzisko 30 cm<\/strong>\u00a0\u2013 grube, mi\u0119kkie i elastyczne wype\u0142nienie z pianki T30 zapewnia wysoki komfort codziennego u\u017cytkowania.<\/li><li data-section-id=\"1i1g74e\" data-start=\"323\" data-end=\"451\">\ud83e\uddf5\u00a0<strong data-start=\"328\" data-end=\"350\">Mebel wolnostoj\u0105cy<\/strong>\u00a0\u2013 ty\u0142 naro\u017cnika obity tkanin\u0105, dzi\u0119ki czemu \u015bwietnie prezentuje si\u0119 r\u00f3wnie\u017c w otwartej przestrzeni<\/li><li data-section-id=\"1payq1c\" data-start=\"452\" data-end=\"566\">\u2728\u00a0<strong data-start=\"456\" data-end=\"507\">Eleganckie i nietuzinkowe przeszycia na oparciu<\/strong>\u00a0\u2013 stylowy detal podkre\u015blaj\u0105cy nowoczesny charakter mebla<\/li><li data-section-id=\"1asb5nj\" data-start=\"567\" data-end=\"653\">\ud83d\udecb\ufe0f\u00a0<strong data-start=\"573\" data-end=\"598\">Mocna tkanina w cenie<\/strong>\u00a0\u2013 trwa\u0142e i estetyczne obicie bez dodatkowych koszt\u00f3w<\/li><li data-section-id=\"q8akko\" data-start=\"654\" data-end=\"753\">\ud83c\udfa8\u00a0<strong data-start=\"659\" data-end=\"689\">Szeroka gama kolorystyczna<\/strong>\u00a0\u2013 \u0142atwe dopasowanie naro\u017cnika do aran\u017cacji kuchni lub jadalni<\/li><li data-section-id=\"1lvrp5g\" data-start=\"754\" data-end=\"864\">\ud83d\udda4\u00a0<strong data-start=\"759\" data-end=\"805\">Metalowe nogi malowane proszkowo na czarno<\/strong>\u00a0\u2013 nowoczesne wyko\u0144czenie nadaj\u0105ce meblowi wyrazisty styl<\/li><li data-section-id=\"1lvrp5g\" data-start=\"754\" data-end=\"864\">\ud83d\udcb0 <strong data-start=\"982\" data-end=\"1019\">Wysoka jako\u015b\u0107 w atrakcyjnej cenie<\/strong> \u2013 trwa\u0142y i estetyczny mebel w bardzo korzystnym stosunku jako\u015bci do ceny.<\/li><li data-section-id=\"q5tei1\" data-start=\"865\" data-end=\"972\" data-is-last-node=\"\">\ud83c\uddf5\ud83c\uddf1\u00a0<strong data-start=\"872\" data-end=\"906\">Polski lokalny producent mebli<\/strong>\u00a0\u2013 wysoka jako\u015b\u0107 wykonania i bardzo dobry stosunek ceny do jako\u015bci<\/li><\/ul><p><strong>Palermo<\/strong> jest doskona\u0142ym wyborem dla os\u00f3b ceni\u0105cych nietuzinkowe po\u0142\u0105czenia oryginalnego kszta\u0142tu z wygod\u0105 i ergonomicznym zagospodarowaniem domowej, wolnej przestrzeni.<\/p><h2>Wymiary:<\/h2><ul><li><strong>Szeroko\u015b\u0107: mo\u017cemy wykona\u0107 dowolny rozmiar<\/strong><\/li><li><strong>G\u0142\u0119boko\u015b\u0107: 55cm<\/strong><\/li><li><strong>Wysoko\u015b\u0107 mebla: 95cm<\/strong><\/li><li><strong>Wysoko\u015b\u0107 siedziska: 50cm<\/strong><\/li><li><strong>G\u0142\u0119boko\u015b\u0107 siedziska: 42cm<\/strong><\/li><li><strong>Wysoko\u015b\u0107 n\u00f3\u017cek: 15cm<\/strong><\/li><\/ul><h4><strong>Produkujemy meble na wymiar z dba\u0142o\u015bci\u0105 o ka\u017cdy szczeg\u00f3\u0142.<\/strong><\/h4>\n\t\t\t\t\t<\/div>\n\t\t\t\t\t\t<\/div>\n\t\t\t\t<\/div>\n\t\t\t\t\t<\/div>\n\t\t\t\t<\/div>\n\t\t\t\t<\/div>\n\t\t","protected":false},"excerpt":{"rendered":"<p>\u0141awka Palermo\u00a0to po\u0142\u0105czenie klasycznego wzornictwa z praktycznymi rozwi\u0105zaniami, kt\u00f3re \u015bwietnie sprawdz\u0105 si\u0119 zar\u00f3wno w nowoczesnych, jak i tradycyjnych wn\u0119trzach. To<\/p>\n","protected":false},"featured_media":30587,"template":"","meta":[],"product_brand":[],"product_cat":[262],"product_tag":[],"class_list":{"0":"post-30586","1":"product","2":"type-product","3":"status-publish","4":"has-post-thumbnail","6":"product_cat-lawki-do-jadalni","8":"first","9":"instock","10":"taxable","11":"shipping-taxable","12":"purchasable","13":"product-type-simple"},"jetpack_sharing_enabled":true,"_links":{"self":[{"href":"https:\/\/www.jkg-meble.pl\/index.php\/wp-json\/wp\/v2\/product\/30586","targetHints":{"allow":["GET"]}}],"collection":[{"href":"https:\/\/www.jkg-meble.pl\/index.php\/wp-json\/wp\/v2\/product"}],"about":[{"href":"https:\/\/www.jkg-meble.pl\/index.php\/wp-json\/wp\/v2\/types\/product"}],"version-history":[{"count":7,"href":"https:\/\/www.jkg-meble.pl\/index.php\/wp-json\/wp\/v2\/product\/30586\/revisions"}],"predecessor-version":[{"id":30613,"href":"https:\/\/www.jkg-meble.pl\/index.php\/wp-json\/wp\/v2\/product\/30586\/revisions\/30613"}],"wp:featuredmedia":[{"embeddable":true,"href":"https:\/\/www.jkg-meble.pl\/index.php\/wp-json\/wp\/v2\/media\/30587"}],"wp:attachment":[{"href":"https:\/\/www.jkg-meble.pl\/index.php\/wp-json\/wp\/v2\/media?parent=30586"}],"wp:term":[{"taxonomy":"product_brand","embeddable":true,"href":"https:\/\/www.jkg-meble.pl\/index.php\/wp-json\/wp\/v2\/product_brand?post=30586"},{"taxonomy":"product_cat","embeddable":true,"href":"https:\/\/www.jkg-meble.pl\/index.php\/wp-json\/wp\/v2\/product_cat?post=30586"},{"taxonomy":"product_tag","embeddable":true,"href":"https:\/\/www.jkg-meble.pl\/index.php\/wp-json\/wp\/v2\/product_tag?post=30586"}],"curies":[{"name":"wp","href":"https:\/\/api.w.org\/{rel}","templated":true}]}}