{"id":30597,"date":"2026-03-27T18:30:18","date_gmt":"2026-03-27T18:30:18","guid":{"rendered":"https:\/\/www.jkg-meble.pl\/?post_type=product&#038;p=30597"},"modified":"2026-03-30T17:38:40","modified_gmt":"2026-03-30T17:38:40","slug":"lawka-kuchenna-noto","status":"publish","type":"product","link":"https:\/\/www.jkg-meble.pl\/index.php\/produkt\/lawka-kuchenna-noto\/","title":{"rendered":"\u0141awka kuchenna Noto"},"content":{"rendered":"\t\t<div data-elementor-type=\"wp-post\" data-elementor-id=\"30597\" class=\"elementor elementor-30597\">\n\t\t\t\t<div class=\"wd-negative-gap elementor-element elementor-element-a3e32dd e-flex e-con-boxed e-con e-parent\" data-id=\"a3e32dd\" data-element_type=\"container\" data-e-type=\"container\">\n\t\t\t\t\t<div class=\"e-con-inner\">\n\t\t\t\t<div class=\"elementor-element elementor-element-05f98ba elementor-widget elementor-widget-wd_text_block\" data-id=\"05f98ba\" data-element_type=\"widget\" data-e-type=\"widget\" data-widget_type=\"wd_text_block.default\">\n\t\t\t\t<div class=\"elementor-widget-container\">\n\t\t\t\t\t\t\t<div class=\"wd-text-block reset-last-child text-left\">\n\t\t\t\n\t\t\t\n\t\t\t\t\t<\/div>\n\t\t\t\t\t\t<\/div>\n\t\t\t\t<\/div>\n\t\t\t\t\t<\/div>\n\t\t\t\t<\/div>\n\t\t<div class=\"wd-negative-gap elementor-element elementor-element-4929ee8 e-flex e-con-boxed e-con e-parent\" data-id=\"4929ee8\" data-element_type=\"container\" data-e-type=\"container\">\n\t\t\t\t\t<div class=\"e-con-inner\">\n\t\t\t\t<div class=\"elementor-element elementor-element-a51e1ad elementor-widget elementor-widget-wd_text_block\" data-id=\"a51e1ad\" data-element_type=\"widget\" data-e-type=\"widget\" data-widget_type=\"wd_text_block.default\">\n\t\t\t\t<div class=\"elementor-widget-container\">\n\t\t\t\t\t\t\t<div class=\"wd-text-block reset-last-child text-left\">\n\t\t\t\n\t\t\t<p><strong>Noto -\u00a0 \u0142awka<\/strong> to idealne po\u0142\u0105czenie wygody, estetyki w prostym kszta\u0142cie i funkcjonalno\u015bci. Doskonale sprawdza si\u0119 w kuchni oraz jadalni jak r\u00f3wnie\u017c w przedpokoju. Mi\u0119kkie siedziska, nowoczesny wygl\u0105d i solidne wykonanie sprawiaj\u0105, \u017ce <strong>Noto<\/strong> jest praktycznym i stylowym wyborem do ka\u017cdego wn\u0119trza.<\/p><h3>Charakterystyka \u0142awki Noto<\/h3><ul><li data-section-id=\"1tab2yl\" data-start=\"0\" data-end=\"136\">\ud83d\udccf <strong data-start=\"5\" data-end=\"36\">Wykonanie na dowolny wymiar<\/strong> \u2013 \u0142awk\u0119 dopasujemy do Twojej kuchni, jadalni lub przedpokoju zgodnie z indywidualnym zam\u00f3wieniem.<\/li><li data-section-id=\"r0zvz\" data-start=\"137\" data-end=\"253\">\u2728 <strong data-start=\"141\" data-end=\"162\">Nowoczesny wygl\u0105d<\/strong> \u2013 stylowa forma sprawia, \u017ce mebel \u015bwietnie wpisuje si\u0119 w nowoczesne i klasyczne wn\u0119trza.<\/li><li data-section-id=\"r0zvz\" data-start=\"137\" data-end=\"253\">\ud83d\udecb\ufe0f <strong data-start=\"6\" data-end=\"33\">Wygodne siedzisko 30 cm<\/strong> \u2013 grube, mi\u0119kkie i elastyczne wype\u0142nienie z pianki T30 zapewnia wysoki komfort codziennego u\u017cytkowania.<\/li><li data-section-id=\"r0zvz\" data-start=\"137\" data-end=\"253\">\ud83d\udd04 <strong data-start=\"358\" data-end=\"381\">Mebel wolno stoj\u0105cy<\/strong> \u2013 ty\u0142 \u0142awki jest obity tkanin\u0105, dzi\u0119ki czemu prezentuje si\u0119 estetycznie z ka\u017cdej strony.<\/li><li data-section-id=\"r0zvz\" data-start=\"137\" data-end=\"253\">\ud83d\udcaa <strong data-start=\"599\" data-end=\"624\">Mocna tkanina w cenie<\/strong> \u2013 trwa\u0142y materia\u0142 obiciowy bez dodatkowych dop\u0142at.<\/li><li data-section-id=\"r0zvz\" data-start=\"137\" data-end=\"253\">\ud83c\udf33 <strong data-start=\"683\" data-end=\"708\">Wyb\u00f3r wybarwienia n\u00f3g<\/strong> \u2013 mo\u017cliwo\u015b\u0107 dopasowania koloru n\u00f3g z drewna bukowego do stylu wn\u0119trza.<\/li><li data-section-id=\"r0zvz\" data-start=\"137\" data-end=\"253\">\ud83c\udfa8 <strong data-start=\"787\" data-end=\"824\">Szeroka gama kolorystyczna tkanin<\/strong> \u2013 du\u017cy wyb\u00f3r kolor\u00f3w u\u0142atwia idealne dopasowanie mebla do aran\u017cacji.<\/li><li data-section-id=\"r0zvz\" data-start=\"137\" data-end=\"253\">\ud83c\uddf5\ud83c\uddf1 <strong data-start=\"903\" data-end=\"929\">Polski producent mebli<\/strong> \u2013 solidne wykonanie i dba\u0142o\u015b\u0107 o ka\u017cdy detal.<\/li><li data-section-id=\"r0zvz\" data-start=\"137\" data-end=\"253\">\ud83d\udcb0 <strong data-start=\"982\" data-end=\"1019\">Wysoka jako\u015b\u0107 w atrakcyjnej cenie<\/strong> \u2013 trwa\u0142y i estetyczny mebel w bardzo korzystnym stosunku jako\u015bci do ceny.<br \/><section class=\"text-token-text-primary w-full focus:outline-none [--shadow-height:45px] has-data-writing-block:pointer-events-none has-data-writing-block:-mt-(--shadow-height) has-data-writing-block:pt-(--shadow-height) [&amp;:has([data-writing-block])&gt;*]:pointer-events-auto scroll-mt-(--header-height)\" dir=\"auto\" data-turn-id=\"5dcd6b3a-0d80-4ac7-b5e6-9136250924f0\" data-testid=\"conversation-turn-13\" data-scroll-anchor=\"false\" data-turn=\"user\"><\/section><\/li><\/ul><h3>Wymiary:<\/h3><ul><li><strong>Szeroko\u015b\u0107: mo\u017cemy wykona\u0107 dowolny rozmiar<\/strong><\/li><li><strong>G\u0142\u0119boko\u015b\u0107: 51cm<\/strong><\/li><li><strong>Wysoko\u015b\u0107 mebla: 83cm<\/strong><\/li><li><strong>Wysoko\u015b\u0107 siedziska: 50cm<\/strong><\/li><li><strong>G\u0142\u0119boko\u015b\u0107 siedziska: 44cm<\/strong><\/li><li><strong>Wysoko\u015b\u0107 n\u00f3\u017cek: 20cm<\/strong><\/li><\/ul><h4><strong>Produkujemy meble na wymiar z dba\u0142o\u015bci\u0105 o ka\u017cdy szczeg\u00f3\u0142.<\/strong><\/h4>\n\t\t\t\t\t<\/div>\n\t\t\t\t\t\t<\/div>\n\t\t\t\t<\/div>\n\t\t\t\t\t<\/div>\n\t\t\t\t<\/div>\n\t\t<div class=\"wd-negative-gap elementor-element elementor-element-b51a3cc e-flex e-con-boxed e-con e-parent\" data-id=\"b51a3cc\" data-element_type=\"container\" data-e-type=\"container\">\n\t\t\t\t\t<div class=\"e-con-inner\">\n\t\t\t\t\t<\/div>\n\t\t\t\t<\/div>\n\t\t\t\t<\/div>\n\t\t","protected":false},"excerpt":{"rendered":"<p>Noto &#8211;\u00a0 \u0142awka to idealne po\u0142\u0105czenie wygody, estetyki w prostym kszta\u0142cie i funkcjonalno\u015bci. Doskonale sprawdza si\u0119 w kuchni oraz jadalni<\/p>\n","protected":false},"featured_media":30598,"template":"","meta":[],"product_brand":[],"product_cat":[262],"product_tag":[],"class_list":{"0":"post-30597","1":"product","2":"type-product","3":"status-publish","4":"has-post-thumbnail","6":"product_cat-lawki-do-jadalni","8":"first","9":"instock","10":"taxable","11":"shipping-taxable","12":"purchasable","13":"product-type-simple"},"jetpack_sharing_enabled":true,"_links":{"self":[{"href":"https:\/\/www.jkg-meble.pl\/index.php\/wp-json\/wp\/v2\/product\/30597","targetHints":{"allow":["GET"]}}],"collection":[{"href":"https:\/\/www.jkg-meble.pl\/index.php\/wp-json\/wp\/v2\/product"}],"about":[{"href":"https:\/\/www.jkg-meble.pl\/index.php\/wp-json\/wp\/v2\/types\/product"}],"version-history":[{"count":7,"href":"https:\/\/www.jkg-meble.pl\/index.php\/wp-json\/wp\/v2\/product\/30597\/revisions"}],"predecessor-version":[{"id":30631,"href":"https:\/\/www.jkg-meble.pl\/index.php\/wp-json\/wp\/v2\/product\/30597\/revisions\/30631"}],"wp:featuredmedia":[{"embeddable":true,"href":"https:\/\/www.jkg-meble.pl\/index.php\/wp-json\/wp\/v2\/media\/30598"}],"wp:attachment":[{"href":"https:\/\/www.jkg-meble.pl\/index.php\/wp-json\/wp\/v2\/media?parent=30597"}],"wp:term":[{"taxonomy":"product_brand","embeddable":true,"href":"https:\/\/www.jkg-meble.pl\/index.php\/wp-json\/wp\/v2\/product_brand?post=30597"},{"taxonomy":"product_cat","embeddable":true,"href":"https:\/\/www.jkg-meble.pl\/index.php\/wp-json\/wp\/v2\/product_cat?post=30597"},{"taxonomy":"product_tag","embeddable":true,"href":"https:\/\/www.jkg-meble.pl\/index.php\/wp-json\/wp\/v2\/product_tag?post=30597"}],"curies":[{"name":"wp","href":"https:\/\/api.w.org\/{rel}","templated":true}]}}